{"id":2866,"date":"2026-03-08T18:27:22","date_gmt":"2026-03-08T16:27:22","guid":{"rendered":"https:\/\/eppd13.cz\/?page_id=2866"},"modified":"2026-03-08T18:27:22","modified_gmt":"2026-03-08T16:27:22","slug":"ambidexterity-strategy-in-the-transformation-of-political-institutions-under-conditions-of-uncertainty","status":"publish","type":"page","link":"https:\/\/eppd13.cz\/?page_id=2866","title":{"rendered":"Ambidexterity Strategy in the Transformation of Political Institutions Under Conditions of Uncertainty"},"content":{"rendered":"<p><strong>DOI: <\/strong><a href=\"https:\/\/doi.org\/10.46340\/eppd.2026.13.1.2\">10.46340\/eppd.2026.13.1.2<\/a><\/p>\n<p><strong>Olena Chaltseva, D.Sc. in Political Science<\/strong><br \/>\n<em>Vasyl Stus Donetsk National University<\/em><\/p>\n<p><a href=\"https:\/\/eppd13.cz\/wp-content\/uploads\/2026\/2026-13-1\/04.pdf\" target=\"_blank\" rel=\"noopener noreferrer\"><img loading=\"lazy\" decoding=\"async\" class=\"alignnone size-full wp-image-2167\" src=\"http:\/\/eppd13.cz\/wp-content\/uploads\/2024\/01\/icon72-pdf-eppd.png\" alt=\"\" width=\"72\" height=\"72\" data-id=\"2167\" \/><\/a><\/p>\n<p><strong><em>How to cite: <\/em><\/strong>Chaltseva, \u041e. (2026). Ambidexterity Strategy in the Transformation of Political Institutions Under Conditions of Uncertainty. <em>Evropsk\u00fd politick\u00fd a pr\u00e1vn\u00ed diskurz, 13, 1,<\/em> 23-29. <a href=\"https:\/\/doi.org\/10.46340\/eppd.2026.13.1.2\">https:\/\/doi.org\/10.46340\/eppd.2026.13.1.2<\/a><\/p>\n<p>&nbsp;<\/p>\n<p><strong>Abstract<\/strong><\/p>\n<p>The article examines the theoretical and methodological foundations of adapting political institutions to conditions of permanent turbulence and aggressive uncertainty. The relevance of the work is determined by the inability of traditional hierarchical models of political system management to respond effectively to the \u2018uncontrollably complex\u2019 and unpredictable challenges of modernity.<\/p>\n<p>The article applies a polyparadigmatic approach that synthesises the achievements of neo-institutionalism, adaptive governance theory, and \u00aborganisational ambidexterity\u00bb. The work analyses the phenomenon of path dependence and the emergence of \u00abinstitutional traps\u00bb that block the democratic development of the political system. Using the example of Central and Eastern European countries and Ukraine, the risks of democratic backsliding and imitative institutionalisation are demonstrated, where formal norms are not filled with real content due to weak political culture, external shocks, corruption, and other factors.<\/p>\n<p>Particular attention is paid to the Ukrainian context in the context of war, which is characterised by \u00abdouble institutionalisation\u00bb and the threat of further personalisation of power. As a mechanism for overcoming crises and \u00abdemocratic backsliding\u00bb, the concept of institutional ambidexterity is proposed as the ability of the political system to simultaneously combine the processes of \u00abexploitation\u00bb (using traditional existing procedures) and \u00abexploration\u00bb (introducing flexible innovations into management processes).<\/p>\n<p>It is concluded that institutional flexibility and the ability to adapt to a changing and unpredictable environment, based on shared democratic values and partnership with civil society, are the key to preserving the state&#8217;s subjectivity in the face of existential and utilitarian external threats and internal crises. The article hypothesises that a system built on the principles of ambidexterity is capable of effectively reforming (and even fighting) simultaneously, ensuring the transition from imitation to real quality in public policy.<\/p>\n<p><em><strong>Keywords:<\/strong><\/em> political institutions, adaptive governance, institutional traps, path dependence, ambidexterity, public policy, political system, transformation.<\/p>\n<p><strong>References<\/strong><\/p>\n<p style=\"padding-left: 40px;\">Chaltseva, O. M. (2024). Instytutsionalna nevyznachenist aktoriv publichnoi polityky. Ukrainskyi keis [Institutional Uncertainty of Public Policy Actors. Ukrainian Case]. <em>Public Networks and Communications<\/em>, <em>1<\/em>, 5-11. <a href=\"https:\/\/doi.org\/10.31558\/3083-5895.2024.1.1\">https:\/\/doi.org\/10.31558\/3083-5895.2024.1.1<\/a><\/p>\n<p style=\"padding-left: 40px;\">Chaltseva, O. M. (2017). <em>Publichna polityka: teoretychnyi vymir i suchasna praktyka<\/em> [Public Policy: Theoretical Extinction and Contemporary Practice]. Vinnytsia.<\/p>\n<p style=\"padding-left: 40px;\">Duncan, R. B. (1976). The Ambidextrous Organization: Designing dual structures for innovation.<br \/>\n<em>The Management of Organization Design, <\/em><em>1<\/em>, 167\u2013188.<\/p>\n<p style=\"padding-left: 40px;\">Gibson, C. B., &amp; Birkinshaw, J. (2004).\u00a0The Antecedents, Consequences, and Mediating Role of Organizational Ambidexterity.\u00a0<em>Academy of Management Journal<\/em>, <em>47<\/em><em>(<\/em><em>2<\/em><em>)<\/em>, 209\u2013226.\u00a0<a href=\"https:\/\/doi.org\/10.5465\/20159573\">https:\/\/doi.org\/10.5465\/20159573<\/a><\/p>\n<p style=\"padding-left: 40px;\">March, J. G. (1991). Exploration and Exploitation in Organizational Learning.\u00a0<em>Organization Science<\/em>, <em>2<\/em><em>(<\/em><em>1<\/em><em>)<\/em>, 71\u201387. <a href=\"https:\/\/doi.org\/10.1287\/orsc.2.1.71\">https:\/\/doi.org\/10.1287\/orsc.2.1.71<\/a><\/p>\n<p style=\"padding-left: 40px;\">O\u2019Reilly, C. A., &amp; Tushman, M. L. (2011). Organizational Ambidexterity in Action: How Managers Explore and\u00a0Exploit.\u00a0<em>California Management Review, <\/em><em>53(4)<\/em>, 5\u201321.<br \/>\n<a href=\"https:\/\/www.researchgate.net\/publication\/272552334_Organizational_Ambidexterity_in_Action_How_Managers_Explore_and_Exploit\">https:\/\/www.researchgate.net\/publication\/272552334_Organizational_Ambidexterity_in_Action_How_Managers_Explore_and_Exploit<\/a><\/p>\n<p style=\"padding-left: 40px;\">Zakaria, F. (2003). <em>The Future of Freedom: Illiberal Democracy at Home and Abroad<\/em><em>.<\/em><br \/>\n<a href=\"https:\/\/scispace.com\/pdf\/the-future-of-freedom-illiberal-democracy-at-home-and-abroad-kvar94cge3.pdf\">https:\/\/scispace.com\/pdf\/the-future-of-freedom-illiberal-democracy-at-home-and-abroad-kvar94cge3.pdf<\/a><\/p>\n","protected":false},"excerpt":{"rendered":"<p>DOI: 10.46340\/eppd.2026.13.1.2 Olena Chaltseva, D.Sc. in Political Science Vasyl Stus Donetsk National University How to cite: Chaltseva, \u041e. (2026). Ambidexterity Strategy in the Transformation of Political Institutions Under Conditions of Uncertainty. Evropsk\u00fd politick\u00fd a pr\u00e1vn\u00ed diskurz, 13, 1, 23-29. https:\/\/doi.org\/10.46340\/eppd.2026.13.1.2 &nbsp; Abstract The article examines the theoretical and methodological foundations&#8230; <a class=\"continue-reading-link\" href=\"https:\/\/eppd13.cz\/?page_id=2866\"> Continue reading <span class=\"meta-nav\">&rarr; <\/span><\/a><\/p>\n","protected":false},"author":1,"featured_media":0,"parent":2857,"menu_order":2,"comment_status":"closed","ping_status":"closed","template":"","meta":{"footnotes":""},"class_list":["post-2866","page","type-page","status-publish","hentry"],"_links":{"self":[{"href":"https:\/\/eppd13.cz\/index.php?rest_route=\/wp\/v2\/pages\/2866","targetHints":{"allow":["GET"]}}],"collection":[{"href":"https:\/\/eppd13.cz\/index.php?rest_route=\/wp\/v2\/pages"}],"about":[{"href":"https:\/\/eppd13.cz\/index.php?rest_route=\/wp\/v2\/types\/page"}],"author":[{"embeddable":true,"href":"https:\/\/eppd13.cz\/index.php?rest_route=\/wp\/v2\/users\/1"}],"replies":[{"embeddable":true,"href":"https:\/\/eppd13.cz\/index.php?rest_route=%2Fwp%2Fv2%2Fcomments&post=2866"}],"version-history":[{"count":1,"href":"https:\/\/eppd13.cz\/index.php?rest_route=\/wp\/v2\/pages\/2866\/revisions"}],"predecessor-version":[{"id":2867,"href":"https:\/\/eppd13.cz\/index.php?rest_route=\/wp\/v2\/pages\/2866\/revisions\/2867"}],"up":[{"embeddable":true,"href":"https:\/\/eppd13.cz\/index.php?rest_route=\/wp\/v2\/pages\/2857"}],"wp:attachment":[{"href":"https:\/\/eppd13.cz\/index.php?rest_route=%2Fwp%2Fv2%2Fmedia&parent=2866"}],"curies":[{"name":"wp","href":"https:\/\/api.w.org\/{rel}","templated":true}]}}