{"id":2810,"date":"2025-12-02T22:01:36","date_gmt":"2025-12-02T20:01:36","guid":{"rendered":"https:\/\/eppd13.cz\/?page_id=2810"},"modified":"2025-12-02T22:15:50","modified_gmt":"2025-12-02T20:15:50","slug":"politics-of-memory-in-east-asian-countries-between-postcolonial-trauma-state-nation-building-and-regional-controversies","status":"publish","type":"page","link":"https:\/\/eppd13.cz\/?page_id=2810","title":{"rendered":"Politics of Memory in East Asian Countries: Between Postcolonial Trauma, State Nation-Building, and Regional Controversies"},"content":{"rendered":"<p><strong>DOI: <\/strong><a href=\"https:\/\/doi.org\/10.46340\/eppd.2025.12.5.4\">10.46340\/eppd.2025.12.5.4<\/a><\/p>\n<p><strong>Mykyta Petrakov, PhD in Political Science<\/strong><br \/>\n<em>South Ukrainian National Pedagogical University named after Kostiantyn Dmytrovych Ushynsky<\/em><\/p>\n<p><a href=\"https:\/\/eppd13.cz\/wp-content\/uploads\/2025\/2025-12-5\/06.pdf\" target=\"_blank\" rel=\"noopener noreferrer\"><img loading=\"lazy\" decoding=\"async\" class=\"alignnone size-full wp-image-2167\" src=\"http:\/\/eppd13.cz\/wp-content\/uploads\/2024\/01\/icon72-pdf-eppd.png\" alt=\"\" width=\"72\" height=\"72\" data-id=\"2167\" \/><\/a><\/p>\n<p><strong><em>How to cite: <\/em><\/strong>Petrakov, M. (2025). Politics of Memory in East Asian Countries: Between Postcolonial Trauma, State Nation-Building, and Regional Controversies. <em>Evropsk\u00fd politick\u00fd a pr\u00e1vn\u00ed diskurz, 12, 5,<\/em> 52-56. <a href=\"https:\/\/doi.org\/10.46340\/eppd.2025.12.5.4\">https:\/\/doi.org\/10.46340\/eppd.2025.12.5.4<\/a><\/p>\n<p>&nbsp;<\/p>\n<p><strong>Abstract<\/strong><\/p>\n<p>In the contemporary world, memory politics has gained particular significance in East Asian countries, notably Japan, China, and India. It encompasses the memory of colonial pasts, wars, occupations, and decolonization processes, shaping national identity, state legitimacy, and foreign policy. The historical experiences of these countries differ: Japan \u2013 a former imperial state, China \u2013 a country subjected to imperial influence, and India \u2013 a postcolonial state developing its own national consciousness. Memorials, state rituals, and museums become key elements of memory politics, as well as instruments of \u2018memory diplomacy.\u2019<\/p>\n<p>Contemporary memory politics in China combines state institutions with material and non-material practices, forming an official narrative of victimhood under imperialism and national unity. In India, memory of the colonial past and the struggle for independence serves as a decolonial project, simultaneously integrating cultural diversity and religious heritage. Memory politics in Japan exists within a political discourse between nationalist and pacifist interpretations of the past, reflected in controversies over the Yasukuni Shrine and school textbooks.<\/p>\n<p>The study demonstrates that memory politics in East Asia serves as an important tool for state-building, fostering civic solidarity, and international positioning. It combines local, national, and transnational practices, enabling the construction of national identity, legitimization of power, and influence into regional relations. Three models of memorial politics in the region can be identified: the Japanese model \u2013 reconsideration of post-imperial responsibility; the Chinese model \u2013 a narrative of victimhood and revenge; the Indian model \u2013 a decolonial project of self-determination. Memory politics thus becomes a dynamic political resource, linking the past, present, and strategic state planning in a global context.<\/p>\n<p><em><strong>Keywords:<\/strong><\/em> memory politics, East Asia, Japan, China, India, postcolonial trauma, national identity, commemorations, memorials, memory diplomacy.<\/p>\n<p>&nbsp;<\/p>\n<p><strong>References<\/strong><\/p>\n<p style=\"padding-left: 40px;\">Abhinandan, N. (2021). China-India Contestations and the\u00a0Indo-Pacific Paradigm. <em>Centre on Asia and Globalisation, Lee Kuan Yew School of\u00a0Public Policy<\/em>. <a href=\"https:\/\/www.academia.edu\/50317437\/China_India_Contestations_and_the_Indo_Paci_c_Paradigm\">https:\/\/www.academia.edu\/50317437\/China_India_Contestations_and_the_Indo_Paci_c_Paradigm<\/a><\/p>\n<p style=\"padding-left: 40px;\">Anand, D. (2012). China and India: Postcolonial Informal Empires in\u00a0the\u00a0Emerging Global Order. <em>Rethinking Marxism, 24(1)<\/em>, 68-86. <a href=\"https:\/\/doi.org\/10.1080\/08935696.2012.635039\">https:\/\/doi.org\/10.1080\/08935696.2012.635039<\/a><\/p>\n<p style=\"padding-left: 40px;\">Anderson, B. (1991). <em>Imagined Communities: Reflections on the\u00a0Origin and Spread of\u00a0Nationalism (Revised Edition)<\/em>. London, New York: Verso.<\/p>\n<p style=\"padding-left: 40px;\">Anghie, A. (1999). Finding the\u00a0Peripheries: Sovereignty and Colonialism in\u00a0Nineteenth-Century International Law. <em>Harvard International Law Journal, 40(1)<\/em>, 1-80.<\/p>\n<p style=\"padding-left: 40px;\">Anghie, A. (2005). <em>Imperialism, Sovereignty and the\u00a0Making of\u00a0International Law.<\/em> Cambridge University Press.<\/p>\n<p style=\"padding-left: 40px;\">Anghie, A. (2011). <em>Imperialism, Sovereignty and the\u00a0Making of\u00a0International Law.<\/em> Taylor &amp; Francis.<\/p>\n<p style=\"padding-left: 40px;\">Ashplant, T. G., et al. (2013). <em>The Politics of\u00a0War Memory and Commemoration.<\/em> Routledge. <a href=\"https:\/\/doi.org\/10.4324\/9780415758451\">https:\/\/doi.org\/10.4324\/9780415758451<\/a><\/p>\n<p style=\"padding-left: 40px;\">Berger, T. U. (2012). <em>War Guilt and World Politics after World War II<\/em>. Cambridge University Press.<\/p>\n<p style=\"padding-left: 40px;\">Blackburn, K. (2010). War Memory and Nation-Building in\u00a0South East Asia. <em>South East Asia Research, 18(1)<\/em>, 5-31.<\/p>\n<p style=\"padding-left: 40px;\">Cabico, G. K. (2018). Gabriela Solons Seek Probe into Removal of\u00a0Comfort Woman Statue. <em>The Philippine Star<\/em>. <a href=\"https:\/\/www.philstar.com\/headlines\/2018\/05\/10\/1813942\/gabriela-solons-seek-probe-removal-comfort-woman-statue\">https:\/\/www.philstar.com\/headlines\/2018\/05\/10\/1813942\/gabriela-solons-seek-probe-removal-comfort-woman-statue<\/a><\/p>\n<p style=\"padding-left: 40px;\">Campbell, J. (2022). History, Memory, and Politics in\u00a0Postwar Japan. <em>International Affairs, 98(5)<\/em>, 1837-1838. <a href=\"https:\/\/doi.org\/10.1093\/ia\/iiac155\">https:\/\/doi.org\/10.1093\/ia\/iiac155<\/a><\/p>\n<p style=\"padding-left: 40px;\">Candelaria, J. L. (2023). The Politics of\u00a0Asia-Pacific War Memorialization in\u00a0Thailand\u2019s Victory Monument and\u00a0the\u00a0Philippines\u2019 Shrine of\u00a0Valor. <em>The Asia-Pacific Journal: Japan Focus.<\/em> <a href=\"https:\/\/apjjf.org\/2023\/10\/candelaria\">https:\/\/apjjf.org\/2023\/10\/candelaria<\/a><\/p>\n<p style=\"padding-left: 40px;\">Chacko, P. (2008). Indian Foreign Policy and the\u00a0Ambivalence of\u00a0Postcolonial Modernity. <em>PhD Dissertation<\/em>. University of\u00a0Adelaide).<\/p>\n<p style=\"padding-left: 40px;\">Das, M. (2014). Postcolonial Dilemma: India\u2019s Foreign Policy Towards Tibetan Liberation Movement and Implications for India-China Relations. <em>Paper presented at the\u00a0Fourth Interdisciplinary Symposium for Emerging Scholars, India China Institute.<\/em> New York, NY: The New School.<\/p>\n<p style=\"padding-left: 40px;\">Davis, E. (1994). The Museum and the\u00a0Politics of\u00a0Social Control in\u00a0Modern Iraq. In: J. R. Gillis (ed.) <em>Commemorations: The Politics of\u00a0National Identity<\/em>. Princeton University Press, 90-104.<\/p>\n<p style=\"padding-left: 40px;\">Foote, K. E., &amp; Azaryahu, M. (2007). Toward a\u00a0Geography of\u00a0Memory: Geographical Dimensions of\u00a0Public Memory and Commemoration. <em>Journal of\u00a0Political and Military Sociology, 35(1)<\/em>, 125-144.<\/p>\n<p style=\"padding-left: 40px;\">Gluck, C. (2022). National Pasts as\u00a0Political Presents: War Memory in\u00a0East Asia. In: H. L. Roediger III &amp; J.\u00a0V.\u00a0Wertsch (eds.) <em>National Memories: Constructing Identity in\u00a0Populist Times<\/em>. Oxford University Press, 280-299. <a href=\"https:\/\/doi.org\/10.1093\/oso\/9780197568705.003.0014\">https:\/\/doi.org\/10.1093\/oso\/9780197568705.003.0014<\/a><\/p>\n<p style=\"padding-left: 40px;\">Gupta, S. (2011). <em>When Sleeping Giants Awaken: China and India in\u00a0the\u00a0New World Order.<\/em> Palgrave Macmillan.<\/p>\n<p style=\"padding-left: 40px;\">Hayase, S. (2007). <em>A Walk Through War Memories in\u00a0Southeast Asia.<\/em> New Day Publishers.<\/p>\n<p style=\"padding-left: 40px;\">Hobson, J. M. (2004). <em>The Eastern Origins of\u00a0Western Civilization<\/em>. Cambridge University Press.<\/p>\n<p style=\"padding-left: 40px;\">Iokibe, K., et al. (eds.) (2020). <em>History, Memory, and Politics in\u00a0Postwar Japan.<\/em> Lynne Rienner Publishers.<\/p>\n<p style=\"padding-left: 40px;\">Juutinen, M. (n.d.). <em>Is there any Reason for India and China to Cooperate in\u00a0South Asia? Conceptualizing Foreign Policy Analysis with Non-Western Characteristics<\/em>. <a href=\"https:\/\/www.academia.edu\/34770528\">https:\/\/www.academia.edu\/34770528<\/a><\/p>\n<p style=\"padding-left: 40px;\">Kansteiner, W. (2002). Finding Meaning in\u00a0Memory: A Methodological Critique of\u00a0Collective Memory Studies. <em>History and Theory, 41(2)<\/em>, 179-197.<\/p>\n<p style=\"padding-left: 40px;\">Kingston, J. (2017). The Politics of\u00a0Yasukuni Shrine and War Memory. In: S. Tsutsui &amp; A. Y. H. Lim (eds.), <em>Routledge Handbook of\u00a0Modern Japanese History<\/em>. Routledge. 1-15.<\/p>\n<p style=\"padding-left: 40px;\">Kyodo News (2018). Japan Voices Regret to Duterte Over \u2018Comfort Women\u2019 Statue. <em>ABS-CBN News<\/em>. <a href=\"https:\/\/news.abs-cbn.com\/news\/01\/10\/18\/japan-voices-regret-to-duterte-over-comfort-women-statue\">https:\/\/news.abs-cbn.com\/news\/01\/10\/18\/japan-voices-regret-to-duterte-over-comfort-women-statue<\/a><\/p>\n<p style=\"padding-left: 40px;\">Lunn, K. (2007). War Memorialization and Public Heritage in\u00a0Southeast Asia: Some Case Studies and Comparative Reflections. <em>International Journal of\u00a0Heritage Studies, 13(1)<\/em>, 81-95.<\/p>\n<p style=\"padding-left: 40px;\">Mayer, M., &amp; Pawlik, K. (2023). Politics of\u00a0Memory, Heritage, and Diversity in\u00a0Modern China. <em>Journal of\u00a0Current Chinese Affairs, 52(2)<\/em>, 139-162. <a href=\"https:\/\/doi.org\/10.1177\/18681026231204890\">https:\/\/doi.org\/10.1177\/18681026231204890<\/a><\/p>\n<p style=\"padding-left: 40px;\">Morley, D., &amp; Robins, K. (1995). <em>Spaces of\u00a0Identity: Global Media, Electronic Landscapes, and Cultural Boundaries.<\/em> Routledge.<\/p>\n<p style=\"padding-left: 40px;\">Mullins, M. R. (2022). Public Intellectuals, Neonationalism, and the\u00a0Politics of\u00a0Yasukuni Shrine. In: S. Saaler &amp; J.\u00a0Aukema (eds.) <em>The Politics of\u00a0Memory in\u00a0Japan and East Asia<\/em>. <em>Asia-Pacific Journal: Japan Focus, Sophia University<\/em>, 145-160.<\/p>\n<p style=\"padding-left: 40px;\">Noobanjong, K. (2011). The Victory Monument: The Politics of\u00a0Representations of\u00a0Thai Identity and Colonial Discourse in\u00a0Built Forms. <em>Journal of\u00a0Architectural\/Planning Research Studies, 8(1)<\/em>, 55-74.<\/p>\n<p style=\"padding-left: 40px;\">Pal, D. (2019). Refracted Images: India\u2019s Self-Image and the\u00a0Influence of\u00a0China on Indian Foreign Policy (1950-1975). <em>PhD dissertation<\/em>. University of\u00a0Washington.<br \/>\n<a href=\"https:\/\/digital.lib.washington.edu\/researchworks\/items\/6e5b9040-49b1-4ae5-a5dd-d6edcf511758\">https:\/\/digital.lib.washington.edu\/researchworks\/items\/6e5b9040-49b1-4ae5-a5dd-d6edcf511758<\/a><\/p>\n<p style=\"padding-left: 40px;\">Przychodniak, M. (2018). The Main Goals of\u00a0China\u2019s Politics of\u00a0Memory. <em>Polish Institute of\u00a0International Affairs, 115<\/em>. <a href=\"https:\/\/pism.pl\/publications\/The_Main_Goals_of_China_s_Politics_of_Memory\">https:\/\/pism.pl\/publications\/The_Main_Goals_of_China_s_Politics_of_Memory<\/a><\/p>\n<p style=\"padding-left: 40px;\">Raymond, G. V. (2018). Mnemonic Hegemony, Spatial Hierarchy and Thailand\u2019s Official Commemoration of\u00a0the\u00a0Second World War. <em>South East Asia Research, 26(2)<\/em>, 176-193. <a href=\"https:\/\/doi.org\/10.1177\/0967828X18773607\">https:\/\/doi.org\/10.1177\/0967828X18773607<\/a><\/p>\n<p style=\"padding-left: 40px;\">Reynolds, E. B. (1990). The Wartime Legacy in\u00a0Thai-Japanese Relations. <em>Journal of\u00a0Southeast Asian Studies, 21(1)<\/em>, 66-87.<\/p>\n<p style=\"padding-left: 40px;\">Rusneac, C. (2022). Building Transnational Memories at Japanese War and Colonial Cemeteries. <em>The Asia-Pacific Journal, 20(10)<\/em>, 1-15.<\/p>\n<p style=\"padding-left: 40px;\">Ryckmans, P. (1986). The Chinese Attitude Towards the\u00a0Past. <em>China Heritage Quarterly<\/em>. <a href=\"http:\/\/www.chinaheritagequarterly.org\/articles.php?issue=014\">http:\/\/www.chinaheritagequarterly.org\/articles.php?issue=014<\/a><\/p>\n<p style=\"padding-left: 40px;\">Saaler, S., &amp; Aukema, J. (eds.). (2013). The Politics of\u00a0Memory in\u00a0Japan and East Asia. <em>Asia-Pacific Journal: Japan Focus<\/em>. Sophia University.<\/p>\n<p style=\"padding-left: 40px;\">Saito, H. (2017). The History Problem: The Politics of\u00a0War Commemoration in\u00a0East Asia. <em>University of\u00a0Hawai\u2018i Press<\/em>. <a href=\"https:\/\/doi.org\/10.1515\/9780824856976\">https:\/\/doi.org\/10.1515\/9780824856976<\/a><\/p>\n<p style=\"padding-left: 40px;\">Schumacher, D. (2015). Asia\u2019s Boom of\u00a0Difficult Memories: Remembering World War Two across East and Southeast Asia. <em>History Compass, 13(11)<\/em>, 560-577. <a href=\"https:\/\/doi.org\/10.1111\/hic3.12282\">https:\/\/doi.org\/10.1111\/hic3.12282<\/a><\/p>\n<p style=\"padding-left: 40px;\">Selden, M. (2013). Japan, the\u00a0United States and Yasukuni Nationalism: War, Historical Memory and the\u00a0Future of\u00a0the\u00a0Asia Pacific. In: S. Saaler &amp; J. Aukema (Eds.) <em>The Politics of\u00a0Memory in\u00a0Japan and East Asia. Asia-Pacific<\/em><em> Journal: Japan Focus<\/em>. Sophia University, 369-393.<\/p>\n<p style=\"padding-left: 40px;\">Shin, G.-W., &amp; Sneider, D. (2016). <em>Divergent Memories: Opinion Leaders and the\u00a0Asia-Pacific War.<\/em> Stanford University Press.<\/p>\n<p style=\"padding-left: 40px;\">Suzuki, S. (2004). China\u2019s Perceptions of\u00a0International Society in\u00a0the\u00a0Nineteenth Century. <em>Asian Perspective, 28(3),<\/em> 95-123.<\/p>\n<p style=\"padding-left: 40px;\">Suzuki, S. (2005). Japan\u2019s Socialization into Janus-Faced European International Society. <em>European Journal of\u00a0International Relations, 11(1)<\/em>, 37-65.<\/p>\n<p style=\"padding-left: 40px;\">Suzuki, S. (2009). <em>Civilization and Empire: China and Japan\u2019s Encounter with European International Society.<\/em> Routledge.<\/p>\n<p style=\"padding-left: 40px;\">Takenaka, A. (2017). <em>Yasukuni Shrine: History, Memory, and Japan\u2019s Unending Postwar<\/em>. University of\u00a0Hawai\u2018i Press.<\/p>\n<p style=\"padding-left: 40px;\">Van Kemenade, W. (2006). China and Japan: Partners or Permanent Rivals? Netherlands Institute<br \/>\nof\u00a0International Relations \u201cClingendael\u201d.<br \/>\n<a href=\"https:\/\/www.clingendael.org\/sites\/default\/files\/2016-02\/200611_cdsp_paper_kemenade.pdf\">https:\/\/www.clingendael.org\/sites\/default\/files\/2016-02\/200611_cdsp_paper_kemenade.pdf<\/a><\/p>\n<p style=\"padding-left: 40px;\">Winter, J., &amp; Sivan, E. (1999). Setting the\u00a0Framework. In: J. Winter &amp; E. Sivan (eds.) <em>War and Remembrance in\u00a0the\u00a0Twentieth Century<\/em>. Cambridge University Press, 6-39.<\/p>\n<p style=\"padding-left: 40px;\">Yang, C. (2018). <em>World War II Legacies in\u00a0East Asia: China Remembers the\u00a0War.<\/em> Routledge.<\/p>\n<p style=\"padding-left: 40px;\">Zhao, S. (1998). A State-Led Nationalism: The Patriotic Education Campaign in\u00a0Post-Tiananmen China. <em>Communist and Post-Communist Studies, 31(3)<\/em>, 287-302.<\/p>\n","protected":false},"excerpt":{"rendered":"<p>DOI: 10.46340\/eppd.2025.12.5.4 Mykyta Petrakov, PhD in Political Science South Ukrainian National Pedagogical University named after Kostiantyn Dmytrovych Ushynsky How to cite: Petrakov, M. (2025). Politics of Memory in East Asian Countries: Between Postcolonial Trauma, State Nation-Building, and Regional Controversies. Evropsk\u00fd politick\u00fd a pr\u00e1vn\u00ed diskurz, 12, 5, 52-56. https:\/\/doi.org\/10.46340\/eppd.2025.12.5.4 &nbsp; Abstract&#8230; <a class=\"continue-reading-link\" href=\"https:\/\/eppd13.cz\/?page_id=2810\"> Continue reading <span class=\"meta-nav\">&rarr; <\/span><\/a><\/p>\n","protected":false},"author":1,"featured_media":0,"parent":2785,"menu_order":4,"comment_status":"closed","ping_status":"closed","template":"","meta":{"footnotes":""},"class_list":["post-2810","page","type-page","status-publish","hentry"],"_links":{"self":[{"href":"https:\/\/eppd13.cz\/index.php?rest_route=\/wp\/v2\/pages\/2810","targetHints":{"allow":["GET"]}}],"collection":[{"href":"https:\/\/eppd13.cz\/index.php?rest_route=\/wp\/v2\/pages"}],"about":[{"href":"https:\/\/eppd13.cz\/index.php?rest_route=\/wp\/v2\/types\/page"}],"author":[{"embeddable":true,"href":"https:\/\/eppd13.cz\/index.php?rest_route=\/wp\/v2\/users\/1"}],"replies":[{"embeddable":true,"href":"https:\/\/eppd13.cz\/index.php?rest_route=%2Fwp%2Fv2%2Fcomments&post=2810"}],"version-history":[{"count":1,"href":"https:\/\/eppd13.cz\/index.php?rest_route=\/wp\/v2\/pages\/2810\/revisions"}],"predecessor-version":[{"id":2811,"href":"https:\/\/eppd13.cz\/index.php?rest_route=\/wp\/v2\/pages\/2810\/revisions\/2811"}],"up":[{"embeddable":true,"href":"https:\/\/eppd13.cz\/index.php?rest_route=\/wp\/v2\/pages\/2785"}],"wp:attachment":[{"href":"https:\/\/eppd13.cz\/index.php?rest_route=%2Fwp%2Fv2%2Fmedia&parent=2810"}],"curies":[{"name":"wp","href":"https:\/\/api.w.org\/{rel}","templated":true}]}}