{"id":2795,"date":"2025-12-02T21:50:22","date_gmt":"2025-12-02T19:50:22","guid":{"rendered":"https:\/\/eppd13.cz\/?page_id=2795"},"modified":"2025-12-02T21:50:22","modified_gmt":"2025-12-02T19:50:22","slug":"forecasting-political-risks-modern-models-and-their-efficiency-in-the-conditions-of-black-swans","status":"publish","type":"page","link":"https:\/\/eppd13.cz\/?page_id=2795","title":{"rendered":"Forecasting Political Risks: Modern Models and their Efficiency in the Conditions of &#8220;Black Swans&#8221;"},"content":{"rendered":"<p><strong>DOI: <\/strong><a href=\"https:\/\/doi.org\/10.46340\/eppd.2025.12.5.2\">10.46340\/eppd.2025.12.5.2<\/a><\/p>\n<p><strong>Svitlana Naumkina, DSc in Political science<\/strong><br \/>\n<em>South Ukrainian National Pedagogical University named after K. D. Ushynsky, Odessa, Ukraine<\/em><br \/>\n<strong>Tetiana Kamenchuk, PhD in Political Science<\/strong><br \/>\n<em>South Ukrainian National Pedagogical University named after K. D. Ushynsky, Odessa, Ukraine<\/em><\/p>\n<p><a href=\"https:\/\/eppd13.cz\/wp-content\/uploads\/2025\/2025-12-5\/04.pdf\" target=\"_blank\" rel=\"noopener noreferrer\"><img loading=\"lazy\" decoding=\"async\" class=\"alignnone size-full wp-image-2167\" src=\"http:\/\/eppd13.cz\/wp-content\/uploads\/2024\/01\/icon72-pdf-eppd.png\" alt=\"\" width=\"72\" height=\"72\" data-id=\"2167\" \/><\/a><\/p>\n<p><strong><em>How to cite: <\/em><\/strong>Naumkina, S., &amp; Kamenchuk, T. (2025). Forecasting Political Risks: Modern Models and their Efficiency in the Conditions of &#8220;Black Swans&#8221;. <em>Evropsk\u00fd politick\u00fd a pr\u00e1vn\u00ed diskurz, 12, 5,<\/em> 44-47. <a href=\"https:\/\/doi.org\/10.46340\/eppd.2025.12.5.2\">https:\/\/doi.org\/10.46340\/eppd.2025.12.5.2<\/a><\/p>\n<p>&nbsp;<\/p>\n<p><strong>Abstract<\/strong><\/p>\n<p>The article is devoted to a critical analysis of modern methods for forecasting political risks and their ability to adapt to conditions of high uncertainty, particularly to the emergence of &#8220;black swan&#8221; events. The aim of the study is to identify the limitations of traditional quantitative and qualitative models of political risk analysis and to systematize the latest approaches aimed at enhancing the resilience of political and socio-economic systems. The methodology is based on a systems approach, comparative analysis, and principles of complexity theory. The article reveals the essence of N. N. Taleb&#8217;s &#8220;black swan&#8221; concept and substantiates its relevance for contemporary political analytics. The key shortcomings of classical models are analyzed, highlighting their excessive reliance on historical data and extrapolation of past trends, which makes them vulnerable to unprecedented events. Four groups of modern adaptive approaches are examined: scenario planning, agent-based modeling (ABM), the use of big data and artificial intelligence (AI), and the paradigm shift from forecasting to building antifragility. It is established that scenario planning allows for preparation for multiple future outcomes, ABM helps understand the nonlinear dynamics of complex systems, and big data analysis can identify hidden patterns and weak signals. The conclusion is drawn that in the current environment, the focus of political risk analysis is shifting from attempts to accurately predict specific events to building adaptive and resilient systems (resilience and antifragility) capable of withstanding unpredictable shocks and even benefiting from them.<\/p>\n<p><em><strong>Keywords:<\/strong><\/em> political risks, forecasting, \u00abblack swan\u00bb, uncertainty, modeling, scenario planning, big data, antifragility, political riskology, political process, political power, state, political space, mass media, digital technologies, artificial intelligence, social networks, political changes.<\/p>\n<p>&nbsp;<\/p>\n<p><strong>References<\/strong><\/p>\n<p style=\"padding-left: 40px;\">Vasylenko, S. D. (2022). <em>Kontseptsiya rezylyentnosti v teoriyi natsionalnoyi bezpeky: suchasni pidkhody<\/em> [The\u00a0Concept of\u00a0Resilience in\u00a0the\u00a0Theory of\u00a0National Security: Modern Approaches]. <em>Stratehichni priorytety. Seriya: Polityka<\/em> [Strategic Priorities. Series: Politics], <em>1 (15)<\/em>, 55-64. [in Ukrainian].<\/p>\n<p style=\"padding-left: 40px;\">Hoshovska, V. A. (2021). Politychni ryzyky v umovakh hibrydnykh zahroz: ukrayinskyy vymir [Political Risks in\u00a0the\u00a0Context of\u00a0Hybrid Threats: the\u00a0Ukrainian Dimension]. <em>Visnyk Natsionalnoyi akademiyi derzhavnoho upravlinnya pry Prezydentovi Ukrayiny<\/em> [Bulletin of\u00a0the\u00a0National Academy of\u00a0Public Administration under the\u00a0President of\u00a0Ukraine], <em>4<\/em>, 25-33. [in Ukrainian].<\/p>\n<p style=\"padding-left: 40px;\">Kovalenko, I. V. (2023). Stsenarne planuvannya yak instrument stratehichnoho analizu v systemi derzhavnoho upravlinnya [Scenario Planning as\u00a0a\u00a0Tool of\u00a0Strategic Analysis in\u00a0the\u00a0System of\u00a0Public Administration]. <em>Derzhavne upravlinnya: teoriya ta praktyka<\/em> [Public Administration: Theory and Practice], <em>2<\/em>, 108-117. [in\u00a0Ukrainian].<\/p>\n<p style=\"padding-left: 40px;\">Melnyk, O. P. (2022). Kohnityvni uperedzhennya v ekspertnomu prohnozuvanni politychnykh protsesiv [Cognitive Biases in\u00a0Expert Forecasting of\u00a0Political Processes]. <em>Politychnyy menedzhment<\/em> [Political Management, <em>3<\/em>, 88-97. [in Ukrainian].<\/p>\n<p style=\"padding-left: 40px;\">Petrenko, V. S. (2023). Ahent-oriyentovane modelyuvannya sotsial\u02b9nykh konfliktiv: metodolohichnyy potentsial [Agent-Oriented Modeling of\u00a0Social Conflicts: Methodological Potential]. <em>Sotsiolohiya: teoriya, metody, marketynh<\/em> [Sociology: Theory, Methods, Marketing], <em>1<\/em>, 75-85. [in Ukrainian].<\/p>\n<p style=\"padding-left: 40px;\">Reznikova, O. V. (2021). Hlobalni ryzyky ta yikhniy vplyv na zovnishnyu polityku Ukrayiny [Global Risks and their Impact on Ukraine&#8217;s Foreign Policy]. <em>Aktualni problemy mizhnarodnykh vidnosyn<\/em> [Current Problems of\u00a0International Relations], <em>130<\/em>, 15-24. [in Ukrainian].<\/p>\n<p style=\"padding-left: 40px;\">Tkachenko, V. I. (2022). Statystychni modeli v politychniy analitytsi: mozhlyvosti ta obmezhennya. Statystyka Ukrayiny [Statistical Models in\u00a0Political Analytics: Possibilities and Limitations]. <em>Statystyka Ukrayiny<\/em> [Statistics of\u00a0Ukraine], <em>4<\/em>, 42-50. [in Ukrainian].<\/p>\n<p style=\"padding-left: 40px;\">Shevchenko, M. A. (2023). Vykorystannya Big Data dlya monitorynhu ta prohnozuvannya politychnoyi stabilnosti [Using Big Data for Monitoring and Forecasting Political Stability]. <em>Informatsiya i pravo <\/em>[Information and Law], <em>3 (38)<\/em>, 30-39. [in Ukrainian].<\/p>\n<p style=\"padding-left: 40px;\">Bremmer, I. (2022). <em>The Power of\u00a0Crisis: How Three Threats\u00a0\u2013 and Our Response\u00a0\u2013 Will Change the\u00a0World<\/em>. Simon &amp; Schuster.<\/p>\n<p style=\"padding-left: 40px;\">Gilbert, N. (2021). <em>Agent-Based Models<\/em>. SAGE Publications.<\/p>\n<p style=\"padding-left: 40px;\">Goldin, I. (2021). <em>The Butterfly Defect: How Globalization Creates Systemic Risks, and What to Do About It<\/em>. Princeton University Press.<\/p>\n<p style=\"padding-left: 40px;\">Taleb, N. N. (2021). <em>The Black Swan: The Impact of\u00a0the\u00a0Highly Improbable<\/em>. Random House.<\/p>\n<p style=\"padding-left: 40px;\">Taleb, N. N. (2022). <em>Antifragile: Things That Gain from Disorder<\/em>. Penguin Books.<\/p>\n","protected":false},"excerpt":{"rendered":"<p>DOI: 10.46340\/eppd.2025.12.5.2 Svitlana Naumkina, DSc in Political science South Ukrainian National Pedagogical University named after K. D. Ushynsky, Odessa, Ukraine Tetiana Kamenchuk, PhD in Political Science South Ukrainian National Pedagogical University named after K. D. Ushynsky, Odessa, Ukraine How to cite: Naumkina, S., &amp; Kamenchuk, T. (2025). Forecasting Political Risks:&#8230; <a class=\"continue-reading-link\" href=\"https:\/\/eppd13.cz\/?page_id=2795\"> Continue reading <span class=\"meta-nav\">&rarr; <\/span><\/a><\/p>\n","protected":false},"author":1,"featured_media":0,"parent":2785,"menu_order":2,"comment_status":"closed","ping_status":"closed","template":"","meta":{"footnotes":""},"class_list":["post-2795","page","type-page","status-publish","hentry"],"_links":{"self":[{"href":"https:\/\/eppd13.cz\/index.php?rest_route=\/wp\/v2\/pages\/2795","targetHints":{"allow":["GET"]}}],"collection":[{"href":"https:\/\/eppd13.cz\/index.php?rest_route=\/wp\/v2\/pages"}],"about":[{"href":"https:\/\/eppd13.cz\/index.php?rest_route=\/wp\/v2\/types\/page"}],"author":[{"embeddable":true,"href":"https:\/\/eppd13.cz\/index.php?rest_route=\/wp\/v2\/users\/1"}],"replies":[{"embeddable":true,"href":"https:\/\/eppd13.cz\/index.php?rest_route=%2Fwp%2Fv2%2Fcomments&post=2795"}],"version-history":[{"count":1,"href":"https:\/\/eppd13.cz\/index.php?rest_route=\/wp\/v2\/pages\/2795\/revisions"}],"predecessor-version":[{"id":2796,"href":"https:\/\/eppd13.cz\/index.php?rest_route=\/wp\/v2\/pages\/2795\/revisions\/2796"}],"up":[{"embeddable":true,"href":"https:\/\/eppd13.cz\/index.php?rest_route=\/wp\/v2\/pages\/2785"}],"wp:attachment":[{"href":"https:\/\/eppd13.cz\/index.php?rest_route=%2Fwp%2Fv2%2Fmedia&parent=2795"}],"curies":[{"name":"wp","href":"https:\/\/api.w.org\/{rel}","templated":true}]}}