{"id":2695,"date":"2025-07-06T20:19:51","date_gmt":"2025-07-06T17:19:51","guid":{"rendered":"https:\/\/eppd13.cz\/?page_id=2695"},"modified":"2025-07-06T20:38:41","modified_gmt":"2025-07-06T17:38:41","slug":"elimination-of-political-dualism-to-establish-parliamentary-democracy-in-ukraine","status":"publish","type":"page","link":"https:\/\/eppd13.cz\/?page_id=2695","title":{"rendered":"Elimination of Political Dualism to Establish Parliamentary Democracy in Ukraine"},"content":{"rendered":"<p><strong>DOI: <\/strong><a href=\"https:\/\/doi.org\/10.46340\/eppd.2025.12.3.5\">10.46340\/eppd.2025.12.3.5<\/a><\/p>\n<p><strong>Yuriy Maslov, D.Sc. in Political Science, Honored Economist of Ukraine<\/strong><br \/>\n<em>Odesa National University of Economics, Ukraine<\/em><\/p>\n<p><a href=\"https:\/\/eppd13.cz\/wp-content\/uploads\/2025\/2025-12-3\/07.pdf\" target=\"_blank\" rel=\"noopener noreferrer\"><img loading=\"lazy\" decoding=\"async\" class=\"alignnone size-full wp-image-2167\" src=\"http:\/\/eppd13.cz\/wp-content\/uploads\/2024\/01\/icon72-pdf-eppd.png\" alt=\"\" width=\"72\" height=\"72\" data-id=\"2167\" \/><\/a><\/p>\n<p><strong><em>How to cite: <\/em><\/strong>Maslov, Yu. (2025). Elimination of Political Dualism to Establish Parliamentary Democracy in Ukraine. <em>Evropsk\u00fd politick\u00fd a pr\u00e1vn\u00ed diskurz, 12, 3,<\/em> 53-65. <a href=\"https:\/\/doi.org\/10.46340\/eppd.2025.12.3.5\">https:\/\/doi.org\/10.46340\/eppd.2025.12.3.5<\/a><\/p>\n<p>&nbsp;<\/p>\n<p><strong>Abstract<\/strong><\/p>\n<p>Ukraine\u2019s political system, operating under a semi-presidential model, is marked by pronounced political dualism: the blurred division of powers between the president and the prime minister leads to persistent conflicts, fosters corruption, and contributes to political instability, the excessive concentration of power, and the lack of effective oversight and impeachment mechanisms, while the imbalance of constitutional provisions lead to frequent institutional crises and divisions among branches of government. A parliamentary democracy may represent the optimal form of governance for Ukraine, offering greater accountability, stability, and a reduction in corruption. A constitutional reform that limits presidential powers and designates the prime minister as the head of government accountable to parliament is essential for eliminating political dualism. Such changes will contribute to effective governance and the democratic development of Ukraine in the face of contemporary challenges. This article examines the issue of political dualism under the semi-presidential system in Ukraine and argues for the necessity of transitioning to a rationalized parliamentary system. It analyzes the historical stages of the development of Ukraine\u2019s constitutional model, identifying its weaknesses, particularly the excessive concentration of executive powers in the hands of the President. The author conducts a comparative legal analysis of governance models in France, Germany, Slovenia, and Austria, and presents empirical data from the Worldwide Governance Indicators (WGI), which demonstrate the advantages of parliamentary republics in ensuring checks and balances, accountability, and institutional capacity. The article proposes three scenarios for the development of the form of government in Ukraine, identifying rationalized parliamentarism as the optimal model capable of ensuring both democratic oversight and effective public administration in the post-war period.<\/p>\n<p><em><strong>Keywords:<\/strong> <\/em>parliamentary democracy, political dualism, constitutional reform, semi-presidential system, government accountability, parliamentary oversight, democratization, rationalized parliamentarism.<\/p>\n<p>&nbsp;<\/p>\n<p><strong>References<\/strong><\/p>\n<p style=\"padding-left: 40px;\">Bardutzky, S., &amp; Zagorc, S. (2020). Slovenia\u00a0\u2013 Second Wave of\u00a0Challenges to Constitutionalism. <em>Verfassungsblog <\/em>[Constitutional Blog]<em>.<\/em> <a href=\"https:\/\/verfassungsblog.de\/slovenia-second-wave-of-challenges-to-constitutionalism\/\">https:\/\/verfassungsblog.de\/slovenia-second-wave-of-challenges-to-constitutionalism\/<\/a><\/p>\n<p style=\"padding-left: 40px;\">ERV (n.d.). <em>Bundes-Verfassungsgesetz (B-VG) <\/em>[Federal Constitutional Law (B-VG)]. <a href=\"https:\/\/www.ris.bka.gv.at\/Dokumente\/Erv\/ERV_1930_1\/ERV_1930_1.pdf\">https:\/\/www.ris.bka.gv.at\/Dokumente\/Erv\/ERV_1930_1\/ERV_1930_1.pdf<\/a><\/p>\n<p style=\"padding-left: 40px;\">Cheibub, J. A. (2007). <em>Presidentialism, Parliamentarism, and Democracy<\/em>. Cambridge University Press.<\/p>\n<p style=\"padding-left: 40px;\">Chudnovskyi Yu., et al. (2020). <em>Novaja arhitektura chelovechestva<\/em> [New Architecture of\u00a0Humanity]. Kyiv. [in\u00a0Russian].<\/p>\n<p style=\"padding-left: 40px;\">Constitutional Court of\u00a0Ukraine (2010). <em>Rishennia u spravi za konstytutsiinym podanniam 252 narodnykh deputativ Ukrainy shchodo vidpovidnosti Konstytutsii Ukrainy (konstytutsiinosti) Zakonu Ukrainy \u201cPro\u00a0vnesennia zmin do Konstytutsii Ukrainy\u201d (sprava pro doderzhannia protsedury vnesennia zmin do\u00a0Konstytutsii Ukrainy) <\/em>[Decision in\u00a0the\u00a0Case Based on the\u00a0Constitutional Submission of\u00a0252 Peoples Deputies of\u00a0Ukraine Regarding the\u00a0Conformity with the\u00a0Constitution of\u00a0Ukraine (Constitutionality) of\u00a0the\u00a0Law of\u00a0Ukraine &#8220;On\u00a0Amendments to the\u00a0Constitution of\u00a0Ukraine&#8221; (Case on Compliance with the\u00a0Procedure for Amending the\u00a0Constitution of\u00a0Ukraine)]. <a href=\"https:\/\/zakon.rada.gov.ua\/laws\/show\/v020p710-10#Text\">https:\/\/zakon.rada.gov.ua\/laws\/show\/v020p710-10#Text<\/a> [in Ukrainian].<\/p>\n<p style=\"padding-left: 40px;\">Constitutional Court of\u00a0Ukraine (2020). <em>Okrema dumka suddi Konstytutsiinoho Sudu Ukrainy Kolisnyka V.P. stosovno Rishennia Konstytutsiinoho Sudu Ukrainy u spravi za konstytutsiinym podanniam 50 narodnykh deputativ Ukrainy shchodo vidpovidnosti Konstytutsii Ukrainy (konstytutsiinosti) okremykh polozhen Zakonu Ukrainy \u00abPro Natsionalne antykoruptsiine biuro Ukrainy\u00bb<\/em> [Separate Opinion of\u00a0the\u00a0Judge of\u00a0the\u00a0Constitutional Court of\u00a0Ukraine Kolisnyk V.P. Regarding the\u00a0Decision of\u00a0the\u00a0Constitutional Court of\u00a0Ukraine in\u00a0the\u00a0Case Based on the\u00a0Constitutional Submission of\u00a050 Peoples Deputies of\u00a0Ukraine Regarding the\u00a0Conformity with the\u00a0Constitution of\u00a0Ukraine (Constitutionality) of\u00a0Certain Provisions of\u00a0the\u00a0Law of\u00a0Ukraine &#8220;On the\u00a0National Anti-Corruption Bureau of\u00a0Ukraine&#8221;]. <a href=\"https:\/\/zakon.rada.gov.ua\/laws\/show\/nb11d710-20#n2\">https:\/\/zakon.rada.gov.ua\/laws\/show\/nb11d710-20#n2<\/a> [in Ukrainian].<\/p>\n<p style=\"padding-left: 40px;\">Deutscher Bundestag [German Bundestag] (1949). <em>Grundgesetz f\u00fcr die Bundesrepublik Deutschland<\/em> [Basic Law for the\u00a0Federal Republic of\u00a0Germany]. <a href=\"https:\/\/www.bundestag.de\/gg\">https:\/\/www.bundestag.de\/gg<\/a> [in German].<\/p>\n<p style=\"padding-left: 40px;\">Deutscher Bundestag [German Bundestag] (2004). <em>Das Parlamentsbeteiligungsgesetz <\/em>[The Parliamentary Participation Act] <a href=\"https:\/\/www.bundestag.de\/webarchiv\/Ausschuesse\/ausschuesse18\/a12\/auslandseinsaetze\/parlamentsbeteiligungsgesetz-247428\">https:\/\/www.bundestag.de\/webarchiv\/Ausschuesse\/ausschuesse18\/a12\/auslandseinsaetze\/parlamentsbeteiligungsgesetz-247428<\/a> [in German].<\/p>\n<p style=\"padding-left: 40px;\">Devine, D., et al. (2020). Trust and the\u00a0Coronavirus Pandemic: What are the\u00a0Consequences of\u00a0and for Trust? An\u00a0Early Review of\u00a0the\u00a0Literature. <em>Political Studies Review, 19(2), <\/em>274-285. <a href=\"https:\/\/doi.org\/10.1177\/1478929920948684\">https:\/\/doi.org\/10.1177\/1478929920948684<\/a><\/p>\n<p style=\"padding-left: 40px;\">Dr\u017eavni zbor RS [National Assembly of\u00a0the\u00a0Republic of\u00a0Slovenia] (1995). <em>Zakon<\/em> <em>o<\/em> <em>nalezljivih<\/em> <em>boleznih<\/em><em> (<\/em><em>ZNB<\/em><em>)<\/em> [Communicable Diseases Act (ZNB)]<em>. <\/em><a href=\"https:\/\/pisrs.si\/pregledPredpisa?id=ZAKO433\">https:\/\/pisrs.si\/pregledPredpisa?id=ZAKO433<\/a><\/p>\n<p style=\"padding-left: 40px;\">Erta\u015f T. (2023). How Emmanuel Macron Reaffirmed the\u00a0Rationalised Character of\u00a0the\u00a0French Parliament. <em>Montesquieu Instituut<\/em>.<br \/>\n<a href=\"https:\/\/www.montesquieu-instituut.nl\/id\/vm3da4l2t1nn\/nieuws\/how_emmanuel_macron_reaffirmed_the\">https:\/\/www.montesquieu-instituut.nl\/id\/vm3da4l2t1nn\/nieuws\/how_emmanuel_macron_reaffirmed_the<\/a><\/p>\n<p style=\"padding-left: 40px;\">Huntington, S., &amp; Pasquino, G. (2013). Ordine politico e scontro di civilt\u00e0 [Political Order and the\u00a0Clash of\u00a0Civilizations]<em>.<\/em> <em>Collezione Di Testi E Di Studi<\/em> [Collection of\u00a0Texts and Studies]. [in Italian].<\/p>\n<p style=\"padding-left: 40px;\">Koliukh, V. V. (2019). Parlamentska respublika v Ukraini: perspektyvy y pereshkody [The Parliamentary Republic in\u00a0Ukraine: Prospects and Obstacles]. <em>Visnyk Natsionalnoho tekhnichnoho universytetu Ukrainy \u00abKyivskyi politekhnichnyi instytut\u00bb. Politolohiia. Sotsiolohiia. Pravo <\/em>[Bulletin of\u00a0the\u00a0National Technical University of\u00a0Ukraine &#8220;Kyiv Polytechnic Institute&#8221;. Political Science. Sociology. Law], <em>3(43), <\/em>176-180. <a href=\"https:\/\/doi.org\/10.20535\/2308-5053.2019.3(43).198128\">https:\/\/doi.org\/10.20535\/2308-5053.2019.3(43).198128<\/a> [in Ukrainian].<\/p>\n<p style=\"padding-left: 40px;\">Laboratory of\u00a0Legislative Initiatives (2022). <em>Dovhyi shliakh do zavershennia parlamentskoi reformy<br \/>\n<\/em>[The Long Road to Completing Parliamentary Reform].<br \/>\n<a href=\"https:\/\/parlament.org.ua\/analytics\/dovgyj-shlyah-do-zavershennya-parlamentskoyi-reformy\/\">https:\/\/parlament.org.ua\/analytics\/dovgyj-shlyah-do-zavershennya-parlamentskoyi-reformy\/<\/a> [in Ukrainian].<\/p>\n<p style=\"padding-left: 40px;\">Lebediuk, V. (2023). Political Dynamics in\u00a0Ukraine After Russia\u2019s Full-Scale Invasion. <em>Studia Europejskie\u00a0\u2013 Studies in\u00a0European Affairs, 4, <\/em>93-107. DOI: 10.33067\/SE.4.2023.6<\/p>\n<p style=\"padding-left: 40px;\">Lijphart, A. (1999). <em>Patterns of\u00a0Democracy: Government Forms and Performance in\u00a0Thirty-Six Countries<\/em>.<br \/>\nYale University Press.<\/p>\n<p style=\"padding-left: 40px;\">Maslov, Yu. K. (2015). <em>Tsentralna ta Skhidna Yevropa v poshukakh suchasnoi systemy vlady<\/em> [Central and Eastern Europe in\u00a0Search of\u00a0a\u00a0Modern System of\u00a0Government]. Odesa. [in Ukrainian].<\/p>\n<p style=\"padding-left: 40px;\">Morlino, L. (1996). Crisis of\u00a0Parties and Change of\u00a0Party System in\u00a0Italy. <em>Party Politics, 2(1), <\/em>5-30. <a href=\"https:\/\/doi.org\/10.1177\/1354068896002001001\">https:\/\/doi.org\/10.1177\/1354068896002001001<\/a><\/p>\n<p style=\"padding-left: 40px;\">Raunio, T., &amp; Wagner, W. (2017). Towards Parliamentarization of\u00a0Foreign and Security Policy? <em>West European Politics, 40(1), <\/em>1-19. <a href=\"https:\/\/doi.org\/10.1080\/01402382.2016.1240411\">https:\/\/doi.org\/10.1080\/01402382.2016.1240411<\/a><\/p>\n<p style=\"padding-left: 40px;\">Sachko, D. V. (2022). Osoblyvosti, istoriia ta perspektyvy suchasnoho parlamentaryzmu v Ukraini [Features, History and Prospects of\u00a0Modern Parliamentarism in\u00a0Ukraine]. <em>Tavriiskyi naukovyi visnyk<\/em> [Tavria Scientific Bulletin], <em>2,<\/em> 74-81. <a href=\"https:\/\/doi.org\/10.32851\/tnv-pub.2022.2.10\">https:\/\/doi.org\/10.32851\/tnv-pub.2022.2.10<\/a> [in Ukrainian].<\/p>\n<p style=\"padding-left: 40px;\">Sedelis, T., &amp; Mashtaler, O. (2013). Two Decades of\u00a0Semi-Presidentialism: Issues of\u00a0Intra-Executive Conflict in\u00a0Central and Eastern Europe 1991-2011. <em>East European Politics, 29(2),<\/em> 109-134. <a href=\"https:\/\/doi.org\/10.1080\/21599165.2012.748662\">https:\/\/doi.org\/10.1080\/21599165.2012.748662<\/a><\/p>\n<p style=\"padding-left: 40px;\">Sedelius, T., Mashtaler, O., &amp; Raunio, T. (2024). Semi-presidentialism and war: executive leadership models in\u00a0Ukraine during Zelenskyi\u2019s presidency. <em>East European Politics, 40(4),<\/em> 658-683. <a href=\"https:\/\/doi.org\/10.1080\/21599165.2024.2369978\">https:\/\/doi.org\/10.1080\/21599165.2024.2369978<\/a><\/p>\n<p style=\"padding-left: 40px;\">Shugart, M. S., &amp; Carey, J. M. (1992). <em>Presidents and Assemblies: Constitutional Design and Electoral Dynamics<\/em>. Cambridge University Press. <a href=\"https:\/\/doi.org\/10.1017\/CBO9781139173988\">https:\/\/doi.org\/10.1017\/CBO9781139173988<\/a><\/p>\n<p style=\"padding-left: 40px;\">Skup\u0161\u010dina RS [Parliament of\u00a0the\u00a0Republic of\u00a0Slovenia] (1991). <em>Ustava Republike Slovenije (URS)<\/em> [Constitution of\u00a0the\u00a0Republic of\u00a0Slovenia (URS)] <a href=\"https:\/\/pisrs.si\/pregledPredpisa?id=USTA1\">https:\/\/pisrs.si\/pregledPredpisa?id=USTA1<\/a><\/p>\n<p style=\"padding-left: 40px;\">Stavniichuk, M. (2001). <em>Zakonodavstvo pro vybory narodnykh deputativ Ukrainy: aktualni problemy teorii I\u00a0praktyky<\/em> [Legislation on Elections of\u00a0People&#8217;s Deputies of\u00a0Ukraine: Current Problems of\u00a0Theory and Practice]. Kyiv. <a href=\"https:\/\/library.nlu.edu.ua\/POLN_TEXT\/MONOGRAFII_2010\/STAVNIYCHUK_2001.pdf\">https:\/\/library.nlu.edu.ua\/POLN_TEXT\/MONOGRAFII_2010\/STAVNIYCHUK_2001.pdf<\/a> [in Ukrainian].<\/p>\n<p style=\"padding-left: 40px;\">Transparency International (2024). <em>Corruption Perceptions Index\u00a0\u2013 2024<\/em>.<br \/>\n<a href=\"https:\/\/ti-ukraine.org\/en\/research\/corruption-perceptions-index-2024\/\">https:\/\/ti-ukraine.org\/en\/research\/corruption-perceptions-index-2024\/<\/a><\/p>\n<p style=\"padding-left: 40px;\">Venice Commission (2010). <em>Opinion no. 599\/2010 on the\u00a0Constitutional Situation in\u00a0Ukraine Adopted by\u00a0the\u00a0Venice Commission at its 85th Plenary Session, Venice (17-18 December 2010)<\/em><em>.<\/em> <a href=\"https:\/\/www.venice.coe.int\/webforms\/documents\/default.aspx?pdffile=CDL-AD(2010)044-e\">https:\/\/www.venice.coe.int\/webforms\/documents\/default.aspx?pdffile=CDL-AD(2010)044-e<\/a><\/p>\n<p style=\"padding-left: 40px;\">Verkhovna Rada of\u00a0Ukraine (1996). <em>Constitution of\u00a0Ukraine<\/em>. <a href=\"https:\/\/zakon.rada.gov.ua\/laws\/show\/254\u043a\/96-\u0432\u0440?lang=en#Text\">https:\/\/zakon.rada.gov.ua\/laws\/show\/254\u043a\/96-\u0432\u0440?lang=en#Text<\/a><\/p>\n<p style=\"padding-left: 40px;\">Wilson, A. (2005). <em>Ukraine\u2019s Orange Revolution<\/em>. Yale University Press.<\/p>\n<p style=\"padding-left: 40px;\">World Bank Group (2024). Interactive Data Access \/ Worldwide Governance Indicators. <em>World Bank<\/em>. <a href=\"https:\/\/www.worldbank.org\/en\/publication\/worldwide-governance-indicators\/interactive-data-access\">https:\/\/www.worldbank.org\/en\/publication\/worldwide-governance-indicators\/interactive-data-access<\/a><\/p>\n<p style=\"padding-left: 40px;\">Zabolotna, O. (2023). \u00abKoly liudyna kontsentruie v rukakh vsiu vladu, peretvoriuietsia na dyktatora\u00bb. Yaka forma pravlinnia dlia Ukrainy narazi bula b naiefektyvnishoiu? [\u201cWhen a\u00a0Person Concentrates All Power in\u00a0his Hands, He Becomes a\u00a0Dictator.\u201d What form of\u00a0Government would be the\u00a0Most Effective for Ukraine at the\u00a0Moment?] <em>Tsentr spilnykh dii<\/em> [Joint Action Center].<br \/>\n<a href=\"https:\/\/centreua.org\/analiz-rishen\/koly-lyudyna-kontsentruye-v-rukah-vsyu-vladu-peretvoryuyetsya-na-dyktatora-yaka-forma-pravlinnya-dlya-ukrayiny-narazi-bula-b-najefektyvnishoyu\/\">https:\/\/centreua.org\/analiz-rishen\/koly-lyudyna-kontsentruye-v-rukah-vsyu-vladu-peretvoryuyetsya-na-dyktatora-yaka-forma-pravlinnya-dlya-ukrayiny-narazi-bula-b-najefektyvnishoyu\/<\/a> [in Ukrainian].<\/p>\n","protected":false},"excerpt":{"rendered":"<p>DOI: 10.46340\/eppd.2025.12.3.5 Yuriy Maslov, D.Sc. in Political Science, Honored Economist of Ukraine Odesa National University of Economics, Ukraine How to cite: Maslov, Yu. (2025). Elimination of Political Dualism to Establish Parliamentary Democracy in Ukraine. Evropsk\u00fd politick\u00fd a pr\u00e1vn\u00ed diskurz, 12, 3, 53-65. https:\/\/doi.org\/10.46340\/eppd.2025.12.3.5 &nbsp; Abstract Ukraine\u2019s political system, operating under&#8230; <a class=\"continue-reading-link\" href=\"https:\/\/eppd13.cz\/?page_id=2695\"> Continue reading <span class=\"meta-nav\">&rarr; <\/span><\/a><\/p>\n","protected":false},"author":1,"featured_media":0,"parent":2664,"menu_order":5,"comment_status":"closed","ping_status":"closed","template":"","meta":{"footnotes":""},"class_list":["post-2695","page","type-page","status-publish","hentry"],"_links":{"self":[{"href":"https:\/\/eppd13.cz\/index.php?rest_route=\/wp\/v2\/pages\/2695","targetHints":{"allow":["GET"]}}],"collection":[{"href":"https:\/\/eppd13.cz\/index.php?rest_route=\/wp\/v2\/pages"}],"about":[{"href":"https:\/\/eppd13.cz\/index.php?rest_route=\/wp\/v2\/types\/page"}],"author":[{"embeddable":true,"href":"https:\/\/eppd13.cz\/index.php?rest_route=\/wp\/v2\/users\/1"}],"replies":[{"embeddable":true,"href":"https:\/\/eppd13.cz\/index.php?rest_route=%2Fwp%2Fv2%2Fcomments&post=2695"}],"version-history":[{"count":2,"href":"https:\/\/eppd13.cz\/index.php?rest_route=\/wp\/v2\/pages\/2695\/revisions"}],"predecessor-version":[{"id":2708,"href":"https:\/\/eppd13.cz\/index.php?rest_route=\/wp\/v2\/pages\/2695\/revisions\/2708"}],"up":[{"embeddable":true,"href":"https:\/\/eppd13.cz\/index.php?rest_route=\/wp\/v2\/pages\/2664"}],"wp:attachment":[{"href":"https:\/\/eppd13.cz\/index.php?rest_route=%2Fwp%2Fv2%2Fmedia&parent=2695"}],"curies":[{"name":"wp","href":"https:\/\/api.w.org\/{rel}","templated":true}]}}