{"id":2683,"date":"2025-07-06T19:59:15","date_gmt":"2025-07-06T16:59:15","guid":{"rendered":"https:\/\/eppd13.cz\/?page_id=2683"},"modified":"2025-09-28T22:09:03","modified_gmt":"2025-09-28T19:09:03","slug":"language-security-of-ukraine-under-the-conditions-of-counteracting-russian-aggression-public-managerial-dimension","status":"publish","type":"page","link":"https:\/\/eppd13.cz\/?page_id=2683","title":{"rendered":"Language Security of Ukraine Under the Conditions of Counteracting Russian Aggression: Public-Administrative Dimension"},"content":{"rendered":"<p><strong>DOI: <\/strong><a href=\"https:\/\/doi.org\/10.46340\/eppd.2025.12.3.3\">10.46340\/eppd.2025.12.3.3<\/a><\/p>\n<p><strong>Halyna Kuts, D.Sc. in Political Science<\/strong><br \/>\n<em>H.S. Skovoroda Kharkiv National Pedagogical University, Kharkiv, Ukraine<\/em><br \/>\n<strong>Volodymyr Zolotarov, PhD in Economics<\/strong><br \/>\n<em>V.N. Karazin Kharkiv National University, Kharkiv, Ukraine<\/em><br \/>\n<strong>Yurii Kuts, D.Sc. in Public Administration<\/strong><br \/>\n<em>V.N. Karazin Kharkiv National University, Kharkiv, Ukraine<\/em><br \/>\n<strong>Olena Sergeyeva, PhD in Public Administration<\/strong><br \/>\n<em>V.N. Karazin Kharkiv National University, Kharkiv, Ukraine<\/em><br \/>\n<strong>Iryna Peresypkina, PhD in Political Science<\/strong><br \/>\n<em>V.N. Karazin Kharkiv National University, Kharkiv, Ukraine<\/em><\/p>\n<p><a href=\"https:\/\/eppd13.cz\/wp-content\/uploads\/2025\/2025-12-3\/05.pdf\" target=\"_blank\" rel=\"noopener noreferrer\"><img loading=\"lazy\" decoding=\"async\" class=\"alignnone size-full wp-image-2167\" src=\"http:\/\/eppd13.cz\/wp-content\/uploads\/2024\/01\/icon72-pdf-eppd.png\" alt=\"\" width=\"72\" height=\"72\" data-id=\"2167\" \/><\/a><\/p>\n<p><strong><em>How to cite: <\/em><\/strong>Kuts, H., Zolotarov, V., Kuts, Yu., Sergeyeva, O., &amp; Peresypkina, I. (2025). Language Security of Ukraine Under the Conditions of Counteracting Russian Aggression: Public-Administrative Dimension. <em>Evropsk\u00fd politick\u00fd a pr\u00e1vn\u00ed diskurz, 12, 3,<\/em> 28-40. <a href=\"https:\/\/doi.org\/10.46340\/eppd.2025.12.3.3\">https:\/\/doi.org\/10.46340\/eppd.2025.12.3.3<\/a><\/p>\n<p>&nbsp;<\/p>\n<p><strong>Abstract<\/strong><\/p>\n<p>The article examines the issue of Ukraine&#8217;s language security in the context of public administration amid the country\u2019s opposition to Russian armed aggression. The language policy in Ukraine is reviewed, noting that it aims to establish, develop, and ensure the widespread use of Ukrainian as the state language.<\/p>\n<p>The recent history of Ukraine is marked by constant attempts by pro-Russian political forces to undermine the status of the Ukrainian language as the state language. These forces have even used the \u00abEuropean Charter for Regional or Minority Languages\u00bb, which was mistranslated.<\/p>\n<p>To conceptualise the notion of \u00ablanguage security\u00bb, a comparative analysis of the language-related provisions in four \u00abNational Security Strategies of Ukraine\u00bb (2007, 2012, 2015, 2020) has been made.<\/p>\n<p>The concept of ruscism, a new totalitarian ideology defined in the Resolution of the Verkhovna Rada of Ukraine (2023), is analysed. Attention is focused on the key features of ruscism: expansionist state policy and practices of spreading Russian language and culture among other peoples.<\/p>\n<p>The dominant status of language issues in Russia&#8217;s war against Ukraine is highlighted. If the state does not adequately protect the language environment, threats to national interests can arise within this environment.<\/p>\n<p>It is stated that Ukraine&#8217;s language security is an integral part of its national securityand stressed the importance of the state of protection of the state language, support of its development and functioning in all spheres of public life, strengthening its role in Ukrainian society as a means of enhancing state unity and the democratic constitutional order, alongside other vital interests of individuals, society, and the state. It also involves measures to ensure the free development, use, and protection of the languages of national minorities and the promotion of learning languages of international communication.<\/p>\n<p><em><strong>Keywords:<\/strong><\/em> language security, national security, public administration, language policy, war, Russian aggression, state, Ukraine, authority, political manipulation.<\/p>\n<p>&nbsp;<\/p>\n<p><strong>References<\/strong><\/p>\n<p style=\"padding-left: 40px;\">Berestok,\u00a0O. (2022). Language Security as a\u00a0Guarantee of\u00a0Preserving the\u00a0Spirituality of\u00a0the\u00a0Nation in\u00a0Today\u2019s Conditions. <em>Zbirnyk materialiv Mizhnarodnoyi naukovo-praktychnoyi konferentsiyi<\/em> [Collection of\u00a0Materials of\u00a0the\u00a0International Scientific and Practical Conference]. <a href=\"https:\/\/repo.snau.edu.ua\/xmlui\/handle\/123456789\/10243?show=full\">https:\/\/repo.snau.edu.ua\/xmlui\/handle\/123456789\/10243?show=full<\/a><\/p>\n<p style=\"padding-left: 40px;\">Cabinet of\u00a0Ministers of\u00a0Ukraine (2024). <em>Proekt Zakonu Ukrayiny Pro vnesennya zmin do deyakykh zakoniv Ukrayiny u zvyazku z onovlennyam ofitsiynoho perekladu Yevropeyskoyi khartiyi rehionalnykh abo minorytarnykh mov <\/em>[Draft Law of\u00a0Ukraine On Amendments to Certain Laws of\u00a0Ukraine in\u00a0Connection with the\u00a0Updating of\u00a0the\u00a0Official Translation of\u00a0the\u00a0European Charter for Regional or Minority Languages]. <a href=\"https:\/\/itd.rada.gov.ua\/billInfo\/Bills\/Card\/55529\">https:\/\/itd.rada.gov.ua\/billInfo\/Bills\/Card\/55529<\/a> [in Ukrainian].<\/p>\n<p style=\"padding-left: 40px;\">Cabinet of\u00a0Ministers of\u00a0Ukraine (2024). <em>Rozporyadzhennya<\/em> <em>Derzhavna tsilyova natsionalno-kulturna prohrama zabezpechennya vsebichnoho rozvytku i funktsionuvannya ukrayinskoyi movy yak derzhavnoyi v usikh sferakh suspilnoho zhyttya na period do 2030 roku <\/em>[Resolution State Target National and Cultural Program to Ensure the\u00a0Comprehensive Development and Functioning of\u00a0the\u00a0Ukrainian Language as the\u00a0State Language in\u00a0All Spheres of\u00a0Public Life for the\u00a0Period Until 2030].<br \/>\n<a href=\"https:\/\/zakon.rada.gov.ua\/laws\/show\/243-2024-%D1%80#Text\">https:\/\/zakon.rada.gov.ua\/laws\/show\/243-2024-%D1%80#Text<\/a> [in Ukrainian].<\/p>\n<p style=\"padding-left: 40px;\">Constitutional Court of\u00a0Ukraine (2021). <em>Rishennya Shchodo vidpovidnosti Konstytutsiyi Ukrayiny (konstytutsiynosti) Zakonu Ukrayiny \u00abPro zabezpechennya funktsionuvannya ukrayinskoyi movy yak derzhavnoyi\u00bb <\/em>[Decision On the\u00a0Compliance with the\u00a0Constitution of\u00a0Ukraine (Constitutionality) of\u00a0the\u00a0Law of\u00a0Ukraine \u00abOn Ensuring the\u00a0Functioning of\u00a0the\u00a0Ukrainian Language as the\u00a0State Language\u00bb]. <a href=\"https:\/\/zakon.rada.gov.ua\/laws\/show\/v001p710-21#Text\">https:\/\/zakon.rada.gov.ua\/laws\/show\/v001p710-21#Text<\/a> [in Ukrainian].<\/p>\n<p style=\"padding-left: 40px;\">Demchenko,\u00a0V. (2016). Ukrayinska mova yak chynnyk derzhavnoyi bezpeky Ukrayiny [The Ukrainian Language as a\u00a0Factor of\u00a0State Security of\u00a0Ukraine]. <em>Teoriya ta praktyka derzhavnoho upravlinnya i mistsevoho samovryaduvannya<\/em> [Theory and Practice of\u00a0State Administration and Local Self-Government]. <a href=\"http:\/\/nbuv.gov.ua\/UJRN\/Ttpdu_2016_2_6\">http:\/\/nbuv.gov.ua\/UJRN\/Ttpdu_2016_2_6<\/a> [in Ukrainian].<\/p>\n<p style=\"padding-left: 40px;\">European Charter (2003). <em>Yevropeyska khartiya rehionalnykh mov abo mov menshyn <\/em>[European Charter for Regional or Minority Languages] <a href=\"https:\/\/zakon.rada.gov.ua\/laws\/show\/994_014#Text\">https:\/\/zakon.rada.gov.ua\/laws\/show\/994_014#Text<\/a> [in Ukrainian].<\/p>\n<p style=\"padding-left: 40px;\">Hongwei, J. (2016). Language Security Problems: A Historical Survey. <em>Sinolog\u00eda hisp\u00e1nica. China Studies Review, 2(1)<\/em>, 81-94. <a href=\"https:\/\/doi.org\/10.18002\/sin.v2i1.5252\">https:\/\/doi.org\/10.18002\/sin.v2i1.5252<\/a><\/p>\n<p style=\"padding-left: 40px;\">Jagiello-Tondera,\u00a0A. (2024). Language Security. Local and Global Perspectives. <em>Journal of\u00a0Philology and Intercultural Communication<\/em><em>,<\/em> <em>VIII<\/em><em>(<\/em><em>2<\/em><em>)<\/em>, 16-23. <a href=\"https:\/\/jpic.mta.ro\/assets\/JPIC_Vol.VIII_Nr.2.pdf\">https:\/\/jpic.mta.ro\/assets\/JPIC_Vol.VIII_Nr.2.pdf<\/a><\/p>\n<p style=\"padding-left: 40px;\">Jiang,\u00a0Y. (2020). Research Review on Language Security\u00a0\u2013 The\u00a0Study of\u00a0Language Security in\u00a0Yunnan Border Areas. The\u00a0<em>First Interdisciplinary and Area Studies International Conference<\/em>,\u00a0123-129. <a href=\"https:\/\/www.academia.edu\/53342053\/The_First_Interdisciplinary_and_Area_Studies_International_Conference\">https:\/\/www.academia.edu\/53342053\/The_First_Interdisciplinary_and_Area_Studies_International_Conference<\/a><\/p>\n<p style=\"padding-left: 40px;\">Kalyta,\u00a0O. (2024). Movna polityka yak osnova natsionalnoyi informatsiynoyi bezpeky Ukrayiny [Language Policy as the\u00a0Basis of\u00a0National Information Security of\u00a0Ukraine]. <em>Zbirnyk materialiv Mizhnarodnoyi naukovo-praktychnoyi<\/em><em> internet-konferentsiyi<\/em> [Collection of\u00a0Materials of\u00a0the\u00a0International Scientific and Practical Internet Conference], 52-55. <a href=\"https:\/\/ir.dpu.edu.ua\/handle\/123456789\/3995\">https:\/\/ir.dpu.edu.ua\/handle\/123456789\/3995<\/a> [in Ukrainian].<\/p>\n<p style=\"padding-left: 40px;\">Kovalyova,\u00a0T. (2008). Osoblyvosti formuvannya katehoriyno-ponyattyevoho aparatu movnoyi polityky [Peculiarities of\u00a0the\u00a0Formation of\u00a0the\u00a0Categorical and Conceptual Apparatus of\u00a0Language Policy]. <em>Derzhavne budivnytstvo<\/em> [State Construction]. <a href=\"http:\/\/www.irbis-nbuv.gov.ua\/cgi-bin\/irbis_nbuv\/cgiirbis_64.exe?I21DBN=LINK&amp;P21DBN=UJRN&amp;Z21ID=&amp;S21REF=10&amp;S21CNR=20&amp;S21STN=1&amp;S21FMT=ASP_meta&amp;C21COM=S&amp;2_S21P03=FILA=&amp;2_S21STR=DeBu_2008_1_22\">http:\/\/nbuv.gov.ua\/UJRN\/DeBu_2008_1_22<\/a> [in Ukrainian].<\/p>\n<p style=\"padding-left: 40px;\">Kuts,\u00a0Y. &amp; Sergeyeva,\u00a0O. (2019). Suchasna derzhavna movna polityka ukrayiny: yevropeyskyy vymir [Contemporary State Language Policy of\u00a0Ukraine: A European Dimension]. <em>Teoriya ta praktyka derzhavnoho upravlinnya<\/em> [Theory and Practice of\u00a0Public Administration]. DOI: <a href=\"https:\/\/doi.org\/10.34213\/tp.19.03.02\">https:\/\/doi.org\/10.34213\/tp.19.03.02<\/a> [in\u00a0Ukrainian].<\/p>\n<p style=\"padding-left: 40px;\">Levchenko,\u00a0O., et al (2011). Movna polityka [Language Policy]. In: Kovbasiuk, Y.V. et al. (ed.) <em>Entsyklopediya derzhavnoho upravlinnya<\/em> [Encyclopedia of\u00a0Public Administration], <em>1<\/em>, 364-365. <a href=\"https:\/\/shron1.chtyvo.org.ua\/Zbirnyk_statei\/Entsyklopediia_derzhavnoho_upravlinnia_Tom_1.pdf?PHPSESSID=ti5m0efi151ipa9360s3phcir6\">https:\/\/shron1.chtyvo.org.ua\/Zbirnyk_statei\/Entsyklopediia_derzhavnoho_upravlinnia_Tom_1.pdf?PHPSESSID=ti5m0efi151ipa9360s3phcir6<\/a> [in Ukrainian].<\/p>\n<p style=\"padding-left: 40px;\">Makarets,\u00a0Y. (2017). Movnyy vymir natsionalnoyi bezpeky Ukrayiny [The Linguistic Dimension of\u00a0National Security of\u00a0Ukraine]. Naukovi zapysky Natsionalnoho universytetu Ostrozka akademiya [Scientific Notes of\u00a0the\u00a0National University Ostroh Academy], <em>68<\/em>, 37-44 <a href=\"http:\/\/www.irbis-nbuv.gov.ua\/cgi-bin\/irbis_nbuv\/cgiirbis_64.exe?I21DBN=LINK&amp;P21DBN=UJRN&amp;Z21ID=&amp;S21REF=10&amp;S21CNR=20&amp;S21STN=1&amp;S21FMT=ASP_meta&amp;C21COM=S&amp;2_S21P03=FILA=&amp;2_S21STR=Nznuoaf_2017_68_9\">http:\/\/nbuv.gov.ua\/UJRN\/Nznuoaf_2017_68_9<\/a> [in Ukrainian].<\/p>\n<p style=\"padding-left: 40px;\">Popovych,\u00a0N. (2011). Rozvytok movy yak viddzerkalennya vplyvovoyi roli derzhavy [Language Development as\u00a0a\u00a0Reflection of\u00a0the\u00a0Influential Role of\u00a0the\u00a0State]. <em>Visnyk Natsionalnoyi akademiyi derzhavnoho upravlinnya pry Prezydentovi Ukrayiny<\/em> [Bulletin of\u00a0the\u00a0National Academy of\u00a0Public Administration under the\u00a0President of\u00a0Ukraine], <em>2<\/em>, 267-275. <a href=\"http:\/\/nbuv.gov.ua\/UJRN\/Vnadu_2011_2_37\">http:\/\/nbuv.gov.ua\/UJRN\/Vnadu_2011_2_37<\/a> [in Ukrainian].<\/p>\n<p style=\"padding-left: 40px;\">President of\u00a0Ukraine (2007). <em>Ukaz Stratehiya natsionalnoyi bezpeky Ukrayiny<\/em> [Decree of\u00a0National Security Strategy of\u00a0Ukraine]. <a href=\"https:\/\/www.president.gov.ua\/documents\/1052007-5496\">https:\/\/www.president.gov.ua\/documents\/1052007-5496<\/a> [in Ukrainian].<\/p>\n<p style=\"padding-left: 40px;\">President of\u00a0Ukraine (2010). <em>Ukaz Kontseptsiya derzhavnoyi movnoyi polityky<\/em> [Concept of\u00a0State Language Policy]. <a href=\"https:\/\/zakon.rada.gov.ua\/laws\/show\/161\/2010#Text\">https:\/\/zakon.rada.gov.ua\/laws\/show\/161\/2010#Text<\/a> [in Ukrainian].<\/p>\n<p style=\"padding-left: 40px;\">President of\u00a0Ukraine (2012). <em>Ukaz Stratehiya natsionalnoyi bezpeky Ukrayiny<\/em> [Decree of\u00a0National Security Strategy of\u00a0Ukraine]. <a href=\"https:\/\/www.president.gov.ua\/documents\/3892012-14402\">https:\/\/www.president.gov.ua\/documents\/3892012-14402<\/a> [in Ukrainian].<\/p>\n<p style=\"padding-left: 40px;\">President of\u00a0Ukraine (2015). <em>Ukaz Stratehiya natsionalnoyi bezpeky Ukrayiny<\/em> [Decree of\u00a0National Security Strategy of\u00a0Ukraine]. <a href=\"https:\/\/www.president.gov.ua\/documents\/2872015-19070\">https:\/\/www.president.gov.ua\/documents\/2872015-19070<\/a> [in Ukrainian].<\/p>\n<p style=\"padding-left: 40px;\">President of\u00a0Ukraine (2017). <em>Ukaz Doktryna informatsiynoyi bezpeky Ukrayiny<\/em> [Decree of\u00a0Information Security Doctrine of\u00a0Ukraine]. <a href=\"https:\/\/www.president.gov.ua\/documents\/472017-21374\">https:\/\/www.president.gov.ua\/documents\/472017-21374<\/a> [in Ukrainian].<\/p>\n<p style=\"padding-left: 40px;\">President of\u00a0Ukraine (2020). <em>Ukaz Stratehiya natsionalnoyi bezpeky Ukrayiny<\/em> [Decree of\u00a0National Security Strategy of\u00a0Ukraine]. <a href=\"https:\/\/www.president.gov.ua\/documents\/3922020-35037\">https:\/\/www.president.gov.ua\/documents\/3922020-35037<\/a> [in Ukrainian].<\/p>\n<p style=\"padding-left: 40px;\">President of\u00a0Ukraine (2021). <em>Ukaz Stratehiya informatsiynoyi bezpeky<\/em> [Decree of\u00a0Information Security Strategy]. <a href=\"https:\/\/zakon.rada.gov.ua\/laws\/show\/685\/2021#n5\">https:\/\/zakon.rada.gov.ua\/laws\/show\/685\/2021#n5<\/a> [in Ukrainian].<\/p>\n<p style=\"padding-left: 40px;\">Razumkov Center (2023). <em>Identychnist hromadyan Ukrayiny: tendentsiyi zmin (traven 2023\u00a0r.) Sotsiolohichne opytuvannya<\/em> [Identity of\u00a0Ukrainian Citizens: Trends of\u00a0Change (May 2023). Sociological Survey]. <a href=\"https:\/\/razumkov.org.ua\/napriamky\/sotsiologichni-doslidzhennia\/identychnist-gromadian-ukrainy-tendentsii-zmin-traven-2023r\">https:\/\/razumkov.org.ua\/napriamky\/sotsiologichni-doslidzhennia\/identychnist-gromadian-ukrainy-tendentsii-zmin-traven-2023r<\/a> [in Ukrainian].<\/p>\n<p style=\"padding-left: 40px;\">Razumkov Center (2024). <em>Identychnist hromadyan Ukrayiny: tendentsiyi zmin (cherven 2024\u00a0r.). Sotsiolohichne opytuvannya<\/em> [Identity of\u00a0Ukrainian citizens: trends of\u00a0change (June 2024). Sociological survey]. <a href=\"https:\/\/razumkov.org.ua\/napriamky\/sotsiologichni-doslidzhennia\/identychnist-gromadian-ukrainy-tendentsii-zmin-cherven-2024r\">https:\/\/razumkov.org.ua\/napriamky\/sotsiologichni-doslidzhennia\/identychnist-gromadian-ukrainy-tendentsii-zmin-cherven-2024r<\/a> [in Ukrainian].<\/p>\n<p style=\"padding-left: 40px;\">Ringe,\u00a0N. (2022). The\u00a0Language(s) of\u00a0Politics: Multilingual Policy-Making in\u00a0the\u00a0European Union. <em>University of\u00a0Michigan Press.<\/em> DOI: <a href=\"https:\/\/www.fulcrum.org\/concern\/monographs\/ft848s72v\">https:\/\/www.fulcrum.org\/concern\/monographs\/ft848s72v<\/a><\/p>\n<p style=\"padding-left: 40px;\">Shakhov,\u00a0V. &amp; Madisson,\u00a0V. (2013). Natsionalnyy interes i natsionalna bezpeka v heostratehiyi Ukrayiny [National Interest and National Security in\u00a0the\u00a0Geostrategy of\u00a0Ukraine]. <em>Visnyk Natsionalnoyi akademiyi derzhavnoho upravlinnya pry Prezydentovi Ukrayiny<\/em> [Bulletin of\u00a0the\u00a0National Academy of\u00a0Public Administration under the\u00a0President of\u00a0Ukraine],\u00a0<em>2<\/em>,\u00a044-56. <a href=\"http:\/\/www.irbis-nbuv.gov.ua\/cgi-bin\/irbis_nbuv\/cgiirbis_64.exe?I21DBN=LINK&amp;P21DBN=UJRN&amp;Z21ID=&amp;S21REF=10&amp;S21CNR=20&amp;S21STN=1&amp;S21FMT=ASP_meta&amp;C21COM=S&amp;2_S21P03=FILA=&amp;2_S21STR=Vnadu_2013_2_8\">http:\/\/nbuv.gov.ua\/UJRN\/Vnadu_2013_2_8<\/a> [in\u00a0Ukrainian].<\/p>\n<p style=\"padding-left: 40px;\">Sociological Group Rating (2022). <em>Identychnist. Patriotyzm. Tsinnosti (17-18 serpnya 2022)<\/em><em>.<\/em><em> Sotsiolohichne opytuvannya<\/em> [Identity. Patriotism. Values (August 17-18, 2022). Sociological Survey] <a href=\"https:\/\/ratinggroup.ua\/research\/ukraine\/s_mnadcyate_zagalnonac_onalne_opituvannya_dentichn_st_patr_otizm_c_nnost_17-18_serpnya_2022.html\">https:\/\/ratinggroup.ua\/research\/ukraine\/s_mnadcyate_zagalnonac_onalne_opituvannya_dentichn_st_patr_otizm_c_nnost_17-18_serpnya_2022.html<\/a> [in Ukrainian].<\/p>\n<p style=\"padding-left: 40px;\">Sytko,\u00a0O. (2020). Do pytannya pro kontseptsiyu linhvistychnoyi bezpeky [On the\u00a0Question of\u00a0the\u00a0Concept of\u00a0Linguistic Security]. <em>Pivdennoukrayinskyy pravnychyy chasopys<\/em> [South Ukrainian Legal Journal], <em>4<\/em>, 45-50. <a href=\"http:\/\/www.sulj.oduvs.od.ua\/archive\/2020\/4\/10.pdf\">http:\/\/www.sulj.oduvs.od.ua\/archive\/2020\/4\/10.pdf<\/a> [in Ukrainian].<\/p>\n<p style=\"padding-left: 40px;\">Tsaryova,\u00a0I. (2025). Movna bezpeka v suchasnomu konteksti hlobalizatsiyi [Language Security in\u00a0the\u00a0Modern Context of\u00a0Globalization]. <em>Zbirnyk materialiv Vseukrayinskoyi naukovo-praktychnoyi konferentsiyi <\/em>[Collection of\u00a0Materials of\u00a0the\u00a0All-Ukrainian Scientific and Practical Conference], 146-148. <a href=\"https:\/\/sci.ldubgd.edu.ua\/jspui\/bitstream\/123456789\/15603\/1\/\u0417\u0431\u0456\u0440\u043d\u0438\u043a%20\u0442\u0435\u0437_\u043c\u043e\u0432\u0430_\u043a\u043e\u0440\u0434\u043e\u043d_2025.pdf#page=146\">https:\/\/sci.ldubgd.edu.ua\/jspui\/bitstream\/123456789\/15603\/1\/\u0417\u0431\u0456\u0440\u043d\u0438\u043a%20\u0442\u0435\u0437_\u043c\u043e\u0432\u0430_\u043a\u043e\u0440\u0434\u043e\u043d_2025.pdf#page=146<\/a> [in Ukrainian].<\/p>\n<p style=\"padding-left: 40px;\">Verkhovna Rada of\u00a0Ukraine (1996).<em> Konstytutsiya Ukrayiny<\/em> [Constitution of\u00a0Ukraine] <a href=\"https:\/\/zakon.rada.gov.ua\/laws\/show\/254\u043a\/96-\u0432\u0440#Text\">https:\/\/zakon.rada.gov.ua\/laws\/show\/254\u043a\/96-\u0432\u0440#Text<\/a> [in Ukrainian].<\/p>\n<p style=\"padding-left: 40px;\">Verkhovna Rada of\u00a0Ukraine (2003). <em>Zakon<\/em> <em>Ukrayiny Pro osnovy natsionalnoyi bezpeky Ukrayiny<\/em> [Law of\u00a0Ukraine On the\u00a0Foundations of\u00a0Ukraine&#8217;s National Security]. <a href=\"https:\/\/zakon.rada.gov.ua\/laws\/show\/964-15?lang=en\">https:\/\/zakon.rada.gov.ua\/laws\/show\/964-15?lang=en<\/a> [in\u00a0Ukrainian].<\/p>\n<p style=\"padding-left: 40px;\">Verkhovna Rada of\u00a0Ukraine (2012). <em>Zakon<\/em> <em>Ukrayiny Pro zasady derzhavnoyi movnoyi polityky<\/em> [Law of\u00a0Ukraine On the\u00a0Principles of\u00a0State Language Policy]. <a href=\"https:\/\/zakon.rada.gov.ua\/laws\/show\/5029-17?lang=en#Text\">https:\/\/zakon.rada.gov.ua\/laws\/show\/5029-17?lang=en#Text<\/a> [in\u00a0Ukrainian].<\/p>\n<p style=\"padding-left: 40px;\">Verkhovna Rada of\u00a0Ukraine (2019). <em>Zakon<\/em> <em>Ukrayiny Pro zabezpechennya funktsionuvannya ukrayinskoyi movy yak derzhavnoyi<\/em> [Law of\u00a0Ukraine On Ensuring the\u00a0Functioning of\u00a0the\u00a0Ukrainian Language as the\u00a0State Language]. <a href=\"https:\/\/zakon.rada.gov.ua\/laws\/show\/2704-19#Text\">https:\/\/zakon.rada.gov.ua\/laws\/show\/2704-19#Text<\/a> [in Ukrainian].<\/p>\n<p style=\"padding-left: 40px;\">Verkhovna Rada of\u00a0Ukraine (2023). <em>Zakon<\/em> <em>Ukrayiny Pro Zayavu Verkhovnoyi Rady Ukrayiny Pro vykorystannya politychnym rezhymom rosiyskoyi federatsiyi ideolohiyi rashyzmu, zasudzhennya zasad i praktyk rashyzmu yak totalitarnykh i lyudynonenavysnytskykh<\/em> [Law of\u00a0Ukraine On the\u00a0Statement of\u00a0the\u00a0Verkhovna Rada of\u00a0Ukraine \u00abOn the\u00a0Use of\u00a0the\u00a0Ideology of\u00a0Racism by the\u00a0Political Regime of\u00a0the\u00a0russian federation, Condemnation of\u00a0the\u00a0Principles and Practices of\u00a0Racism as Totalitarian and Misanthropic\u00bb]. <a href=\"https:\/\/zakon.rada.gov.ua\/laws\/show\/3078-IX#Text\">https:\/\/zakon.rada.gov.ua\/laws\/show\/3078-IX#Text<\/a> [in Ukrainian].<\/p>\n<p style=\"padding-left: 40px;\">Verkhovna Rada of\u00a0Ukraine (2024). <em>Zakon<\/em> <em>Ukrayiny Pro natsionalnu bezpeku Ukrayiny<\/em> [Law of\u00a0Ukraine On\u00a0National Security of\u00a0Ukraine]. <a href=\"https:\/\/zakon.rada.gov.ua\/laws\/show\/2469-19#Text\">https:\/\/zakon.rada.gov.ua\/laws\/show\/2469-19#Text<\/a> [in Ukrainian].<\/p>\n<p style=\"padding-left: 40px;\">Zhebrivskyi,\u00a0P. (2016). Rosiyska mova\u00a0\u2013 instrument hibrydnoyi viyny proty Ukrayiny. Yak kolys \u00abnevynna\u00bb heorhiyivska strichka [The Russian Language is a\u00a0Tool of\u00a0Hybrid War Against Ukraine.<br \/>\nLike the\u00a0Once \u00abInnocent\u00bb St. George Ribbon]. <em>Novynarnia<\/em>.<br \/>\n<a href=\"https:\/\/novynarnia.com\/2016\/12\/24\/zhebrivskiy-rosiyska-mova-instrument-gibridnoyi-viyni-proti-ukrayini-yak-kolis-nevinna-georgiyivska-strichka\/\">https:\/\/novynarnia.com\/2016\/12\/24\/zhebrivskiy-rosiyska-mova-instrument-gibridnoyi-viyni-proti-ukrayini-yak-kolis-nevinna-georgiyivska-strichka\/<\/a> [in Ukrainian].<\/p>\n","protected":false},"excerpt":{"rendered":"<p>DOI: 10.46340\/eppd.2025.12.3.3 Halyna Kuts, D.Sc. in Political Science H.S. Skovoroda Kharkiv National Pedagogical University, Kharkiv, Ukraine Volodymyr Zolotarov, PhD in Economics V.N. Karazin Kharkiv National University, Kharkiv, Ukraine Yurii Kuts, D.Sc. in Public Administration V.N. Karazin Kharkiv National University, Kharkiv, Ukraine Olena Sergeyeva, PhD in Public Administration V.N. Karazin Kharkiv&#8230; <a class=\"continue-reading-link\" href=\"https:\/\/eppd13.cz\/?page_id=2683\"> Continue reading <span class=\"meta-nav\">&rarr; <\/span><\/a><\/p>\n","protected":false},"author":1,"featured_media":0,"parent":2664,"menu_order":3,"comment_status":"closed","ping_status":"closed","template":"","meta":{"footnotes":""},"class_list":["post-2683","page","type-page","status-publish","hentry"],"_links":{"self":[{"href":"https:\/\/eppd13.cz\/index.php?rest_route=\/wp\/v2\/pages\/2683","targetHints":{"allow":["GET"]}}],"collection":[{"href":"https:\/\/eppd13.cz\/index.php?rest_route=\/wp\/v2\/pages"}],"about":[{"href":"https:\/\/eppd13.cz\/index.php?rest_route=\/wp\/v2\/types\/page"}],"author":[{"embeddable":true,"href":"https:\/\/eppd13.cz\/index.php?rest_route=\/wp\/v2\/users\/1"}],"replies":[{"embeddable":true,"href":"https:\/\/eppd13.cz\/index.php?rest_route=%2Fwp%2Fv2%2Fcomments&post=2683"}],"version-history":[{"count":3,"href":"https:\/\/eppd13.cz\/index.php?rest_route=\/wp\/v2\/pages\/2683\/revisions"}],"predecessor-version":[{"id":2767,"href":"https:\/\/eppd13.cz\/index.php?rest_route=\/wp\/v2\/pages\/2683\/revisions\/2767"}],"up":[{"embeddable":true,"href":"https:\/\/eppd13.cz\/index.php?rest_route=\/wp\/v2\/pages\/2664"}],"wp:attachment":[{"href":"https:\/\/eppd13.cz\/index.php?rest_route=%2Fwp%2Fv2%2Fmedia&parent=2683"}],"curies":[{"name":"wp","href":"https:\/\/api.w.org\/{rel}","templated":true}]}}