{"id":2676,"date":"2025-07-06T19:47:20","date_gmt":"2025-07-06T16:47:20","guid":{"rendered":"https:\/\/eppd13.cz\/?page_id=2676"},"modified":"2025-07-06T23:03:34","modified_gmt":"2025-07-06T20:03:34","slug":"2676-2","status":"publish","type":"page","link":"https:\/\/eppd13.cz\/?page_id=2676","title":{"rendered":"The Formation of a New World Order System and Security Architecture"},"content":{"rendered":"<p><strong>DOI: <\/strong><a href=\"https:\/\/doi.org\/10.46340\/eppd.2025.12.3.2\">10.46340\/eppd.2025.12.3.2<\/a><\/p>\n<p><strong>Hanna Lavrynenko, PhD in Political Science<\/strong><br \/>\n<em>Borys Grinchenko Kyiv Metropolitan University, Kyiv, Ukraine<\/em><br \/>\n<strong>Mykola Prymush, D.Sc. in Political Science<\/strong><br \/>\n<em>Vasyl\u2019 Stus Donetsk National University, Vinnytsia, Ukraine<\/em><\/p>\n<p><a href=\"https:\/\/eppd13.cz\/wp-content\/uploads\/2025\/2025-12-3\/04.pdf\" target=\"_blank\" rel=\"noopener noreferrer\"><img loading=\"lazy\" decoding=\"async\" class=\"alignnone size-full wp-image-2167\" src=\"http:\/\/eppd13.cz\/wp-content\/uploads\/2024\/01\/icon72-pdf-eppd.png\" alt=\"\" width=\"72\" height=\"72\" data-id=\"2167\" \/><\/a><\/p>\n<p><strong><em>How to cite: <\/em><\/strong>Lavrynenko, H., &amp; Prymush, M. (2025). The Formation of a New World Order System and Security Architecture. <em>Evropsk\u00fd politick\u00fd a pr\u00e1vn\u00ed diskurz, 12, 3,<\/em> 16-27. <a href=\"https:\/\/doi.org\/10.46340\/eppd.2025.12.3.2\">https:\/\/doi.org\/10.46340\/eppd.2025.12.3.2<\/a><\/p>\n<p>&nbsp;<\/p>\n<p><strong>Abstract<\/strong><\/p>\n<p>This paper examines the prospects for constructing a new system of world order and the potential for updating the international security system. Particular attention is given to a retrospective analysis of the development of the security architecture of the world order during different historical epochs. Well-known systems of world order are analyzed, including the Westphalian, Vienna, Versailles-Washington, and Yalta-Potsdam systems. The authors consider the historical formation and operational nature of the key elements in the architecture of the existing security model \u2013 such as the UN, NATO, CSTO, and the OSCE \u2013 and highlight the need for their reform. The main trends in the development of the modern world order are revealed. The prospects of establishing a uni-, bi-, multi-, or non-polar system are analyzed and outlined. The debatable character of the issues concerning the establishment of a new world order has been highlighted. Emphasis is placed on the absence of universally recognized leading states that could serve as future \u201cpoles of influence\u201d within the global system. Based on statistical data concerning the military potential of the G7 and BRICS member countries, the paper substantiates the prospects of their involvement in building a renewed security architecture. The authors analyzed the potential of the most powerful states and assessed their competitiveness in the contest for global leadership. The conclusion is made that the absence of clearly defined centers of influence hinders the establishment of a new world order system and complicates the process of forming a new security architecture. Finally, the authors provide recommendations that should be considered when seeking a new balance of power and updating the international security system.<\/p>\n<p><em><strong>Keywords:<\/strong> <\/em>world order, security architecture, transformation, multipolarity, conflict, international security, universalism, state, international institutions.<\/p>\n<p>&nbsp;<\/p>\n<p><strong>References<\/strong><\/p>\n<p style=\"padding-left: 40px;\">Ashford, E. &amp; Cooper, E. (2023). Yes, the\u00a0World Is Multipolar. <em>Foreign Policy.<\/em> <a href=\"https:\/\/foreignpolicy.com\/2023\/10\/05\/usa-china-multipolar-bipolar-unipolar\/\">https:\/\/foreignpolicy.com\/2023\/10\/05\/usa-china-multipolar-bipolar-unipolar\/<\/a><\/p>\n<p style=\"padding-left: 40px;\">Badie, B. (2019). <em>New Perspectives on the\u00a0International Order. No Longer Alone in\u00a0This World.<\/em> London: Palgrave Maximilian. <a href=\"https:\/\/link.springer.com\/book\/10.1007\/978-3-319-94286-5\">https:\/\/link.springer.com\/book\/10.1007\/978-3-319-94286-5<\/a><\/p>\n<p style=\"padding-left: 40px;\">Beckley, \u041c. (2018). <em>Unrivaled: Why America Will Remain the\u00a0World\u2019s Sole Superpower<\/em>. Ithaca: Cornell University Press.<\/p>\n<p style=\"padding-left: 40px;\">Bekkevold, Jo. I. (2023). No, the\u00a0World Is Not Multipolar. <em>Foreign Policy<\/em>. <a href=\"https:\/\/foreignpolicy.com\/2023\/09\/22\/multipolar-world-bipolar-power-geopolitics-business-strategy-china-united-states-india\/\">https:\/\/foreignpolicy.com\/2023\/09\/22\/multipolar-world-bipolar-power-geopolitics-business-strategy-china-united-states-india\/<\/a><\/p>\n<p style=\"padding-left: 40px;\">Brooks, G. S. &amp; Wohlforth, C. W. (2023). The\u00a0Myth of\u00a0Multipolarity: American Power\u2019s Staying Power. <em>Foreign Affairs<\/em>, <em>102(3)<\/em>, 76-91.<\/p>\n<p style=\"padding-left: 40px;\">Brzezinski, Z. (1997). The\u00a0<em>Grand<\/em> <em>Chessboard<\/em><em>: <\/em><em>American<\/em> <em>Primacy<\/em> <em>and<\/em> <em>its<\/em> <em>Geostrategic<\/em> <em>Imperatives<\/em>. New York: Basic Books.<\/p>\n<p style=\"padding-left: 40px;\">Bull, H. (1966). International Theory: The\u00a0Case for a\u00a0Classical Approach. <em>World Politics<\/em>, <em>18(3)<\/em>, 361-377. <a href=\"https:\/\/doi.org\/10.2307\/2009761\">https:\/\/doi.org\/10.2307\/2009761<\/a><\/p>\n<p style=\"padding-left: 40px;\">Bull, H. (1977). The\u00a0<em>Anarchical Society: A Study of\u00a0Order in\u00a0World Politics<\/em>. Basingstoke: Macmillan.<\/p>\n<p style=\"padding-left: 40px;\">Bull, H. (1979). Recapturing the\u00a0Just War for Political Theory. <em>World Politics<\/em>, <em>31(4)<\/em>, 588-599. <a href=\"https:\/\/doi.org\/10.2307\/2009911\">https:\/\/doi.org\/10.2307\/2009911<\/a><\/p>\n<p style=\"padding-left: 40px;\">Bulvinskyi, A.H. (2017). <em>Osoblyvosti suspilno-politychnoi modernizatsii krain postradianskoho prostoru<\/em> [Peculiarities of\u00a0Socio-Political Modernization of\u00a0the\u00a0Post-Soviet Countries]. Kyiv: Institute of\u00a0World History of\u00a0the\u00a0National Academy of\u00a0Sciences of\u00a0Ukraine. [in Ukrainian].<\/p>\n<p style=\"padding-left: 40px;\">Bunde, \u0422., et al. (2025). Multipolarization (Munich Security Report 2025). <em>Munich Security Conference, Munich: February 2025<\/em>. <a href=\"https:\/\/doi.org\/10.47342\/EZUC8623\">https:\/\/doi.org\/10.47342\/EZUC8623<\/a><\/p>\n<p style=\"padding-left: 40px;\">Burton, J. (1972). <em>World Society<\/em>. Cambridge: Cambridge University Press.<\/p>\n<p style=\"padding-left: 40px;\">Buzan, B. &amp; W\u00e6ver, O. (2003). <em>Regions and Powers: The\u00a0Structure of\u00a0International Security.<\/em> Cambridge University Press.<\/p>\n<p style=\"padding-left: 40px;\">Denysov, V. N. (2005). Zakhidnoievropeiskyi Soiuz [Western European Union]. <em>Entsyklopediia istorii Ukrainy<\/em> [Encyclopedia of\u00a0Ukrainian History]. Kyiv: Naukova dumka. <a href=\"http:\/\/www.history.org.ua\/?termin=Zakhidnoevrop_%20sojuz\">http:\/\/www.history.org.ua\/?termin=Zakhidnoevrop_ sojuz<\/a> [in Ukrainian].<\/p>\n<p style=\"padding-left: 40px;\">Diurozel, Zh.-B. (1995). <em>Istoriia dyplomatii vid 1919 roku do nashykh dniv<\/em> [History of\u00a0Diplomacy from 1919 to\u00a0the\u00a0Present Day]. Kyiv: Osnovy. [in Ukrainian].<\/p>\n<p style=\"padding-left: 40px;\">Dzvinchuk, D.I. (2012). <em>Pivnichnoatlantychnyi alians: istoriia, funktsii, struktura, vidnosyny z Ukrainoiu<\/em> [North Atlantic Alliance: History, Functions, Structure, Relations with Ukraine]. Ivano-Frankivsk: Misto NV [in\u00a0Ukrainian].<\/p>\n<p style=\"padding-left: 40px;\">Fravel, M. T., et al. (2024). Estimating China\u2019s Defense Spending: How to Get It Wrong (and Right). <em>Texas<\/em><em>\u00a0<\/em><em>National Security Review<\/em>, <em>7(3)<\/em>, 40-54. <a href=\"https:\/\/doi.org\/10.26153\/tsw\/54043\">https:\/\/doi.org\/10.26153\/tsw\/54043<\/a><\/p>\n<p style=\"padding-left: 40px;\">Fukuyama, F. (2018). Against Identity Politics: The\u00a0New Tribalism and the\u00a0Crisis of\u00a0Democracy. <em>Foreign Affairs<\/em>, <em>97(5)<\/em>, 90-114. <a href=\"https:\/\/www.jstor.org\/stable\/44823914\">https:\/\/www.jstor.org\/stable\/44823914<\/a><\/p>\n<p style=\"padding-left: 40px;\">Fukuyama, F. (2025). Making the\u00a0World Safe for Criminals. <em>Persuasion. <\/em><a href=\"https:\/\/www.persuasion.community\/p\/making-the-world-safe-for-criminals\">https:\/\/www.persuasion.community\/p\/making-the-world-safe-for-criminals<\/a><\/p>\n<p style=\"padding-left: 40px;\">Gilli, \u0410., &amp; Gilli, M. (2019). Why China Has Not Caught Up Yet: Military-Technological Superiority and the\u00a0Limits of\u00a0Imitation, Reverse Engineering, and Cyber Espionage. <em>International Security<\/em>, <em>43<\/em><em>(<\/em><em>3)<\/em>, 141-189. <a href=\"https:\/\/doi.org\/10.1162\/ISEC_a_00337\">https:\/\/doi.org\/10.1162\/ISEC_a_00337<\/a><\/p>\n<p style=\"padding-left: 40px;\">Gilpin, R. G. (1994). <em>War and Change in\u00a0International Politics.<\/em> Cambridge: Cambridge University Press.<\/p>\n<p style=\"padding-left: 40px;\">Gr\u00e6ger, N., et al. (eds.) (2022). <em>Polarity in\u00a0International Relations<\/em><em>. <\/em><em>Past, Present, Future. <\/em>Governance, Security\u00a0and Development. Switzerland: Palgrave Macmillan Cham.<br \/>\n<a href=\"https:\/\/link.springer.com\/book\/10.1007\/978-3-031-05505-8\">https:\/\/link.springer.com\/book\/10.1007\/978-3-031-05505-8<\/a><\/p>\n<p style=\"padding-left: 40px;\">Haass, R. N. (2008). The\u00a0Age of\u00a0Nonpolarity: What Will Follow U.S. Dominance. <em>Foreign Affairs<\/em>, <em>87(3)<\/em>, 44-56. <a href=\"https:\/\/www.jstor.org\/stable\/20032650\">https:\/\/www.jstor.org\/stable\/20032650<\/a><\/p>\n<p style=\"padding-left: 40px;\">Hinsley, F. H. (1973). <em>Nationalism and the\u00a0International System.<\/em> Dobbs Ferry, N. Y.: Oceana Publications Inc.<\/p>\n<p style=\"padding-left: 40px;\">Ikenberry, G. (2010). The\u00a0<em>Restructuring of\u00a0the\u00a0International System After the\u00a0Cold War.<\/em> In: Leffler, M. P. &amp; Westad, O. A. (eds.) The\u00a0Cambridge History of\u00a0the\u00a0Cold War. Cambridge: Cambridge University Press, 535-556. <a href=\"https:\/\/doi.org\/10.1017\/CHOL9780521837217.026\">https:\/\/doi.org\/10.1017\/CHOL9780521837217.026<\/a><\/p>\n<p style=\"padding-left: 40px;\">Kausikan, \u0412. (2023). Polarity Is What States Make of\u00a0It. <em>Foreign Affairs<\/em><em>,<\/em> <em>102<\/em><em>(<\/em><em>6<\/em><em>)<\/em>, 166-168.<\/p>\n<p style=\"padding-left: 40px;\">Keersmaeker, G. De. (2016). <em>Polarity, Balance of\u00a0Power and International Relations Theory: Post-Cold War and the\u00a019th Century Compared.<\/em> Springer International Publishing.<\/p>\n<p style=\"padding-left: 40px;\">Khylko, M., &amp; Khylko, \u041e. (2024). Navigating Global South\u2019s Ambivalent Stance on Russia-Ukraine War. <em>Evropsk\u00fd politick\u00fd a\u00a0pr\u00e1vn\u00ed diskurz <\/em>[European Political and Law Discourse], <em>11(4)<\/em>, 5-15<br \/>\nDOI: 10.46340\/eppd.2024.11.4.1<\/p>\n<p style=\"padding-left: 40px;\">Kissinger, H. (2017). <em>Svitovyi poriadok. Rozdumy pro kharakter natsii v istorychnomu<\/em> <em>konteksti <\/em>[World Order. Reflections on the\u00a0Characters of\u00a0Nations and the\u00a0Course of\u00a0History]. Kyiv: Nash Format [in Ukrainian].<\/p>\n<p style=\"padding-left: 40px;\">Konstantynov, V.Yu. (2004). Orhanizatsiia dohovoru kolektyvnoi bezpeky [Organization of\u00a0the\u00a0Collective Security Treaty]. <em>Ukrainska dyplomatychna entsyklopediia<\/em> [Ukrainian Diplomatic Encyclopedia]. Kyiv: Znannia Ukrainy [in Ukrainian].<\/p>\n<p style=\"padding-left: 40px;\">Krushynskyi, V.Yu., &amp; Manzhola, V.A. (2007). <em>Mizhnarodni vidnosyny ta svitova polityka. 1945<\/em><em>&#8211;<\/em><em>1980. Daty. Podii. Fakty<\/em> [International Relations and World Politics. 1945-1980. Dates. Events. Facts]. Kyiv: Lybid [in\u00a0Ukrainian].<\/p>\n<p style=\"padding-left: 40px;\">Kupchan, C. (2021). Bipolarity is Back: Why It Matters. The\u00a0<em>Washington Quarterly<\/em>, <em>44(4)<\/em>, 123-139. <a href=\"https:\/\/doi.org\/10.1080\/0163660X.2021.2020457\">https:\/\/doi.org\/10.1080\/0163660X.2021.2020457<\/a><\/p>\n<p style=\"padding-left: 40px;\">Lake, D.A. (2019). <em>Hierarchy in\u00a0International Relations<\/em>. Cornell University Press.<\/p>\n<p style=\"padding-left: 40px;\">Lavrynenko, H., &amp; Donaj, \u0141. (2023). Unification of\u00a0Ukrainian Society in\u00a0a\u00a0Postwar Period as a\u00a0Preventive Mechanism to Avert the\u00a0Crisis of\u00a0State. <em>Przegl\u0105d Strategiczny <\/em>[Strategic Review], <em>16<\/em>, 321-331. <a href=\"https:\/\/doi.org\/10.14746\/ps.2023.1.23\">https:\/\/doi.org\/10.14746\/ps.2023.1.23<\/a><\/p>\n<p style=\"padding-left: 40px;\">Lind, J. (2024). Back to Bipolarity: How China\u2019s Rise Transformed the\u00a0Balance of\u00a0Power. <em>International Security<\/em>, <em>49<\/em><em>(<\/em><em>2<\/em><em>)<\/em>, 7-55. <a href=\"https:\/\/doi.org\/10.1162\/isec_a_00494\">https:\/\/doi.org\/10.1162\/isec_a_00494<\/a><\/p>\n<p style=\"padding-left: 40px;\">Melnykova, I.M. (2004). Varshavskyi dohovir 1955 [Warsaw Pact 1955]. In: Smolii, V. A. Et al. (ed.) <em>Entsyklopediia istorii Ukrainy <\/em>[Encyclopedia of\u00a0Ukrainian History]. Kyiv: Naukova dumka. <a href=\"http:\/\/resource.history.org.ua\/cgi-bin\/eiu\/history.exe?&amp;I21DBN=EIU&amp;P21DBN=EIU&amp;S21STN=1&amp;S21REF=10&amp;S21FMT=eiu_all&amp;C21COM=S&amp;S21CNR=20&amp;S21P01=0&amp;S21P02=0&amp;S21P03=TRN=&amp;S21COLORTERMS=0&amp;S21STR=Varshavskyj_dohovir_1955\">http:\/\/www.history.org.ua\/?termin=Varshavskyj_dohovir_1955<\/a> [in Ukrainian].<\/p>\n<p style=\"padding-left: 40px;\">NATO (2024). <em>NATO Member Countries.<\/em> <a href=\"https:\/\/www.nato.int\/cps\/en\/natohq\/topics_52044.htm\">https:\/\/www.nato.int\/cps\/en\/natohq\/topics_52044.htm<\/a><\/p>\n<p style=\"padding-left: 40px;\">Northedge, F.S., &amp; Grieve, M.J. (1972). <em>A Hundred Years of\u00a0International Relations<\/em>. New York: Praeger.<\/p>\n<p style=\"padding-left: 40px;\">OSCE (2005). <em>CSCE\/OSCE Key Documents<\/em>. <a href=\"https:\/\/www.osce.org\/resources\/csce-osce-key-documents\">https:\/\/www.osce.org\/resources\/csce-osce-key-documents<\/a><\/p>\n<p style=\"padding-left: 40px;\">Pavlenko, A.M. (2005). Varshavskyi dohovir [Warsaw Pact]. In: Editors: Dziuba, I.\u00a0\u041c. et al. Encyclopedia of\u00a0Modern Ukraine. Kyiv: The\u00a0NASU Institute of\u00a0Encyclopedic Research. <a href=\"https:\/\/esu.com.ua\/article-33231\">https:\/\/esu.com.ua\/article-33231<\/a><\/p>\n<p style=\"padding-left: 40px;\">Prymush, M.V. (2006). <em>Konfliktolohiia<\/em> [Conflictology]. Kyiv: Profesional. [in Ukrainian].<\/p>\n<p style=\"padding-left: 40px;\">Rothschild, E. (1995). What Is Security? <em>Daedalus<\/em>, <em>124<\/em>(3), 53-98. <a href=\"https:\/\/www.jstor.org\/stable\/20027310\">https:\/\/www.jstor.org\/stable\/20027310<\/a><\/p>\n<p style=\"padding-left: 40px;\">Rubio, \u041c. (2024). The\u00a0World China Made: \u201cMade in\u00a0China 2025\u201d Nine Years Later. <em>Project for Strong Labor Markets and National Development The\u00a0Office of\u00a0Senator Marco Rubio<\/em><em>.<\/em> <a href=\"https:\/\/perma.cc\/Q2DK-G825\">https:\/\/perma.cc\/Q2DK-G825<\/a><\/p>\n<p style=\"padding-left: 40px;\">Shemshuchenko, Yu. S. (2001). Konventsiia z prymyrennia ta arbitrazhu v ramkakh OBS\u0415 1992 [Convention on Conciliation and Arbitration within the\u00a0OSCE Framework 1992]. <em>Yurydychna entsyklopediia<\/em> [Legal Encyclopedia]. Kyiv: Ukrainian Encyclopedia M. P. Bazhan. [in Ukrainian].<\/p>\n<p style=\"padding-left: 40px;\">Scholz, \u041e. (2023). The\u00a0Global Zeitenwende: How to Avoid a\u00a0New Cold War in\u00a0a\u00a0Multipolar Era. <em>Foreign Affairs<\/em>, <em>102<\/em><em>(1)<\/em>, 22-38, 36. <a href=\"https:\/\/www.foreignaffairs.com\/germany\/olaf-scholz-global-zeitenwende-how-avoid-new-cold-war\">https:\/\/www.foreignaffairs.com\/germany\/olaf-scholz-global-zeitenwende-how-avoid-new-cold-war<\/a><\/p>\n<p style=\"padding-left: 40px;\">Shumskyi, I.K. (2020). Vestfalska systema yak vytok novomodernoi systemy mizhnarodnykh vidnosyn [The\u00a0Westphalian System as a\u00a0Turning Point in\u00a0the\u00a0New Modern System of\u00a0International Relations]. <em>Almanakh<\/em><em>\u00a0<\/em><em>mizhnarodnoho prava<\/em> [Almanac of\u00a0International Law]. <a href=\"http:\/\/inlawalmanac.mgu.od.ua\/v23\/12.pdf\">http:\/\/inlawalmanac.mgu.od.ua\/v23\/12.pdf<\/a> [in\u00a0Ukrainian].<\/p>\n<p style=\"padding-left: 40px;\">S\u00f8rensen, G. (2006). What Kind of\u00a0World Order?: The\u00a0International System in\u00a0the\u00a0New Millennium. <em>Cooperation and Conflict<\/em>, <em>41(4)<\/em>, 343-363. <a href=\"https:\/\/doi.org\/10.1177\/0010836706069601\">https:\/\/doi.org\/10.1177\/0010836706069601<\/a><\/p>\n<p style=\"padding-left: 40px;\">Sytnyk, H.P. &amp; Orel, M.H. (eds.) (2021). <em>Natsionalna bezpeka v konteksti yevropeiskoi intehratsii Ukrainy<\/em> [National Security in\u00a0the\u00a0Context of\u00a0Ukraine\u2019s European Integration]. Kyiv: MAUP. <a href=\"https:\/\/ipacs.knu.ua\/pages\/dop\/336\/files\/7148e643-1410-42f1-a6b6-f4cf15aeb638.pdf\">https:\/\/ipacs.knu.ua\/pages\/dop\/336\/files\/7148e643-1410-42f1-a6b6-f4cf15aeb638.pdf<\/a> [in Ukrainian].<\/p>\n<p style=\"padding-left: 40px;\">Taran, Ye.I. (2022). Henezys systemy svitovoho poriadku [The Genesis of\u00a0the\u00a0World Order System]. <em>Naukovi\u00a0perspektyvy<\/em> [Scientific Perspectives], <em>7<\/em>. <a href=\"https:\/\/doi.org\/10.52058\/2708-7530-2022-7(25)-190-199\">https:\/\/doi.org\/10.52058\/2708-7530-2022-7(25)-190-199<\/a> [in\u00a0Ukrainian].<\/p>\n<p style=\"padding-left: 40px;\">Taran, Ye.I., &amp; Popov, M.A. (2023). Formuvannia novykh tsentriv vplyvu v umovakh stanovlennia novoho svitovoho poriadku [Formation of\u00a0New Centers of\u00a0Influence in\u00a0the\u00a0Context of\u00a0the\u00a0Emergence of\u00a0a\u00a0New World Order]. <em>Politychni naslidky viiny rosiiskoi federatsii proty Ukrainy ta shliakhy yikh podolannia<\/em>: materialy naukovo-praktychnoho seminaru [Political Consequences of\u00a0the\u00a0War of\u00a0the\u00a0russian federation against Ukraine and Ways to Overcome Them: Materials of\u00a0the\u00a0Scientific and Practical Seminar]. Kyiv: KNU. [in Ukrainian].<\/p>\n<p style=\"padding-left: 40px;\">The White House (2022). <em>National Security Strategy<\/em>. Washington, DC. <a href=\"https:\/\/perma.cc\/7RPC-7HZJ\">https:\/\/perma.cc\/7RPC-7HZJ<\/a><\/p>\n<p style=\"padding-left: 40px;\">Tunsj\u00f8, \u00d8. (2018). The\u00a0<em>Return of\u00a0Bipolarity in\u00a0World Politics<\/em>. New York City: Columbia University Press.<\/p>\n<p style=\"padding-left: 40px;\">United Nations (2021). <em>History of\u00a0the\u00a0United Nations. <\/em><a href=\"https:\/\/www.un.org\/en\/about-us\/history-of-the-un\">https:\/\/www.un.org\/en\/about-us\/history-of-the-un<\/a><\/p>\n<p style=\"padding-left: 40px;\">Waltz, K. N. (1967). <em>Foreign Policy and Democratic Politics: The\u00a0American and British Experience<\/em>. Boston: Little, Brown and Company.<\/p>\n<p style=\"padding-left: 40px;\">Waltz, K. N. (1979). <em>Theory of\u00a0International Politics<\/em>. United Kingdom: Addison-Wesley Publishing Company.<\/p>\n<p style=\"padding-left: 40px;\">Walzer, M. (1977). <em>Just and Unjust Wars. A Moral Argument with Historical Illustrations<\/em>. New York: Basic Books.<\/p>\n<p style=\"padding-left: 40px;\">Wendt, A. (1992). Anarchy is What States Make of\u00a0it: The\u00a0Social Construction of\u00a0Power Politics. <em>International Organization<\/em>, <em>46(2)<\/em>, 391-425. doi:10.1017\/S0020818300027764<\/p>\n<p style=\"padding-left: 40px;\">Wolfers, A. (1962). <em>Diskort and Collaboration, Essays on International Politics<\/em>. Baltimore: Johns Hopkins University Press.<\/p>\n","protected":false},"excerpt":{"rendered":"<p>DOI: 10.46340\/eppd.2025.12.3.2 Hanna Lavrynenko, PhD in Political Science Borys Grinchenko Kyiv Metropolitan University, Kyiv, Ukraine Mykola Prymush, D.Sc. in Political Science Vasyl\u2019 Stus Donetsk National University, Vinnytsia, Ukraine How to cite: Lavrynenko, H., &amp; Prymush, M. (2025). The Formation of a New World Order System and Security Architecture. Evropsk\u00fd politick\u00fd&#8230; <a class=\"continue-reading-link\" href=\"https:\/\/eppd13.cz\/?page_id=2676\"> Continue reading <span class=\"meta-nav\">&rarr; <\/span><\/a><\/p>\n","protected":false},"author":1,"featured_media":0,"parent":2664,"menu_order":2,"comment_status":"closed","ping_status":"closed","template":"","meta":{"footnotes":""},"class_list":["post-2676","page","type-page","status-publish","hentry"],"_links":{"self":[{"href":"https:\/\/eppd13.cz\/index.php?rest_route=\/wp\/v2\/pages\/2676","targetHints":{"allow":["GET"]}}],"collection":[{"href":"https:\/\/eppd13.cz\/index.php?rest_route=\/wp\/v2\/pages"}],"about":[{"href":"https:\/\/eppd13.cz\/index.php?rest_route=\/wp\/v2\/types\/page"}],"author":[{"embeddable":true,"href":"https:\/\/eppd13.cz\/index.php?rest_route=\/wp\/v2\/users\/1"}],"replies":[{"embeddable":true,"href":"https:\/\/eppd13.cz\/index.php?rest_route=%2Fwp%2Fv2%2Fcomments&post=2676"}],"version-history":[{"count":6,"href":"https:\/\/eppd13.cz\/index.php?rest_route=\/wp\/v2\/pages\/2676\/revisions"}],"predecessor-version":[{"id":2721,"href":"https:\/\/eppd13.cz\/index.php?rest_route=\/wp\/v2\/pages\/2676\/revisions\/2721"}],"up":[{"embeddable":true,"href":"https:\/\/eppd13.cz\/index.php?rest_route=\/wp\/v2\/pages\/2664"}],"wp:attachment":[{"href":"https:\/\/eppd13.cz\/index.php?rest_route=%2Fwp%2Fv2%2Fmedia&parent=2676"}],"curies":[{"name":"wp","href":"https:\/\/api.w.org\/{rel}","templated":true}]}}