{"id":2664,"date":"2025-07-06T18:49:33","date_gmt":"2025-07-06T15:49:33","guid":{"rendered":"https:\/\/eppd13.cz\/?page_id=2664"},"modified":"2025-07-06T20:34:59","modified_gmt":"2025-07-06T17:34:59","slug":"2025-v-12-iss-3","status":"publish","type":"page","link":"https:\/\/eppd13.cz\/?page_id=2664","title":{"rendered":"2025, V. 12, Iss. 3"},"content":{"rendered":"<p>&nbsp;<\/p>\n<p><a href=\"https:\/\/eppd13.cz\/wp-content\/uploads\/2025\/2025-12-3\/eppd_2025_12_3.pdf\" target=\"_blank\" rel=\"noopener noreferrer\"><em><strong>European Political and Law Discourse, 2025, Volume 12, Issue 3<br \/>\nDOI: 10.46340\/eppd.2025.12.3<\/strong><\/em><\/a><\/p>\n<p><a href=\"https:\/\/eppd13.cz\/wp-content\/uploads\/2025\/2025-12-3\/01.pdf\" target=\"_blank\" rel=\"noopener noreferrer\"><strong>Title<\/strong><\/a><\/p>\n<p><a href=\"https:\/\/eppd13.cz\/wp-content\/uploads\/2025\/2025-12-3\/02.pdf\" target=\"_blank\" rel=\"noopener noreferrer\"><strong>Table of contents<\/strong><\/a><\/p>\n<p style=\"text-align: center; color: #578fbe;\"><strong>INTERNATIONAL RELATIONS<\/strong><\/p>\n<p><a href=\"https:\/\/eppd13.cz\/?page_id=2666\"><strong><em><strong>Gulgun Guliyeva Mubariz,<\/strong> <\/em>GEOSTRATEGIC ANALYSIS OF THE ZANGEZUR CORRIDOR&#8217;S POTENTIAL COMMERCIAL AND LOGISTIC IMPACTS ON THE REGION <strong>5-15<\/strong><\/strong><\/a><\/p>\n<p><a href=\"https:\/\/eppd13.cz\/?page_id=2676\"><strong><em><strong>Hanna Lavrynenko, Mykola Prymush,<\/strong><\/em> THE FORMATION OF A NEW WORLD ORDER SYSTEM AND SECURITY ARCHITECTURE <strong>16-27<\/strong><\/strong><\/a><\/p>\n<p style=\"text-align: center; color: #578fbe;\"><strong>NATIONAL SECURITY ISSUES<\/strong><\/p>\n<p><a href=\"https:\/\/eppd13.cz\/?page_id=2683\"><strong><em><strong>Halyna Kuts, Volodymyr Zolotarov, Yurii Kuts, Olena Sergeyeva, Iryna Peresypkina,<\/strong><\/em> LANGUAGE SECURITY OF UKRAINE UNDER THE CONDITIONS OF COUNTERACTING RUSSIAN AGGRESSION: PUBLIC-ADMINISTRATIVE DIMENSION <strong>28-40<\/strong><\/strong><\/a><\/p>\n<p><a href=\"https:\/\/eppd13.cz\/?page_id=2689\"><strong><em><strong>Nataliia Khoma, Iryna Kresina, Oleksandr Nikolaiev, Patalakha Valerii,<\/strong><\/em> NATIONAL RESILIENCE OF UKRAINE: CONTENT AND SECURITY STRATEGY IN THE CONTEXT OF A WAR AND POST-WAR RECOVERY <strong>41-52<\/strong><\/strong><\/a><\/p>\n<p style=\"text-align: center; color: #578fbe;\"><strong>POLITICAL INSTITUTIONS AND PROCESSES<\/strong><\/p>\n<p><a href=\"https:\/\/eppd13.cz\/?page_id=2695\"><strong><em><strong>Yuriy Maslov,<\/strong><\/em> ELIMINATION OF POLITICAL DUALISM TO ESTABLISH PARLIAMENTARY DEMOCRACY IN UKRAINE <strong>53-65<\/strong><\/strong><\/a><\/p>\n<p style=\"text-align: center; color: #578fbe;\"><strong>PROBLEMS OF NATIONAL LAW<\/strong><\/p>\n<p><a href=\"https:\/\/eppd13.cz\/?page_id=2701\"><strong><em><strong>Petr \u0160ev\u010d\u00edk,<\/strong><\/em> DEFINING THE FACTS BEFORE STARTING THE PREPARATION OF AN EXPERT OPINION IN CIVIL PROCEEDINGS <strong>66-74<\/strong><\/strong><\/a><\/p>\n","protected":false},"excerpt":{"rendered":"<p>&nbsp; European Political and Law Discourse, 2025, Volume 12, Issue 3 DOI: 10.46340\/eppd.2025.12.3 Title Table of contents INTERNATIONAL RELATIONS Gulgun Guliyeva Mubariz, GEOSTRATEGIC ANALYSIS OF THE ZANGEZUR CORRIDOR&#8217;S POTENTIAL COMMERCIAL AND LOGISTIC IMPACTS ON THE REGION 5-15 Hanna Lavrynenko, Mykola Prymush, THE FORMATION OF A NEW WORLD ORDER SYSTEM AND&#8230; <a class=\"continue-reading-link\" href=\"https:\/\/eppd13.cz\/?page_id=2664\"> Continue reading <span class=\"meta-nav\">&rarr; <\/span><\/a><\/p>\n","protected":false},"author":1,"featured_media":0,"parent":105,"menu_order":69,"comment_status":"closed","ping_status":"closed","template":"","meta":{"footnotes":""},"class_list":["post-2664","page","type-page","status-publish","hentry"],"_links":{"self":[{"href":"https:\/\/eppd13.cz\/index.php?rest_route=\/wp\/v2\/pages\/2664","targetHints":{"allow":["GET"]}}],"collection":[{"href":"https:\/\/eppd13.cz\/index.php?rest_route=\/wp\/v2\/pages"}],"about":[{"href":"https:\/\/eppd13.cz\/index.php?rest_route=\/wp\/v2\/types\/page"}],"author":[{"embeddable":true,"href":"https:\/\/eppd13.cz\/index.php?rest_route=\/wp\/v2\/users\/1"}],"replies":[{"embeddable":true,"href":"https:\/\/eppd13.cz\/index.php?rest_route=%2Fwp%2Fv2%2Fcomments&post=2664"}],"version-history":[{"count":8,"href":"https:\/\/eppd13.cz\/index.php?rest_route=\/wp\/v2\/pages\/2664\/revisions"}],"predecessor-version":[{"id":2706,"href":"https:\/\/eppd13.cz\/index.php?rest_route=\/wp\/v2\/pages\/2664\/revisions\/2706"}],"up":[{"embeddable":true,"href":"https:\/\/eppd13.cz\/index.php?rest_route=\/wp\/v2\/pages\/105"}],"wp:attachment":[{"href":"https:\/\/eppd13.cz\/index.php?rest_route=%2Fwp%2Fv2%2Fmedia&parent=2664"}],"curies":[{"name":"wp","href":"https:\/\/api.w.org\/{rel}","templated":true}]}}