{"id":2574,"date":"2025-03-02T13:31:59","date_gmt":"2025-03-02T11:31:59","guid":{"rendered":"https:\/\/eppd13.cz\/?page_id=2574"},"modified":"2025-03-02T13:31:59","modified_gmt":"2025-03-02T11:31:59","slug":"ukrainian-economic-diplomacy-during-the-full-scale-russian-aggression","status":"publish","type":"page","link":"https:\/\/eppd13.cz\/?page_id=2574","title":{"rendered":"Ukrainian Economic Diplomacy during the Full-Scale Russian Aggression"},"content":{"rendered":"<p><strong>DOI: <\/strong><a href=\"https:\/\/doi.org\/10.46340\/eppd.2025.12.1.1\">10.46340\/eppd.2025.12.1.1<\/a><\/p>\n<p><strong>Oleksandr Vysotskyi, D.Sc. in Political Science<\/strong><br \/>\n<em>Oles Honchar Dnipro National University, Dnipro, Ukraine<\/em><br \/>\n<strong>Igor Polishchuk, D.Sc. in Political Science<\/strong><br \/>\n<em>Yaroslav Mudryi National Law University, Kharkiv, Ukraine<\/em><br \/>\n<strong>Dmytro Korotkov, PhD in Political Science<\/strong><br \/>\n<em>Simon Kuznets Kharkiv National University of Economics, Kharkiv, Ukraine<\/em><br \/>\n<strong>Zhanna Chevychalova, PhD in Law<\/strong><br \/>\n<em>Yaroslav Mudryi National Law University, Kharkiv, Ukraine<\/em><\/p>\n<p><a href=\"https:\/\/eppd13.cz\/wp-content\/uploads\/2025\/2025-12-1\/03.pdf\" target=\"_blank\" rel=\"noopener noreferrer\"><img loading=\"lazy\" decoding=\"async\" class=\"alignnone size-full wp-image-2167\" src=\"http:\/\/eppd13.cz\/wp-content\/uploads\/2024\/01\/icon72-pdf-eppd.png\" alt=\"\" width=\"72\" height=\"72\" data-id=\"2167\" \/><\/a><\/p>\n<p><strong><em>How to cite: <\/em><\/strong>Vysotskyi, O., Polishchuk, I., Korotkov, D., &amp; Chevychalova, Zh. (2025). Ukrainian Economic Diplomacy during the Full-Scale Russian Aggression. <em>Evropsk\u00fd politick\u00fd a pr\u00e1vn\u00ed diskurz, 12, 1,<\/em> 5-12. <a href=\"https:\/\/doi.org\/10.46340\/eppd.2025.12.1.1\">https:\/\/doi.org\/10.46340\/eppd.2025.12.1.1<\/a><\/p>\n<p>&nbsp;<\/p>\n<p><strong>Abstract<\/strong><\/p>\n<p>This study examines the pivotal role of economic diplomacy in Ukraine\u2019s survival and resistance during the full-scale Russian aggression that began in February 2022. Amid a dire economic and financial situation, Ukraine faced an existential challenge, defending itself against a significantly stronger and more resourceful aggressor. Economic diplomacy emerged as a critical strategy to counterbalance Russia\u2019s advantages, leveraging global economic and political mechanisms to sustain Ukraine\u2019s defense and resilience. The study aims to elucidate the essence, tools, and outcomes of Ukraine\u2019s economic diplomacy during the first 18 months of the Russia-Ukraine war. It identifies and analyzes strategic directions of economic diplomacy, including securing military supplies, mobilizing financial aid, imposing sanctions on the aggressor, facilitating humanitarian assistance, reducing trade barriers, and fostering post-war recovery frameworks. The research also highlights the leadership of President Volodymyr Zelenskyy in uniting the global democratic community, utilizing innovative communication and value-driven appeals to galvanize international support. Methodologically, the study integrates a technological approach with systems analysis and case studies to uncover the interconnectedness of economic, political, and communication strategies. The authors reveal that Ukraine\u2019s economic diplomacy achieved significant milestones, such as securing unprecedented levels of military and financial assistance, imposing comprehensive sanctions against Russia, and fostering a cohesive global response to aggression. The analysis underscores the existential nature of these efforts, demonstrating that economic diplomacy was not only a tool for survival but also a foundation for future reconstruction and stability. Furthermore, the research highlights the transformative role of Volodymyr Zelenskyy\u2019s public diplomacy, which transcended traditional statecraft by cultivating trust and solidarity through direct appeals to global audiences. Ukraine\u2019s economic diplomacy serves as a model of resilience and ingenuity, showcasing how nations can navigate profound crises through strategic coordination and international collaboration.<\/p>\n<p><em><strong>Keywords:<\/strong><\/em> economic diplomacy, wartime international relations, sanctions strategy, international communication, policy, Russia-Ukraine war, security.<\/p>\n<p>&nbsp;<\/p>\n<p><strong>References<\/strong><\/p>\n<p style=\"padding-left: 40px;\">Bayne, N., &amp; Woolcock, S. (2017). <em>What is Economic Diplomacy? The New Economic Diplomacy: Decision-Making and Negotiation in International Economic Relations<\/em>. Abingdon, Oxon; New York, NY: Routledge.<\/p>\n<p style=\"padding-left: 40px;\">Chatterjee, Ch. (2020). <em>Economic Diplomacy and Foreign Policy-Making<\/em>. London: Palgrave Macmillan.<\/p>\n<p style=\"padding-left: 40px;\">Clark, J. (2023). Pentagon Announces $200M in Security Assistance for Ukraine. <em>An Official Website of the United<\/em><em> States Government. U.S. Department of Defense<\/em>. <a href=\"https:\/\/www.defense.gov\/News\/News-Stories\/Article\/Article\/3492273\/pentagon-announces-200m-in-security-assistance-for-ukraine\/\">https:\/\/www.defense.gov\/News\/News-Stories\/Article\/Article\/3492273\/pentagon-announces-200m-in-security-assistance-for-ukraine\/<\/a><\/p>\n<p style=\"padding-left: 40px;\">Danilyan, O., et al. (2022). Historical and Cultural-Mental Origins of Legal Consciousness of the Ukrainian People. <em>Revista Notas Hist\u00f3ricas y Geogr\u00e1ficas <\/em>[Historical and Geographical Notes Magazine]<em>, 28<\/em>, 346-360. <a href=\"https:\/\/www.revistanotashistoricasygeograficas.cl\/index.php\/nhyg\/issue\/view\/22\">https:\/\/www.revistanotashistoricasygeograficas.cl\/index.php\/nhyg\/issue\/view\/22<\/a><\/p>\n<p style=\"padding-left: 40px;\">Danilyan, O., et al.\u00a0 (2024). Protection of Human Rights in Ukraine Under Martial Law. <em>Revista Notas Hist\u00f3ricas y<\/em><em>\u00a0<\/em><em>Geogr\u00e1ficas<\/em> [Historical and Geographical Notes Magazine], <em>33<\/em>, 464-487. <a href=\"https:\/\/www.revistanotashistoricasygeograficas.cl\/index.php\/nhyg\/article\/view\/626\/71\">https:\/\/www.revistanotashistoricasygeograficas.cl\/index.php\/nhyg\/article\/view\/626\/71<\/a><\/p>\n<p style=\"padding-left: 40px;\">Danilyan, O., et al. (2023). Value Aspects of the Safe Existence of Social Systems in an Unstable World, <em>Cogito, 15(4)<\/em>, 60-78. <a href=\"https:\/\/cogito.ucdc.ro\/COGITO_DECEMBER_2023.pdf\">https:\/\/cogito.ucdc.ro\/COGITO_DECEMBER_2023.pdf<\/a><\/p>\n<p style=\"padding-left: 40px;\">European Commission (2022). <em>Furtherance of Remedy and Reparation for Aggression against Ukraine. <\/em><a href=\"https:\/\/digitallibrary.un.org\/record\/3993657\/files\/A_ES-11_L.6-EN.pdf\">https:\/\/digitallibrary.un.org\/record\/3993657\/files\/A_ES-11_L.6-EN.pdf<\/a><\/p>\n<p style=\"padding-left: 40px;\">European Commission (2023). <em>EU Adopts 11th Package of Sanctions Against Russia for its Continued Illegal War against Ukraine. Press release<\/em>. <a href=\"https:\/\/ec.europa.eu\/commission\/presscorner\/detail\/en\/ip_23_3429\">https:\/\/ec.europa.eu\/commission\/presscorner\/detail\/en\/ip_23_3429<\/a><\/p>\n<p style=\"padding-left: 40px;\">European Council (2022). <em>Iran: EU Adopts Council Conclusions and Additional Restrictive Measures. <\/em><a href=\"https:\/\/www.consilium.europa.eu\/en\/press\/press-releases\/2022\/12\/12\/iran-eu-adopts-council-conclusions-and-additional-restrictive-measures\/\">https:\/\/www.consilium.europa.eu\/en\/press\/press-releases\/2022\/12\/12\/iran-eu-adopts-council-conclusions-and-additional-restrictive-measures\/<\/a><\/p>\n<p style=\"padding-left: 40px;\">European Council (2023). <em>Iran: EU Adopts New Restrictive Measures for Military Support to Syria and Russia\u2019s War of Aggression Against Ukraine<\/em>. <a href=\"https:\/\/www.consilium.europa.eu\/en\/press\/press-releases\/2023\/07\/20\/iran-eu-adopts-new-restrictive-measures-for-military-support-to-syria-and-russia-s-war-of-aggression-against-ukraine\/\">https:\/\/www.consilium.europa.eu\/en\/press\/press-releases\/2023\/07\/20\/iran-eu-adopts-new-restrictive-measures-for-military-support-to-syria-and-russia-s-war-of-aggression-against-ukraine\/<\/a><\/p>\n<p style=\"padding-left: 40px;\">Khylko, M., &amp; Khylko, \u041e. (2024). Navigating Global South\u2019s Ambivalent Stance on Russia-Ukraine War. <em>Evropsk\u00fd politick\u00fd a pr\u00e1vn\u00ed diskurz<\/em> [European Political and Law Discourse], <em>11(4)<\/em>, 5-15. <a href=\"https:\/\/doi.org\/10.46340\/eppd.2024.11.4.1\">https:\/\/doi.org\/10.46340\/eppd.2024.11.4.1<\/a><\/p>\n<p style=\"padding-left: 40px;\">Lamy, A., et al. (2022). US Government Imposes Additional Financial Sanctions on Russia, Targeting Several Russian Banks and Russian Sovereign Debt. <em>Global Sanctions and Export Controls Blog. <\/em><a href=\"https:\/\/sanctionsnews.bakermckenzie.com\/us-government-imposes-additional-financial-sanctions-on-russia-targeting-several-russian-banks-and-russian-sovereign-debt\/\">https:\/\/sanctionsnews.bakermckenzie.com\/us-government-imposes-additional-financial-sanctions-on-russia-targeting-several-russian-banks-and-russian-sovereign-debt\/<\/a><\/p>\n<p style=\"padding-left: 40px;\">Lysyk, V., &amp; Shperun, K. (2024). UN Practice in Protecting Human Rights During Armed Conflicts. <em>Evropsk\u00fd politick\u00fd a pr\u00e1vn\u00ed diskurz<\/em> [European Political and Law Discourse], <em>11(4)<\/em>, 16-26. <a href=\"https:\/\/doi.org\/10.46340\/eppd.2024.11.4.2\">https:\/\/doi.org\/10.46340\/eppd.2024.11.4.2<\/a><\/p>\n<p style=\"padding-left: 40px;\">Neves, M. S. (2017). Economic Diplomacy, Geo-Economics and the External Strategy of Portugal. <em>JANUS.NET <\/em><em><br \/>\n<\/em><em>e-journal of International Relations , 8(1)<\/em>, 88-118. <a href=\"http:\/\/hdl.handle.net\/11144\/3035\">http:\/\/hdl.handle.net\/11144\/3035<\/a><\/p>\n<p style=\"padding-left: 40px;\">Okano-Heijmans, M. (2013). <em>Economic Diplomacy: Japan and the Balance of National Interests<\/em>. Leiden-Boston: Martinus Nijhoff Publishers.<\/p>\n<p style=\"padding-left: 40px;\">Olsen, K.B. (2022). <em>The Geoeconomic Diplomacy of European Sanctions: Networked Practices and Sanctions Implementation. <\/em>Leiden; Boston: Brill, Nijhoff.<\/p>\n<p style=\"padding-left: 40px;\">President of Ukraine (2022). <em>Joint Statement by the President of Ukraine, the President of the Republic of Lithuania,<\/em><em> the President of the Republic of Poland on the Russian Federation\u2019s Decision to Recognise the So-Called \u201cDPR\u201d and \u201cLPR\u201d.<\/em> <a href=\"https:\/\/www.president.gov.ua\/en\/news\/spilna-zayava-prezidenta-ukrayini-prezidenta-litovskoyi-resp-73077\">https:\/\/www.president.gov.ua\/en\/news\/spilna-zayava-prezidenta-ukrayini-prezidenta-litovskoyi-resp-73077<\/a><\/p>\n<p style=\"padding-left: 40px;\">Sayapin, S. (2014). <em>The Crime of Aggression in International Criminal Law: Historical Development, Comparative Analysis and Present State.<\/em> The Hague: T.M.C. Asser Press: Imprint: T.M.C. Asser Press.<\/p>\n<p style=\"padding-left: 40px;\">The Kiel Institute for the World Economy (2023). <em>Ukraine Support Tracker. A Database of Military, Financial and Humanitarian Aid to Ukraine.<\/em> <a href=\"https:\/\/www.ifw-kiel.de\/topics\/war-against-ukraine\/ukraine-support-tracker\/\">https:\/\/www.ifw-kiel.de\/topics\/war-against-ukraine\/ukraine-support-tracker\/<\/a><\/p>\n<p style=\"padding-left: 40px;\">Trebesch, C., et al. (2023). The Ukraine Support Tracker. <em>Kiel Working Paper, 2218<\/em>.<br \/>\n<a href=\"https:\/\/www.ifw-kiel.de\/fileadmin\/Dateiverwaltung\/Subject_Dossiers_Topics\/Ukraine\/Ukraine_Support_%20Tracker\/Dataset_Documentation.pdf\">https:\/\/www.ifw-kiel.de\/fileadmin\/Dateiverwaltung\/Subject_Dossiers_Topics\/Ukraine\/Ukraine_Support_ Tracker\/Dataset_Documentation.pdf<\/a><\/p>\n<p style=\"padding-left: 40px;\">United Nations General Assembly (1974). <em>Definition of Aggression. <\/em><a href=\"https:\/\/digitallibrary.un.org\/record\/190983\/files\/A_RES_3314%28XXIX%29-EN.pdf\">https:\/\/digitallibrary.un.org\/record\/190983\/files\/A_RES_3314%28XXIX%29-EN.pdf<\/a><\/p>\n<p style=\"padding-left: 40px;\">United Nations General Assembly (2022). <em>Aggression Against Ukraine: Resolution. <\/em><a href=\"https:\/\/digitallibrary.un.org\/record\/3965290\/files\/A_RES_ES-11_1-EN.pdf\">https:\/\/digitallibrary.un.org\/record\/3965290\/files\/A_RES_ES-11_1-EN.pdf<\/a><\/p>\n<p style=\"padding-left: 40px;\">Wayne, A. (2019). What is Economic Diplomacy and How Does it Work? <em>The Foreign Service Journal, Jan-Feb., <\/em>23-27. <a href=\"https:\/\/afsa.org\/what-economic-diplomacy-and-how-does-it-work\">https:\/\/afsa.org\/what-economic-diplomacy-and-how-does-it-work<\/a><\/p>\n<p style=\"padding-left: 40px;\">Woolcock, S. (2012). <em>European Union Economic Diplomacy: the Role of the EU in External Economic Relations. <\/em>Farnham; Burlington, VT: Ashgate.<\/p>\n<p style=\"padding-left: 40px;\">World Bank Group (2023). <em>Financing Mobilized for Ukraine since February 24, 2022.\u00a0 <\/em><a href=\"https:\/\/www.worldbank.org\/en\/country\/ukraine\/brief\/world-bank-emergency-financing-package-for-ukraine\">https:\/\/www.worldbank.org\/en\/country\/ukraine\/brief\/world-bank-emergency-financing-package-for-ukraine<\/a><\/p>\n<p style=\"padding-left: 40px;\">Yermak, A. (2022). Sanctions Against Russia should be Such as to Force it to End this Terrible War. 21 April 2022. <em>President of Ukraine<\/em>. <a href=\"https:\/\/www.president.gov.ua\/en\/news\/andrij-yermak-sankciyi-proti-rosiyi-mayut-buti-takimi-sho-zm-74469\">https:\/\/www.president.gov.ua\/en\/news\/andrij-yermak-sankciyi-proti-rosiyi-mayut-buti-takimi-sho-zm-74469<\/a><\/p>\n<p style=\"padding-left: 40px;\">Zelenskyy, V. (2022a). Address by President of Ukraine Volodymyr Zelenskyy to the participants of the Group of\u00a0Seven summit. President of Ukraine. https:\/\/www.president.gov.ua\/en\/news\/zvernennya-prezidenta-ukrayini-volodimira-zelenskogo-do-ucha-73801<\/p>\n<p style=\"padding-left: 40px;\">Zelenskyy, V. (2022b). Our Cooperation Brings the Victory of Ukraine Closer &#8211; Speech by President Volodymyr Zelenskyy at the Second Ministerial Roundtable Discussion for Support to Ukraine Under the Leadership<br \/>\nof the Ukrainian Government, the World Bank Group and the IMF. <em>President of Ukraine. <\/em><a href=\"https:\/\/www.president.gov.ua\/en\/news\/nasha-spivpracya-nablizhaye-peremogu-ukrayini-vistup-prezide-78445\">https:\/\/www.president.gov.ua\/en\/news\/nasha-spivpracya-nablizhaye-peremogu-ukrayini-vistup-prezide-78445<\/a><\/p>\n<p style=\"padding-left: 40px;\">Zelenskyy, V. (2022c). Russian Terror Must Lose, Ukraine and All of Europe Must Win &#8211; President Volodymyr Zelenskyy\u2019s Address to the European Council. <em>President of Ukraine. <\/em><a href=\"https:\/\/www.president.gov.ua\/en\/news\/rosijskij-teror-maye-prograti-ukrayina-j-usya-yevropa-mayut-78613\">https:\/\/www.president.gov.ua\/en\/news\/rosijskij-teror-maye-prograti-ukrayina-j-usya-yevropa-mayut-78613<\/a><\/p>\n<p style=\"padding-left: 40px;\">Zelenskyy, V. (2022d). Address by the President of Ukraine. 24 February 2022. <em>President of Ukraine. <\/em><a href=\"https:\/\/www.president.gov.ua\/en\/news\/zvernennya-prezidenta-ukrayini-73137\">https:\/\/www.president.gov.ua\/en\/news\/zvernennya-prezidenta-ukrayini-73137<\/a><\/p>\n<p style=\"padding-left: 40px;\">Zelenskyy, V. (2022e). Speech by the President of Ukraine at the 58th Munich Security Conference. <em>President of<\/em><em>\u00a0<\/em><em>Ukraine<\/em>. <a href=\"https:\/\/www.president.gov.ua\/en\/news\/vistup-prezidenta-ukrayini-na-58-j-myunhenskij-konferenciyi-72997\">https:\/\/www.president.gov.ua\/en\/news\/vistup-prezidenta-ukrayini-na-58-j-myunhenskij-konferenciyi-72997<\/a><\/p>\n<p style=\"padding-left: 40px;\">Zelenskyy, V. (2022f). The World Must Show the Strength Needed to Put an End to the Aggressor\u2019s Ability to\u00a0Escalate &#8211; President During a Speech in the Australian Lowy Institute. <em>President of Ukraine. <\/em><a href=\"https:\/\/www.president.gov.ua\/en\/news\/svit-povinen-pokazati-silu-shob-postaviti-krapku-u-spromozhn-78325\">https:\/\/www.president.gov.ua\/en\/news\/svit-povinen-pokazati-silu-shob-postaviti-krapku-u-spromozhn-78325<\/a><\/p>\n<p style=\"padding-left: 40px;\">Zelenskyy, V. (2023). Your Task is to Ensure that the World Always Stands with Ukraine &#8211; President\u2019s Speech at\u00a0the Meeting with Heads of Foreign Diplomatic Missions of Ukraine. <em>President of Ukraine. <\/em><a href=\"https:\/\/www.president.gov.ua\/en\/news\/vashe-zavdannya-shob-svit-zavzhdi-buv-razom-z-ukrayinoyu-vis-84665\">https:\/\/www.president.gov.ua\/en\/news\/vashe-zavdannya-shob-svit-zavzhdi-buv-razom-z-ukrayinoyu-vis-84665<\/a><\/p>\n","protected":false},"excerpt":{"rendered":"<p>DOI: 10.46340\/eppd.2025.12.1.1 Oleksandr Vysotskyi, D.Sc. in Political Science Oles Honchar Dnipro National University, Dnipro, Ukraine Igor Polishchuk, D.Sc. in Political Science Yaroslav Mudryi National Law University, Kharkiv, Ukraine Dmytro Korotkov, PhD in Political Science Simon Kuznets Kharkiv National University of Economics, Kharkiv, Ukraine Zhanna Chevychalova, PhD in Law Yaroslav Mudryi&#8230; <a class=\"continue-reading-link\" href=\"https:\/\/eppd13.cz\/?page_id=2574\"> Continue reading <span class=\"meta-nav\">&rarr; <\/span><\/a><\/p>\n","protected":false},"author":1,"featured_media":0,"parent":2572,"menu_order":1,"comment_status":"closed","ping_status":"closed","template":"","meta":{"footnotes":""},"class_list":["post-2574","page","type-page","status-publish","hentry"],"_links":{"self":[{"href":"https:\/\/eppd13.cz\/index.php?rest_route=\/wp\/v2\/pages\/2574","targetHints":{"allow":["GET"]}}],"collection":[{"href":"https:\/\/eppd13.cz\/index.php?rest_route=\/wp\/v2\/pages"}],"about":[{"href":"https:\/\/eppd13.cz\/index.php?rest_route=\/wp\/v2\/types\/page"}],"author":[{"embeddable":true,"href":"https:\/\/eppd13.cz\/index.php?rest_route=\/wp\/v2\/users\/1"}],"replies":[{"embeddable":true,"href":"https:\/\/eppd13.cz\/index.php?rest_route=%2Fwp%2Fv2%2Fcomments&post=2574"}],"version-history":[{"count":1,"href":"https:\/\/eppd13.cz\/index.php?rest_route=\/wp\/v2\/pages\/2574\/revisions"}],"predecessor-version":[{"id":2575,"href":"https:\/\/eppd13.cz\/index.php?rest_route=\/wp\/v2\/pages\/2574\/revisions\/2575"}],"up":[{"embeddable":true,"href":"https:\/\/eppd13.cz\/index.php?rest_route=\/wp\/v2\/pages\/2572"}],"wp:attachment":[{"href":"https:\/\/eppd13.cz\/index.php?rest_route=%2Fwp%2Fv2%2Fmedia&parent=2574"}],"curies":[{"name":"wp","href":"https:\/\/api.w.org\/{rel}","templated":true}]}}