{"id":2540,"date":"2024-12-25T20:07:58","date_gmt":"2024-12-25T18:07:58","guid":{"rendered":"https:\/\/eppd13.cz\/?page_id=2540"},"modified":"2024-12-25T20:08:33","modified_gmt":"2024-12-25T18:08:33","slug":"strategies-for-ukraines-legal-integration-into-the-eu-learning-from-the-experience-of-central-and-eastern-europe","status":"publish","type":"page","link":"https:\/\/eppd13.cz\/?page_id=2540","title":{"rendered":"Strategies for Ukraine\u2019s Legal Integration into the EU: Learning from the Experience of Central and Eastern Europe"},"content":{"rendered":"<p><strong>DOI: <\/strong><a href=\"https:\/\/doi.org\/10.46340\/eppd.2024.11.6.2\">10.46340\/eppd.2024.11.6.2<\/a><\/p>\n<p><strong>Inna Dudyk, PhD in Law<\/strong><br \/>\n<em>Private Higher Educational Institution \u201cKyiv Medical University\u201d (part-time);<br \/>\nAntimonopoly Committee of Ukraine (main employment), Kyiv, Ukraine<\/em><br \/>\n<strong>Krystyna Rezvorovych, Doctor of Law<\/strong><br \/>\n<em>Dnipro State University of Internal Affairs, Dnipro, Ukraine<\/em><br \/>\n<strong>Viktor Melnyk, PhD in Political Science<\/strong><br \/>\n<em>Taras Shevchenko National University of Kyiv, Kyiv<\/em><br \/>\n<strong>Oleksandra Gayevaya, Doctor of Law<\/strong><br \/>\n<em>National Technical University \u201cKharkiv Polytechnic Institute\u201d, Kharkiv, Ukraine;<br \/>\nAdam Mickiewicz University, Pozna\u0144, Poland<\/em><br \/>\n<strong>Vladas Tumalavi\u010dius, PhD in Law<\/strong><br \/>\n<em>The General Jonas \u017demaitis Military Academy of Lithuania, Vilnius<\/em><\/p>\n<p><a href=\"https:\/\/eppd13.cz\/wp-content\/uploads\/2024\/2024-11-6\/04.pdf\" target=\"_blank\" rel=\"noopener noreferrer\"><img loading=\"lazy\" decoding=\"async\" class=\"alignnone size-full wp-image-2167\" src=\"http:\/\/eppd13.cz\/wp-content\/uploads\/2024\/01\/icon72-pdf-eppd.png\" alt=\"\" width=\"72\" height=\"72\" data-id=\"2167\" \/><\/a><\/p>\n<p><strong><em>How to cite: <\/em><\/strong>Dudyk, I., Rezvorovych, K., Melnyk, V., Gayevaya, O., &amp; Tumalavi\u010diusv, V. (2024). Strategies for Ukraine\u2019s Legal Integration into the EU: Learning from the Experience of Central and Eastern Europe. <em>Evropsk\u00fd politick\u00fd a pr\u00e1vn\u00ed diskurz, 11, 6,<\/em> 13-21. <a href=\"https:\/\/doi.org\/10.46340\/eppd.2024.11.6.2\">https:\/\/doi.org\/10.46340\/eppd.2024.11.6.2<\/a><\/p>\n<p>&nbsp;<\/p>\n<p><strong>Abstract<\/strong><\/p>\n<p>This study aims to analyze the legal integration strategies adopted by Central and Eastern European countries during their accession to the European Union (EU). The research employs the Prisma approach, developing three essential criteria for data inclusion. Data have been gathered from official documents and various academic sources directly related to the EU accession process. The analysis uncovers key strategies and mechanisms these countries implement to harmonize their legal systems with European Union law. Among the key strategies are the development of national integration programs, the establishment of specialized committees tasked with overseeing the process, and the adoption of comprehensive legislative frameworks to meet EU standards. Furthermore, this study emphasizes the critical role played by transparency, flexibility, and continuous adaptation throughout the legal integration process. Based on these findings, it is concluded that the legal integration strategies employed by Central and Eastern European countries provide valuable insights and guidance for Ukraine\u2019s potential future accession to the European Union. The key lessons include the importance of well-executed strategic planning, institutional transparency, and the establishment of effective institutional frameworks. Moreover, the need for technical assistance from the European Union and the crucial role of public perception and societal adaptation are highlighted as central factors for a successful integration process. The study suggests that Ukraine can greatly benefit by adopting a carefully tailored approach, drawing from both the challenges and achievements of its Central and Eastern European counterparts. As Ukraine continues to pursue closer ties with the European Union, these lessons will be essential for navigating its path toward potential membership. This study contributes to a broader understanding of legal integration by providing a comparative framework that highlights the intricacies and essential components involved in aligning national legal systems with EU legal frameworks.<\/p>\n<p><em><strong>Keywords:<\/strong> <\/em>European integration, legal strategies, comparative analysis, institutional adaptation, technical assistance, Antimonopoly Committee of Ukraine.<\/p>\n<p>&nbsp;<\/p>\n<p><strong>References<\/strong><\/p>\n<p>Andriychuk,\u00a0O. (2023). Towards a New Digital Competition Policy of Ukraine: The EU Matrix. In:\u00a0<em>Competition and Intellectual Property Law in Ukraine<\/em>\u00a0Springer Berlin. Heidelberg, 173-191.<br \/>\n<a href=\"https:\/\/doi.org\/10.1007\/978-3-662-66101-7_8\">https:\/\/doi.org\/10.1007\/978-3-662-66101-7_8<\/a><\/p>\n<p>Asgarova, M. P. (2022). Issues of International Cooperation in Criminal Proceedings: Some Problems of\u00a0Reform.\u00a0<em>Revista Amazonia Investiga<\/em>,\u00a0<em>11(52)<\/em>, 186-194. <a href=\"https:\/\/doi.org\/10.34069\/AI\/2022.52.04.20\">https:\/\/doi.org\/10.34069\/AI\/2022.52.04.20<\/a><\/p>\n<p>Babenko, V., Biletska, Y., &amp; Pelyak, H. (2020). Ukraine-EU: Economic Integration Strategy. <em>Geopolitics under Globalization, 3(1)<\/em>, 12-23. <a href=\"https:\/\/doi.org\/10.21511\/gg.03(1).2020.02\">https:\/\/doi.org\/10.21511\/gg.03(1).2020.02<\/a><\/p>\n<p>Blikhar, M. (2023). Regulatory and Legal Support for the Adaptation of the Trade Policy of Central and Eastern European Countries to the Common Trade Policy of the EU. In: <em>Transformation of Ukraine\u2019s Economy: Formation of an Inclusive Economy System and Functionality of Financial Inclusion<\/em>. Riga, Latvia: Baltija Publishing, 391-408. <a href=\"https:\/\/doi.org\/10.30525\/978-9934-26-321-7-17\">https:\/\/doi.org\/10.30525\/978-9934-26-321-7-17<\/a><\/p>\n<p>Bobro,\u00a0N. (2024). Key Factors and Structures of the Development of the Digital Transformation of the Economy. <em>V\u011bda a perspektivy <\/em>[Science and Perspectives], <em>1(32)<\/em>.\u00a0<a href=\"https:\/\/doi.org\/10.52058\/2695-1592-2024-1(32)-9-14\">https:\/\/doi.org\/10.52058\/2695-1592-2024-1(32)-9-14<\/a><\/p>\n<p>Bobro,\u00a0N. (2024). Factors of Digital Economy Development. In:\u00a0<em>Transformation of the Economic System <\/em><em><br \/>\nin the Modern Context: Processes, Strategies, Technologies<\/em>. Riga, Latvia: Baltija Publishing. <a href=\"https:\/\/doi.org\/10.30525\/978-9934-26-447-4-1\">https:\/\/doi.org\/10.30525\/978-9934-26-447-4-1<\/a><\/p>\n<p>Bogdan, S. (2020). A Complex Legal Framework for a lack of Legal Certainty: Case Study of Romania. In:\u00a0Bogdan, S. (ed.) <em>Combatting Illicit Trade on the EU Border<\/em>. Springer International Publishing, 213-252. <a href=\"https:\/\/doi.org\/10.1007\/978-3-030-51019-0_7\">https:\/\/doi.org\/10.1007\/978-3-030-51019-0_7<\/a><\/p>\n<p>Buriak, I., et. al. (2023). Future Legal Culture as an Element of the Legal System. <em>Futurity Economics &amp; Law, 3(2)<\/em>, 39-47. <a href=\"https:\/\/doi.org\/10.57125\/FEL.2023.06.25.03\">https:\/\/doi.org\/10.57125\/FEL.2023.06.25.03<\/a><\/p>\n<p>Los-Nowak, T. (1998). Conceptualisation of the Adaptation Policy Model of Poland towards the European Union. <em>Copenhagen Peace Research Institute<\/em> <a href=\"https:\/\/web.archive.org\/web\/20221201070318\/https:\/ciaotest.cc.columbia.edu\/wps\/lot01\/\">https:\/\/web.archive.org\/web\/20221201070318\/https:\/\/ciaotest.cc.columbia.edu\/wps\/lot01\/<\/a><\/p>\n<p>Council of Europe (1971). <em>European Conventions and Agreements<\/em>. Strasbourg.<\/p>\n<p>Damirchiyev, M. I., et. al. (2019). Protection of Ukrainian Business in the European Union Competition Law. <em>Financial and Credit Activity: Problems of Theory and Practice, 4(31)<\/em>, 105-111. <a href=\"https:\/\/doi.org\/10.18371\/fcaptp.v4i31.190806\">https:\/\/doi.org\/10.18371\/fcaptp.v4i31.190806<\/a><\/p>\n<p>Dermine, P. (2023). EU Fiscal Capacity \u2013 Legal Integration after COVID-19 and the War in Ukraine. <em>Journal of<\/em><em>\u00a0Contemporary European Studies<\/em>, <em>1-2<\/em>. <a href=\"https:\/\/doi.org\/10.1080\/14782804.2023.2254643\">https:\/\/doi.org\/10.1080\/14782804.2023.2254643<\/a><\/p>\n<p>Dervi\u015f, L. (2023). Transformation of Geopolitical Perceptions in the Russian-Ukrainian War: Impact<br \/>\non Regional Relations in the Future. <em>Futurity of Social Sciences, 1(1)<\/em>, 21-34. <a href=\"https:\/\/doi.org\/10.57125\/FS.2023.03.20.02\">https:\/\/doi.org\/10.57125\/FS.2023.03.20.02<\/a><\/p>\n<p>Dragneva, R., &amp; Wolczuk, K. (2015). Ukraine and Russia: Managing Interdependence.<br \/>\nIn: Dragneva, R. &amp; Wolczuk, K. (eds.) <em>Ukraine between the EU and Russia: The Integration Challenge<\/em>. Palgrave Macmillan UK, 8-28. <a href=\"https:\/\/doi.org\/10.1057\/9781137516268_2\">https:\/\/doi.org\/10.1057\/9781137516268_2<\/a><\/p>\n<p>European Commission (1998). <em>Regular Report from the Commission on Czech Republic\u2019s Progress towards Accession<\/em>. <a href=\"https:\/\/web.archive.org\/web\/20240813052819\/https:\/neighbourhood-enlargement.ec.europa.eu\/system\/files\/2016-12\/czech_en_0.pdf\">https:\/\/web.archive.org\/web\/20240813052819\/https:\/\/neighbourhood-enlargement.ec.europa.eu\/system\/files\/2016-12\/czech_en_0.pdf<\/a><\/p>\n<p>European Parliament (2000). <em>Briefing No. 12 Note on Poland\u2019s Political and Economic Situation <\/em><em><br \/>\nand its Relations with the European Union with a View to Accession<\/em>. <a href=\"https:\/\/web.archive.org\/web\/20220814171953\/https:\/www.europarl.europa.eu\/enlargement\/briefings\/12a3_en.htm\">https:\/\/web.archive.org\/web\/20220814171953\/https:\/\/www.europarl.europa.eu\/enlargement\/briefings\/12a3_en.htm<\/a><\/p>\n<p>European Union (2003). <em>Council Decision of 19 May 2003 on the Principles, Priorities, Intermediate Objectives and Conditions Contained in the Accession Partnership with Romania<\/em>. <a href=\"https:\/\/web.archive.org\/web\/20240701071534\/https:\/eur-lex.europa.eu\/legal-content\/EN\/TXT\/?uri=CELEX%3A32003D0397\">https:\/\/web.archive.org\/web\/20240701071534\/https:\/\/eur-lex.europa.eu\/legal-content\/EN\/TXT\/?uri=CELEX%3A32003D0397<\/a><\/p>\n<p>Fabbrini, F. (2022). <em>EU Fiscal Capacity: Legal Integration after COVID-19 and the War in Ukraine<\/em>. Oxford University Press.<\/p>\n<p>F\u00f6ldes, M. E., &amp; Kaposv\u00e1ri, C. (2021). SARS-COV-2 Vaccination and Employment: The Legal Framework<br \/>\nin the EU and Hungary. <em>Medicine, Law &amp; Society, 14(2)<\/em>. <a href=\"https:\/\/doi.org\/10.1093\/eurpub\/ckab164.301\">https:\/\/doi.org\/10.1093\/eurpub\/ckab164.301<\/a><\/p>\n<p>Foreign and Commonwealth Office (2014). <em>Association Agreement Between the European Union and its Member States, of the One Part, and Ukraine, of the Other Part: Brussels<\/em>. <a href=\"https:\/\/web.archive.org\/web\/20241214041222\/https:\/eur-lex.europa.eu\/legal-content\/EN\/ALL\/?uri=CELEX%3A22014A0529%2801%29\">https:\/\/web.archive.org\/web\/20241214041222\/https:\/\/eur-lex.europa.eu\/legal-content\/EN\/ALL\/?uri=CELEX%3A22014A0529%2801%29<\/a><\/p>\n<p>Holovko-Havrysheva,\u00a0O. (2021). Adjusting National Consumer Protection Legislation in Georgia, Moldova and Ukraine to EU Standards: Practices, Experience and Challenges. In:\u00a0<em>European Union and its Neighbours in<\/em><em>\u00a0a<\/em><em>\u00a0Globalized World<\/em>. Springer International Publishing,\u00a0289-316.\u00a0<a href=\"https:\/\/doi.org\/10.1007\/978-3-030-82291-0_14\">https:\/\/doi.org\/10.1007\/978-3-030-82291-0_14<\/a><\/p>\n<p>Hruzevskyi, O. (2023). A Systematic Analysis of the Impact of the Military Conflict on the Distance Education System in Ukraine.\u00a0<em>E-Learning Innovations Journal,\u00a01(1)<\/em>, 71-87. <a href=\"https:\/\/doi.org\/10.57125\/ELIJ.2023.03.25.04\">https:\/\/doi.org\/10.57125\/ELIJ.2023.03.25.04<\/a><\/p>\n<p>Jankovi\u0107, D. (2018). Different Legal Aspects of the Intellectual Property Rights. <em>EU and Comparative Law Issues and Challenges Series (ECLIC), 1<\/em>, 143-170. <a href=\"https:\/\/doi.org\/10.25234\/eclic\/6526\">https:\/\/doi.org\/10.25234\/eclic\/6526<\/a><\/p>\n<p>Kaplina, O. (2022). Prisoner of War: Special Status in the Criminal Proceedings of Ukraine and the Right to\u00a0Exchange. <em>Access to Justice in Eastern Europe, 5(4-2)<\/em>, 8-24. <a href=\"https:\/\/doi.org\/10.33327\/ajee-18-5.4-a000438\">https:\/\/doi.org\/10.33327\/ajee-18-5.4-a000438<\/a><\/p>\n<p>Krap,\u00a0A., et. al. (2024). Examination of Digital Advancements: Their Influence on Contemporary Corporate Management Methods and Approaches.\u00a0<em>Multidisciplinary Reviews<\/em>,\u00a0<em>7<\/em>.\u00a0<a href=\"https:\/\/doi.org\/10.31893\/multirev.2024spe026\">https:\/\/doi.org\/10.31893\/multirev.2024spe026<\/a><\/p>\n<p>Kregul, Y. et. al. (2020). Ukraine and the EU: Institutional and Legal Ensuring Transparency. <em>Foreign Trade: Economics, Finance, Law, 108(1)<\/em>, 14-22. <a href=\"https:\/\/doi.org\/10.31617\/zt.knute.2020(108)02\">https:\/\/doi.org\/10.31617\/zt.knute.2020(108)02<\/a><\/p>\n<p>Kuczabski, A., et. al. (2023). The Analysis of the Effectiveness of Regional Development Management. <em>International Journal for Quality Research, 17(3)<\/em>, 695-706. https:\/\/doi.org\/10.24874\/IJQR17.03-05<\/p>\n<p>Kuryliuk, Y., et. al. (2021). \u0421riminological Profile of Corrupt Border Guard (Ukrainian Experience).<br \/>\n<em>Journal of Legal, Ethicsl and Regulatory, 24(1)<\/em>. <a href=\"https:\/\/web.archive.org\/web\/20241216211204\/https:\/dspace.nadpsu.edu.ua\/bitstream\/123456789\/4279\/1\/criminological-profile-of-corrupt-border-guard-ukrainian-experience.pdf\">https:\/\/web.archive.org\/web\/20241216211204\/https:\/\/dspace.nadpsu.edu.ua\/bitstream\/123456789\/4279\/1\/criminological-profile-of-corrupt-border-guard-ukrainian-experience.pdf<\/a><\/p>\n<p>Laws, J. (2014). The Common Law and Europe. In: <em>The Common Law Constitution<\/em>. Cambridge University Press, 57-86. <a href=\"https:\/\/doi.org\/10.1017\/CBO9781139939478.007\">https:\/\/doi.org\/10.1017\/CBO9781139939478.007<\/a><\/p>\n<p>Lipych, L., Khilukha, O., Kushnir, M., Volynets, I., &amp; Shostak, L. (2021). Sustainability, Growth and Entrepreneurial Orientation of Small Innovative Enterprises.\u00a0<em>Law, Business and Sustainability Herald<\/em>,\u00a0<em>1(2),<\/em> 34-47. <a href=\"http:\/\/doi.org\/10.46489\/lbsh.2021-1-2-3\">http:\/\/doi.org\/10.46489\/lbsh.2021-1-2-3<\/a><\/p>\n<p>Mereniuk,\u00a0K., &amp; Parshyn,\u00a0I. (2024). Military units and symbolism: Utilization of imagery from medieval rus<br \/>\nin the russian-ukrainian war.\u00a0<em>Trames. Journal of the Humanities and Social Sciences<\/em>,\u00a0<em>28(3)<\/em>, 293-310 <a href=\"https:\/\/doi.org\/10.3176\/tr.2024.3.05\">https:\/\/doi.org\/10.3176\/tr.2024.3.05<\/a><\/p>\n<p>Petrov, R., Van der Loo, C., &amp; Van Elsuwege, P. (2015). The EU-Ukraine Association Agreement: A New Legal Instrument of Integration without Membership? <em>Kyiv-Mohyla Law and Politics Journal, 1<\/em>, 1-19. <a href=\"https:\/\/doi.org\/10.18523\/kmlpj52678.2015-1.1-19\">https:\/\/doi.org\/10.18523\/kmlpj52678.2015-1.1-19<\/a><\/p>\n<p>Prysiazhniuk, I. I. (2023). Probation Institute: Experience of EU Member States and Ukraine. In: <em>Development Trends<\/em><em> in Legal Science and Education of Ukraine in the Context of European Integration<\/em>. Riga, Latvia: Baltija Publishing. <a href=\"https:\/\/doi.org\/10.30525\/978-9934-26-372-9-45\">https:\/\/doi.org\/10.30525\/978-9934-26-372-9-45<\/a><\/p>\n<p>Redko, A. (2017). Ukraine \u2013 EU: Historical and Legal Analysis of European Integration. <em>Journal of Vasyl Stefanyk Precarpathian National University, 4(3-4)<\/em>, 95-102. <a href=\"https:\/\/doi.org\/10.15330\/jpnu.4.3-4.95-102\">https:\/\/doi.org\/10.15330\/jpnu.4.3-4.95-102<\/a><\/p>\n<p>Roman, M., &amp; Roman, M. (2020). Milk Market Integration between Poland and the EU Countries. <em>Agriculture, 10<\/em>(11), 561. <a href=\"https:\/\/doi.org\/10.3390\/agriculture10110561\">https:\/\/doi.org\/10.3390\/agriculture10110561<\/a><\/p>\n<p>Sanakuiev, M. (2022). The Value of Knowledge in the Age of Globalization Challenges: Philosophical and Intellectual Context.\u00a0<em>Futurity Philosophy<\/em>,\u00a0<em>1(2)<\/em>, 42-54. https:\/\/doi.org\/10.57125\/FP.2022.06.30.04<\/p>\n<p>Shcherbak, H. R. (2023). <em>Legal Regulation of Online Platforms in Ukraine and EU Experience<\/em>.<br \/>\nIn: <em>Proceedings of the International Scientific Conference<\/em>. Cz\u0119stochowa, Republic of Poland, 215-218. https:\/\/doi.org\/10.30525\/978-9934-26-372-9-55<\/p>\n<p>Smyrnova, K. (2023). The \u201cEuropeanization\u201d of Competition Law in Ukraine. In:\u00a0<em>Competition and Intellectual Property Law in Ukraine<\/em>. Berlin, Heidelberg: Springer Berlin Heidelberg,\u00a0103-122. https:\/\/doi.org\/10.1007\/978-3-662-66101-7_5<\/p>\n<p>Tylchyk, O., Dragan, O., &amp; Nazymko, O. (2018). Establishing the Ratio of Concepts of Counteraction to Legalization (Laundering) of Illegally-Obtained Income and Counteraction to the Shadow Economy: The Importance for\u00a0Determining Performance Indicators of the European Integration Processes.\u00a0<em>Baltic Journal of Economic Studies<\/em>,\u00a0<em>4(4)<\/em>, 341-345. https:\/\/doi.org\/10.30525\/2256-0742\/2018-4-4-341-345<\/p>\n<p>Uberman, V. I., &amp; Vaskovets, L. A. (2023). <em>Legal Disagreements in the Basin Management of the Pollutants Discharges in Ukraine and the EU<\/em>. In: <em>Proceedings of the International Scientific Conference<\/em>. Cz\u0119stochowa, 112-116. <a href=\"https:\/\/doi.org\/10.30525\/978-9934-26-372-9-28\">https:\/\/doi.org\/10.30525\/978-9934-26-372-9-28<\/a><\/p>\n<p>Vasylieva, V. A., et. al. (2019). Cooperatives in Ukraine: Applicative Peculiarities of Legal Integration up<br \/>\nto the EU Standards. <em>Journal of Advanced Research in Law and Economics, 9(5)<\/em>, 1789-1797. <a href=\"https:\/\/doi.org\/10.14505\/jarle.v9.5(35).34\">https:\/\/doi.org\/10.14505\/\/jarle.v9.5(35).34<\/a><\/p>\n<p>Vilchynska, L., et. al. (2023). The Impact of the COVID-19 Pandemic on Household Expenditures in the EU Countries (The Case of Central and Eastern Europe). <em>Malaysian Journal of Consumer and Family Economics (MAJCAFE)<\/em>, <em>30<\/em>, 155-175. https:\/\/doi.org\/10.60016\/majcafe.v30.07<\/p>\n","protected":false},"excerpt":{"rendered":"<p>DOI: 10.46340\/eppd.2024.11.6.2 Inna Dudyk, PhD in Law Private Higher Educational Institution \u201cKyiv Medical University\u201d (part-time); Antimonopoly Committee of Ukraine (main employment), Kyiv, Ukraine Krystyna Rezvorovych, Doctor of Law Dnipro State University of Internal Affairs, Dnipro, Ukraine Viktor Melnyk, PhD in Political Science Taras Shevchenko National University of Kyiv, Kyiv Oleksandra&#8230; <a class=\"continue-reading-link\" href=\"https:\/\/eppd13.cz\/?page_id=2540\"> Continue reading <span class=\"meta-nav\">&rarr; <\/span><\/a><\/p>\n","protected":false},"author":1,"featured_media":0,"parent":2524,"menu_order":2,"comment_status":"closed","ping_status":"closed","template":"","meta":{"footnotes":""},"class_list":["post-2540","page","type-page","status-publish","hentry"],"_links":{"self":[{"href":"https:\/\/eppd13.cz\/index.php?rest_route=\/wp\/v2\/pages\/2540","targetHints":{"allow":["GET"]}}],"collection":[{"href":"https:\/\/eppd13.cz\/index.php?rest_route=\/wp\/v2\/pages"}],"about":[{"href":"https:\/\/eppd13.cz\/index.php?rest_route=\/wp\/v2\/types\/page"}],"author":[{"embeddable":true,"href":"https:\/\/eppd13.cz\/index.php?rest_route=\/wp\/v2\/users\/1"}],"replies":[{"embeddable":true,"href":"https:\/\/eppd13.cz\/index.php?rest_route=%2Fwp%2Fv2%2Fcomments&post=2540"}],"version-history":[{"count":1,"href":"https:\/\/eppd13.cz\/index.php?rest_route=\/wp\/v2\/pages\/2540\/revisions"}],"predecessor-version":[{"id":2541,"href":"https:\/\/eppd13.cz\/index.php?rest_route=\/wp\/v2\/pages\/2540\/revisions\/2541"}],"up":[{"embeddable":true,"href":"https:\/\/eppd13.cz\/index.php?rest_route=\/wp\/v2\/pages\/2524"}],"wp:attachment":[{"href":"https:\/\/eppd13.cz\/index.php?rest_route=%2Fwp%2Fv2%2Fmedia&parent=2540"}],"curies":[{"name":"wp","href":"https:\/\/api.w.org\/{rel}","templated":true}]}}