{"id":2475,"date":"2024-11-18T20:24:46","date_gmt":"2024-11-18T18:24:46","guid":{"rendered":"https:\/\/eppd13.cz\/?page_id=2475"},"modified":"2024-11-18T21:31:54","modified_gmt":"2024-11-18T19:31:54","slug":"2475-2","status":"publish","type":"page","link":"https:\/\/eppd13.cz\/?page_id=2475","title":{"rendered":"Legal Framework of the European Space Policy"},"content":{"rendered":"<p><strong>DOI: <\/strong><a href=\"https:\/\/doi.org\/10.46340\/eppd.2024.11.5.1\">10.46340\/eppd.2024.11.5.1<\/a><\/p>\n<p><strong>Yuliia Utko-Maslyanyk, PhD in Law<\/strong><br \/>\n<em>Ivan Franko National University of Lviv, Ukraine<\/em><br \/>\n<strong>PhD in Law; Antonina Zubareva, PhD in Law<\/strong><br \/>\n<em>Ivan Franko National University of Lviv, Ukraine<\/em><br \/>\n<strong>Vitalii Gutnyk, D.Sc. in Law<\/strong><br \/>\n<em>Ivan Franko National University of Lviv, Ukraine; Vilnius University, Lithuania<\/em><br \/>\n<strong>Ivan Bratsuk, PhD in Law<\/strong><br \/>\n<em>Ivan Franko National University of Lviv, Ukraine<\/em><br \/>\n<strong>Viktoriya Kuzma, PhD in Law<\/strong><br \/>\n<em>Ivan Franko National University of Lviv, Ukraine<\/em><\/p>\n<p><a href=\"https:\/\/eppd13.cz\/wp-content\/uploads\/2024\/2024-11-5\/03.pdf\" target=\"_blank\" rel=\"noopener noreferrer\"><img loading=\"lazy\" decoding=\"async\" class=\"alignnone size-full wp-image-2167\" src=\"http:\/\/eppd13.cz\/wp-content\/uploads\/2024\/01\/icon72-pdf-eppd.png\" alt=\"\" width=\"72\" height=\"72\" data-id=\"2167\" \/><\/a><\/p>\n<p><strong><em>How to cite: <\/em><\/strong>Utko-Maslyanyk, Y., Zubareva, A., Gutnyk, V., Bratsuk, I., &amp; Kuzma, V. (2024). Legal Framework of the European Space Policy. <em>Evropsk\u00fd politick\u00fd a pr\u00e1vn\u00ed diskurz, 11, 5,<\/em> 5-14. <a href=\"https:\/\/doi.org\/10.46340\/eppd.2024.11.5.1\">https:\/\/doi.org\/10.46340\/eppd.2024.11.5.1<\/a><\/p>\n<p>&nbsp;<\/p>\n<p><strong>Abstract<\/strong><\/p>\n<p>The authors analyze the peculiarities of the legal framework\u2019s formation of the European space policy in the primary and secondary law of the EU. It is established that since the signing of the Treaties of Rome and up to the entry into force of the Lisbon Treaty, none of the founding treaties granted the EU powers in the space sector. The authors identify the main space innovations introduced by the Lisbon Treaty, namely, that a clear legal basis for EU decision-making in this field is provided at the level of primary law. The authors establish that the founding treaties, while referring European space policy to the joint competence of the EU, contain reservations in this area of activity, which is reflected in Articles 4 and 189 of the TFEU. Thus, the EU&#8217;s exercise of joint competence should be subject to certain reservations, which are, firstly, that the EU should take measures in the space sector in such a way that the exercise of such competence does not prevent Member States from exercising their own competence; secondly, that the EU should take limited measures to harmonize national space legislation of Member States. The authors analyze the legal framework for cooperation between the EU and the European Space Agency in the implementation of the European space policy. The authors establish that the peculiarity of the legal mechanism for the implementation of the European space policy is a combination of the international legal level of its legal regulation, which is represented by the founding treaties of the EU and ESA and it is developed based on their interaction, namely, the Framework Agreement on Cooperation between them of 2004 and decisions of the joint specialized bodies of the EU and ESA (Space Council, Joint Secretariat, High Level Space Policy Group), with elements of the supranational level of legal regulation represented by the system of EU institutions and its legal acts. The analysis of EU secondary legislation in the field of European space policy made it clear that the legal regulation of European space policy is carried out by both recommendatory and mandatory EU acts, mainly in the form of regulations. In most cases, the regulations adopted by the EU institutions relate to the implementation of specific European space programs. These programs serve as the main legal form for the implementation of European space policy. As for directives, they are used to a limited extent, since their functional purpose is to harmonize the legislative and regulatory provisions of the Member States, which is not provided for in the space sector.<\/p>\n<p><em><strong>Keywords:<\/strong><\/em> international law, European Union law, space policy, space law, international treaty, human rights.<\/p>\n<p>&nbsp;<\/p>\n<p><strong>References<\/strong><\/p>\n<p style=\"padding-left: 40px;\">Al-Ekabi, C. (2015). <em>European Autonomy in Space. <\/em>Cham: Springer.<br \/>\n<a href=\"https:\/\/link.springer.com\/book\/10.1007\/978-3-319-11110-0\">https:\/\/link.springer.com\/book\/10.1007\/978-3-319-11110-0<\/a><\/p>\n<p style=\"padding-left: 40px;\">Aranzamendi, M. S. (2009). <em>Economic and Policy Aspects of Space Regulations in Europe<\/em>. The Case of National Space Legislation \u2013 Finding the Way Between Common and Coordinated Action. Vienna: ESPI, <em>1<\/em>. <a href=\"https:\/\/www.espi.or.at\/wp-content\/uploads\/espidocs\/Public%20ESPI%20Reports\/espi_report_21.pdf\">https:\/\/www.espi.or.at\/wp-content\/uploads\/espidocs\/Public%20ESPI%20Reports\/espi_report_21.pdf<\/a><\/p>\n<p style=\"padding-left: 40px;\">Aranzamendi, M. S. (2010). Space and Lisbon: A New Type of Competence to Shape the Regulatory Framework for Commercial Space Activities. <em>Proceedings of the 61th International Astronautical Congress<\/em>. <a href=\"https:\/\/web.archive.org\/web\/20220617130246\/https:\/www.elevenjournals.com\/tijdschrift\/iisl\/2010\/12%2019th%20Manfred%20Lachs%20Space%20Law%20Moot%20Court%20Competition\">https:\/\/web.archive.org\/web\/20220617130246\/https:\/\/www.elevenjournals.com\/tijdschrift\/iisl\/2010\/12%2019th%20Manfred%20Lachs%20Space%20Law%20Moot%20Court%20Competition<\/a><\/p>\n<p style=\"padding-left: 40px;\">Buromenskiy, M., Zaiets, A., &amp; Gutnyk, V. (2024). Principle of the Rule of Law in International Law: Nature and Characteristics. <em>Evropsk\u00fd politick\u00fd a pr\u00e1vn\u00ed diskurz<\/em>, <em>11(3)<\/em>,\u00a05-12.\u00a0<a href=\"https:\/\/doi.org\/10.46340\/eppd.2024.11.3.1\">https:\/\/doi.org\/10.46340\/eppd.2024.11.3.1<\/a><\/p>\n<p style=\"padding-left: 40px;\">Council of European Union (2007). <em>Resolution of the 4th Space Council on the European Space Policy<\/em>. <a href=\"https:\/\/data.consilium.europa.eu\/doc\/document\/ST-10037-2007-INIT\/en\/pdf\">https:\/\/data.consilium.europa.eu\/doc\/document\/ST-10037-2007-INIT\/en\/pdf<\/a><\/p>\n<p style=\"padding-left: 40px;\">Craig, P., &amp; de Burca, G. (2020). <em>EU Law. Text, Cases and Materials.<\/em> Oxford: Oxford University Press. <a href=\"https:\/\/doi.org\/10.1093\/he\/9780198856641.001.0001\">https:<em>\/\/<\/em>doi<em>.<\/em>org<em>\/<\/em>10.1093<em>\/<\/em>he<em>\/<\/em>9780198856641.001.0001<\/a><\/p>\n<p style=\"padding-left: 40px;\">EUR-Lex (1999). <em>Council Resolution on the in Involvement of Europe in a New Generation of Satellite Navigation Services \u2013 Galileo-Definition Phase<\/em>. <a href=\"https:\/\/eur-lex.europa.eu\/legal-content\/PL\/TXT\/?uri=CELEX:31999Y0803(01)\">https:\/\/eur-lex.europa.eu\/legal-content\/PL\/TXT\/?uri=CELEX:31999Y0803(01)<\/a><\/p>\n<p style=\"padding-left: 40px;\">EUR-Lex (2001). <em>Council Resolution on Galileo<\/em>.<br \/>\n<a href=\"https:\/\/eur-lex.europa.eu\/LexUriServ\/LexUriServ.do?uri=OJ:C:2001:157:0001:0003:EN:PDF\">https:\/\/eur-lex.europa.eu\/LexUriServ\/LexUriServ.do?uri=OJ:C:2001:157:0001:0003:EN:PDF<\/a><\/p>\n<p style=\"padding-left: 40px;\">EUR-Lex (2004a). <em>Communication from the Commission to the European Parliament and the Council<\/em>. <em>Moving to\u00a0the Deployment and Operational Phases of the European Satellite Radio Navigation Programme.<br \/>\n<\/em><a href=\"https:\/\/eur-lex.europa.eu\/legal-content\/EN\/TXT\/?uri=CELEX:52004DC0636\">https:\/\/eur-lex.europa.eu\/legal-content\/EN\/TXT\/?uri=CELEX:52004DC0636<\/a><\/p>\n<p style=\"padding-left: 40px;\">EUR-Lex (2004b). <em>Framework Agreement between the European Community and the European Space Agency. <\/em><a href=\"https:\/\/eur-lex.europa.eu\/legal-content\/EN\/TXT\/?uri=CELEX%3A22004A0806%2803%29\">https:\/\/eur-lex.europa.eu\/legal-content\/EN\/TXT\/?uri=CELEX%3A22004A0806%2803%29<\/a><\/p>\n<p style=\"padding-left: 40px;\">EUR-Lex (2006). <em>Cooperation agreement on a Civil Global Navigation Satellite System (GNSS) between the\u00a0European Community and its Member States, of the one Part, and the Republic of Korea, of the other Part<\/em>. <a href=\"https:\/\/eur-lex.europa.eu\/legal-content\/EN\/TXT\/PDF\/?uri=CELEX:22006A1019(01)\">https:\/\/eur-lex.europa.eu\/legal-content\/EN\/TXT\/PDF\/?uri=CELEX:22006A1019(01)<\/a><\/p>\n<p style=\"padding-left: 40px;\">EUR-Lex (2008). <em>Regulation (EC) of the European Parliament and of the Council No. 683\/2008 of 9 July 2008 on\u00a0the Further Implementation of the European Satellite Navigation Programmes (EGNOS and Galileo).<\/em> <a href=\"https:\/\/eur-lex.europa.eu\/legal-content\/EN\/TXT\/?uri=CELEX%3A32008R0683\">https:\/\/eur-lex.europa.eu\/legal-content\/EN\/TXT\/?uri=CELEX%3A32008R0683<\/a><\/p>\n<p style=\"padding-left: 40px;\">EUR-Lex (2010a). <em>Cooperation Agreement on Satellite Navigation between the European Union and its Member states and the Kingdom of Norway.<\/em><br \/>\n<a href=\"https:\/\/eur-lex.europa.eu\/legal-content\/EN\/TXT\/?uri=CELEX%3A22010A1029%2801%29\">https:\/\/eur-lex.europa.eu\/legal-content\/EN\/TXT\/?uri=CELEX%3A22010A1029%2801%29<\/a><\/p>\n<p style=\"padding-left: 40px;\">EUR-Lex (2010b). <em>Regulation (EU) the European Parliament and of the Council setting up the European GNSS Agency, Repealing Council Regulation (EC) on the Establishment of Structures for the Management of the European Satellite Radio Navigation Programmes and Amending Regulation (EC) of the European Parliament and of the Council<\/em>. <a href=\"https:\/\/eur-lex.europa.eu\/legal-content\/EN\/TXT\/?uri=celex%3A32010R0912\">https:\/\/eur-lex.europa.eu\/legal-content\/EN\/TXT\/?uri=celex%3A32010R0912<\/a><\/p>\n<p style=\"padding-left: 40px;\">EUR-Lex (2010c). <em>Regulation (EU) of the European Parliament and of the Council<\/em>.<br \/>\n<a href=\"https:\/\/eur--lex-europa-eu.translate.goog\/eli\/reg\/2010\/911\/oj?_x_tr_sl=en&amp;_x_tr_tl=ru&amp;_x_tr_hl=ru&amp;_x_tr_pto=sc\">https:\/\/eur&#8211;lex-europa-eu.translate.goog\/eli\/reg\/2010\/911\/oj?_x_tr_sl=en&amp;_x_tr_tl=ru&amp;_x_tr_hl=ru&amp;_x_tr_pto=sc<\/a><\/p>\n<p style=\"padding-left: 40px;\">EUR-Lex (2013a). <em>Cooperation Agreement between the European Union and its Member States, of the One Part, and the Swiss Confederation, of the Other, on the European Satellite Navigation Programmers.<\/em><br \/>\n<a href=\"https:\/\/eur-lex.europa.eu\/legal-content\/EN\/TXT\/?uri=CELEX%3A22014A0120%2801%29\">https:\/\/eur-lex.europa.eu\/legal-content\/EN\/TXT\/?uri=CELEX%3A22014A0120%2801%29<\/a><\/p>\n<p style=\"padding-left: 40px;\">EUR-Lex (2013b). <em>Regulation (EU) of <\/em><em>the<\/em> <em>European<\/em><em> Parliament and of the Council<\/em>.<br \/>\n<a href=\"https:\/\/eur-lex.europa.eu\/legal-content\/EN\/TXT\/?uri=celex%3A32013R1285\">https:\/\/eur-lex.europa.eu\/legal-content\/EN\/TXT\/?uri=celex%3A32013R1285<\/a><\/p>\n<p style=\"padding-left: 40px;\">EUR-Lex (2014a). <em>Communication from the Commission<\/em>. <em>Proposal for a Directive on the Dissemination<br \/>\nof Earth Observation Satellite Data for Commercial Purposes.<br \/>\n<\/em><a href=\"https:\/\/eur-lex.europa.eu\/legal-content\/EN\/TXT\/?uri=celex%3A52014PC0344\"><em>https:\/\/eur-lex.europa.eu\/legal-content\/EN\/TXT\/?uri=celex%3A52014PC0344<\/em><\/a> <em>.<\/em><\/p>\n<p style=\"padding-left: 40px;\">EUR-Lex (2014b). <em>Cooperation Agreement on a Civil Global Navigation Satellite System (GNSS) Between the\u00a0European Community and its Member States and Ukraine.<\/em><br \/>\n<a href=\"https:\/\/eur-lex.europa.eu\/legal-content\/EN\/TXT\/?uri=CELEX%3A22014A0426%2801%29\">https:\/\/eur-lex.europa.eu\/legal-content\/EN\/TXT\/?uri=CELEX%3A22014A0426%2801%29<\/a><\/p>\n<p style=\"padding-left: 40px;\">EUR-Lex (2014c). <em>Regulation (EU) of the European Parliament and of the Council<\/em>.<br \/>\n<a href=\"https:\/\/eur-lex.europa.eu\/legal-content\/EN\/TXT\/?uri=celex%3A32014R0377\">https:\/\/eur-lex.europa.eu\/legal-content\/EN\/TXT\/?uri=celex%3A32014R0377<\/a><\/p>\n<p style=\"padding-left: 40px;\">EUR-Lex (2016a). <em>Communication from the Commission<\/em><em>.<\/em> <em>Space Strategy for Europe.<br \/>\n<\/em><a href=\"https:\/\/eur-lex.europa.eu\/legal-content\/EN\/TXT\/?uri=COM%3A2016%3A705%3AFIN\"><em>https:\/\/eur-lex.europa.eu\/legal-content\/EN\/TXT\/?uri=COM%3A2016%3A705%3AFIN<\/em><\/a><\/p>\n<p style=\"padding-left: 40px;\">EUR-Lex (2016b). <em>Consolidated versions of the Treaty on European Union and the Treaty on the Functioning of\u00a0the European Union<\/em>. <a href=\"https:\/\/eur-lex.europa.eu\/legal-content\/EN\/TXT\/?uri=celex%3A12016ME%2FTXT\">https:\/\/eur-lex.europa.eu\/legal-content\/EN\/TXT\/?uri=celex%3A12016ME%2FTXT<\/a><\/p>\n<p style=\"padding-left: 40px;\">EUR-Lex (2021). <em>Regulation (EU) of the European Parliament and of the Council Establishing the Union Space Programme and the European Union Agency for the Space Programme and Repealing Regulations (EU)<\/em> <a href=\"https:\/\/eur-lex.europa.eu\/eli\/reg\/2021\/696\/oj\">https:\/\/eur-lex.europa.eu\/eli\/reg\/2021\/696\/oj<\/a><\/p>\n<p style=\"padding-left: 40px;\">EUR-Lex (2022). <em>Directive (EU) 2022\/2555 on Measures for a High Common Level of Cybersecurity Across the\u00a0Union<\/em>. <a href=\"https:\/\/eur-lex.europa.eu\/eli\/dir\/2022\/2555\/oj\">https:\/\/eur-lex.europa.eu\/eli\/dir\/2022\/2555\/oj<\/a><\/p>\n<p style=\"padding-left: 40px;\">European Parliament (2023). <em>European Union Space Strategy for Security and Defence Brussels<\/em>. <a href=\"https:\/\/www.europarl.europa.eu\/RegData\/etudes\/BRIE\/2023\/754598\/EPRS_BRI(2023)754598_EN.pdf\">https:\/\/www.europarl.europa.eu\/RegData\/etudes\/BRIE\/2023\/754598\/EPRS_BRI(2023)754598_EN.pdf<\/a><\/p>\n<p style=\"padding-left: 40px;\">European Space Agency (1975). <em>ESA Convention.<br \/>\n<\/em><a href=\"https:\/\/csps.aerospace.org\/sites\/default\/files\/2021-08\/ESA%20Convention%20Sep05.pdf\">https:\/\/csps.aerospace.org\/sites\/default\/files\/2021-08\/ESA%20Convention%20Sep05.pdf<\/a><\/p>\n<p style=\"padding-left: 40px;\">Fischer, H. (2012). <em>The Development of the European Space Policy and Perspectives after the Lisbon Treaty.<\/em> Baden-W\u00fcrttemberg: University of Heidelberg.<\/p>\n<p style=\"padding-left: 40px;\">Haanappel, P. (2006). A Competitive Environment in Outer Space. <em>Journal of Space Law,<\/em> <em>32(1)<\/em>, 1-13. <a href=\"https:\/\/web.archive.org\/web\/20190801164611\/https:\/airandspacelaw.olemiss.edu\/pdfs\/jsl-32-1.pdf\">https:\/\/web.archive.org\/web\/20190801164611\/https:\/\/airandspacelaw.olemiss.edu\/pdfs\/jsl-32-1.pdf<\/a><\/p>\n<p style=\"padding-left: 40px;\">Hobe, S., Hofmannova, M., &amp; Wouters, J. (2010). <em>A Coherent European Procurement Law and Policy<br \/>\nfor the Space Sector Towards a Third Way<\/em>. Cologne: LIT Verlag Munster, <em>22<\/em>, 1-3. <a href=\"https:\/\/www.researchgate.net\/publication\/272725524_A_Coherent_European_Procurement_Law_and_Policy_for_the_Space_Sector\">https:\/\/www.researchgate.net\/publication\/272725524_A_Coherent_European_Procurement_Law_and_Policy_for_the_Space_Sector<\/a><\/p>\n<p style=\"padding-left: 40px;\">Lysyk, V., Gutnyk, V., Burak, S., Bratsuk, I., &amp; Yavorska, I. (2023). Current Problems of the Interaction Between International Law and the European Union Law. <em>Revista de la Universidad del Zulia, 14(41),<\/em> 82-93. <a href=\"https:\/\/doi.org\/10.46925\/rdluz.41.05\">https:\/\/doi.org\/10.46925\/\/rdluz.41.05<\/a><\/p>\n<p style=\"padding-left: 40px;\">Mazurelle, F., Thiebaut, W., &amp; Wouters, J. (2009). The Evolution of European Space Governance: Policy,<br \/>\nLegal and Institutional Implications.\u00a0<em>International Organizations Law Review<\/em>, <em>6<\/em><em>(1)<\/em>, 155-189. <a href=\"https:\/\/doi.org\/10.1163\/157237409X464233\">https:\/\/doi.org\/10.1163\/157237409X464233<\/a><\/p>\n<p style=\"padding-left: 40px;\">EUR-Lex (2002). <em>Communication from the Commission to the European Parliament and the Council.<br \/>\n<\/em><a href=\"https:\/\/eur-lex.europa.eu\/legal-content\/EN\/TXT\/HTML\/?uri=CELEX%3A52002DC0518\">https:\/\/eur-lex.europa.eu\/legal-content\/EN\/TXT\/HTML\/?uri=CELEX%3A52002DC0518<\/a><\/p>\n<p style=\"padding-left: 40px;\">EUR-Lex (2011). <em>Agreement on the Promotion, Provision and Use of Galileo and GPS Satellite-Based<br \/>\nNavigation Systems and Related Application.<br \/>\n<\/em><a href=\"https:\/\/eur-lex.europa.eu\/LexUriServ\/LexUriServ.do?uri=OJ:L:2011:348:0003:0016:EN:PDF\"><em>https:\/\/eur-lex.europa.eu\/LexUriServ\/LexUriServ.do?uri=OJ:L:2011:348:0003:0016:EN:PDF<\/em><\/a><\/p>\n<p style=\"padding-left: 40px;\">Utko-Maslianyk, Y. (2012) Legal Aspects of the Establishment of Cooperation of the European Union Member States in the Space Sphere. Science and Youth. <em>Collection of Scientific Works of the National Aviation University. Humanitarian Series.<\/em> <em>11-12,<\/em> 5-88. <a href=\"https:\/\/jrnl.nau.edu.ua\/index.php\/NM\/article\/view\/3287\">https:\/\/jrnl.nau.edu.ua\/index.php\/NM\/article\/view\/3287<\/a><\/p>\n<p style=\"padding-left: 40px;\">Utko-Maslianyk, Y. (2018). Pravovi aspekty spivrobitnytstva derzhav-chleniv Yevropeyskoho Soyuzu u kosmichniy sferi [Legal Aspects of Cooperation of the Member States of the European Union in the Space Sphere Legal Aspects of Cooperation of the EU Member States in the Space Sphere]: <em>dysertatsiya na zdobuttya naukovoho stupenyu kandydata yurydycheskykh nauk<\/em> [Thesis for Obtaining the Scientific Degree of PhD of\u00a0Law]. Kharkiv: Yaroslav Mudryi National Law University. [in Ukranian].<\/p>\n<p style=\"padding-left: 40px;\">Von der Dunk, F. G. (2008). Article VI of the Outer Space Treaty in the European Context. <em>Space, Cyber, and Telecommunications Law Program Faculty Publications<\/em><em>,<\/em><em> 23<\/em>. <a href=\"https:\/\/digitalcommons.unl.edu\/spacelaw\/23\/\">https:\/\/digitalcommons.unl.edu\/spacelaw\/23\/<\/a><\/p>\n<p style=\"padding-left: 40px;\">Von der Dunk, F. G. (2009). European Satellite Earth Observation: Law, Regulations, Policies, Projects, and Programmes. <em>Creighton Law Review, 42<\/em>, 397-445. <a href=\"https:\/\/digitalcommons.unl.edu\/spacelaw\/36\/\">https:\/\/digitalcommons.unl.edu\/spacelaw\/36\/<\/a><\/p>\n","protected":false},"excerpt":{"rendered":"<p>DOI: 10.46340\/eppd.2024.11.5.1 Yuliia Utko-Maslyanyk, PhD in Law Ivan Franko National University of Lviv, Ukraine PhD in Law; Antonina Zubareva, PhD in Law Ivan Franko National University of Lviv, Ukraine Vitalii Gutnyk, D.Sc. in Law Ivan Franko National University of Lviv, Ukraine; Vilnius University, Lithuania Ivan Bratsuk, PhD in Law Ivan&#8230; <a class=\"continue-reading-link\" href=\"https:\/\/eppd13.cz\/?page_id=2475\"> Continue reading <span class=\"meta-nav\">&rarr; <\/span><\/a><\/p>\n","protected":false},"author":1,"featured_media":0,"parent":2473,"menu_order":1,"comment_status":"closed","ping_status":"closed","template":"","meta":{"footnotes":""},"class_list":["post-2475","page","type-page","status-publish","hentry"],"_links":{"self":[{"href":"https:\/\/eppd13.cz\/index.php?rest_route=\/wp\/v2\/pages\/2475","targetHints":{"allow":["GET"]}}],"collection":[{"href":"https:\/\/eppd13.cz\/index.php?rest_route=\/wp\/v2\/pages"}],"about":[{"href":"https:\/\/eppd13.cz\/index.php?rest_route=\/wp\/v2\/types\/page"}],"author":[{"embeddable":true,"href":"https:\/\/eppd13.cz\/index.php?rest_route=\/wp\/v2\/users\/1"}],"replies":[{"embeddable":true,"href":"https:\/\/eppd13.cz\/index.php?rest_route=%2Fwp%2Fv2%2Fcomments&post=2475"}],"version-history":[{"count":2,"href":"https:\/\/eppd13.cz\/index.php?rest_route=\/wp\/v2\/pages\/2475\/revisions"}],"predecessor-version":[{"id":2478,"href":"https:\/\/eppd13.cz\/index.php?rest_route=\/wp\/v2\/pages\/2475\/revisions\/2478"}],"up":[{"embeddable":true,"href":"https:\/\/eppd13.cz\/index.php?rest_route=\/wp\/v2\/pages\/2473"}],"wp:attachment":[{"href":"https:\/\/eppd13.cz\/index.php?rest_route=%2Fwp%2Fv2%2Fmedia&parent=2475"}],"curies":[{"name":"wp","href":"https:\/\/api.w.org\/{rel}","templated":true}]}}