{"id":1515,"date":"2020-04-06T17:44:02","date_gmt":"2020-04-06T14:44:02","guid":{"rendered":"https:\/\/eppd13.cz\/?page_id=1515"},"modified":"2020-04-06T17:44:02","modified_gmt":"2020-04-06T14:44:02","slug":"2019-v-6-iss-4","status":"publish","type":"page","link":"https:\/\/eppd13.cz\/?page_id=1515","title":{"rendered":"2019, V. 6, Iss. 4"},"content":{"rendered":"<p style=\"text-align: justify;\"><a style=\"color: #4a611f;\" href=\"https:\/\/eppd13.cz\/wp-content\/uploads\/2019\/2019-6-4\/\u0435ppd_2019_6_4.pdf\" target=\"_blank\" rel=\"noopener noreferrer\"><em><strong>European Political and Law Discourse, 2019, Volume 6, Issue 4<\/strong><\/em><\/a><\/p>\n<p style=\"text-align: justify;\"><a style=\"color: #4a611f;\" href=\"https:\/\/eppd13.cz\/wp-content\/uploads\/2019\/2019-6-4\/01.pdf\" target=\"_blank\" rel=\"noopener noreferrer\"><strong>Title<\/strong><\/a><\/p>\n<p style=\"text-align: justify;\"><a style=\"color: #4a611f;\" href=\"https:\/\/eppd13.cz\/wp-content\/uploads\/2019\/2019-6-4\/02.pdf\" target=\"_blank\" rel=\"noopener noreferrer\"><strong>Table of contents<\/strong><\/a><\/p>\n<p style=\"text-align: center;\"><strong>INTERNATIONAL LAW AND INTERNATIONAL RELATIONS<\/strong><\/p>\n<p style=\"text-align: justify;\"><a style=\"color: #4a611f;\" href=\"https:\/\/eppd13.cz\/wp-content\/uploads\/2019\/2019-6-4\/03.pdf\" target=\"_blank\" rel=\"noopener noreferrer\"><em><strong>Victoriia Demchyshyna,<\/strong><\/em> LEGAL ASPECTS FOR REGULAR MIGRATION IN THE EUROPEAN UNION [<em><strong>\u0412\u0456\u043a\u0442\u043e\u0440\u0456\u044f \u0414\u0435\u043c\u0447\u0438\u0448\u0438\u043d\u0430,<\/strong><\/em> \u041f\u0420\u0410\u0412\u041e\u0412\u0406 \u0417\u0410\u0421\u0410\u0414\u0418 \u041b\u0415\u0413\u0410\u041b\u042c\u041d\u041e\u0407 \u041c\u0406\u0413\u0420\u0410\u0426\u0406\u0407 \u0412 \u0404\u0412\u0420\u041e\u041f\u0415\u0419\u0421\u042c\u041a\u041e\u041c\u0423 \u0421\u041e\u042e\u0417\u0406] <strong>6-9<\/strong><\/a><\/p>\n<p style=\"text-align: justify;\"><a style=\"color: #4a611f;\" href=\"https:\/\/eppd13.cz\/wp-content\/uploads\/2019\/2019-6-4\/04.pdf\" target=\"_blank\" rel=\"noopener noreferrer\"><em><strong>Anna Korshun,<\/strong><\/em> THE ROLE OF NATIONAL AND INTERNATIONAL INSTITUTIONS IN GUARANTEEING RIGHTS AND FREEDOMS OF INTERNALLY DISPLACED PERSONS [<em><strong>\u0410\u043d\u043d\u0430 \u041a\u043e\u0440\u0448\u0443\u043d,<\/strong> <\/em>\u0420\u041e\u041b\u042c \u041d\u0410\u0426\u0406\u041e\u041d\u0410\u041b\u042c\u041d\u0418\u0425 \u0422\u0410 \u041c\u0406\u0416\u041d\u0410\u0420\u041e\u0414\u041d\u0418\u0425 \u0406\u041d\u0421\u0422\u0418\u0422\u0423\u0426\u0406\u0419 \u0423 \u0413\u0410\u0420\u0410\u041d\u0422\u0423\u0412\u0410\u041d\u041d\u0406 \u041f\u0420\u0410\u0412 \u0406 \u0421\u0412\u041e\u0411\u041e\u0414 \u0412\u041d\u0423\u0422\u0420\u0406\u0428\u041d\u042c\u041e \u041f\u0415\u0420\u0415\u041c\u0406\u0429\u0415\u041d\u0418\u0425 \u041e\u0421\u0406\u0411] <strong>10-15<\/strong><\/a><\/p>\n<p style=\"text-align: justify;\"><a style=\"color: #4a611f;\" href=\"https:\/\/eppd13.cz\/wp-content\/uploads\/2019\/2019-6-4\/05.pdf\" target=\"_blank\" rel=\"noopener noreferrer\"><em><strong>Uliana Yarymovych,<\/strong> <\/em>HARMONIZATION OF PROVISIONS ON CONTRACT CONCLUSION IN LAW OF UKRAINE WITH LAW OF THE EU [<em><strong>\u0423\u043b\u044f\u043d\u0430 \u042f\u0440\u0438\u043c\u043e\u0432\u0438\u0447,<\/strong><\/em> \u0413\u0410\u0420\u041c\u041e\u041d\u0406\u0417\u0410\u0426\u0406\u042f \u041f\u041e\u041b\u041e\u0416\u0415\u041d\u042c \u0429\u041e\u0414\u041e \u0423\u041a\u041b\u0410\u0414\u0415\u041d\u041d\u042f \u0414\u041e\u0413\u041e\u0412\u041e\u0420\u0406\u0412 \u0412 \u041f\u0420\u0410\u0412\u0406 \u0423\u041a\u0420\u0410\u0407\u041d\u0418 \u0417\u0413\u0406\u0414\u041d\u041e \u0417 \u041f\u0420\u0410\u0412\u041e\u041c \u0404\u0421] <strong>16-23<\/strong><\/a><\/p>\n<p style=\"text-align: justify;\"><a style=\"color: #4a611f;\" href=\"https:\/\/eppd13.cz\/wp-content\/uploads\/2019\/2019-6-4\/06.pdf\" target=\"_blank\" rel=\"noopener noreferrer\"><em><strong>Tetiana Plachkova,<\/strong><\/em> ENSURING MARITIME SAFETY: PSC, DUTIES OF THE FLAG STATE AND PRACTICE OF UKRAINE [<em><strong>\u0422\u0435\u0442\u044f\u043d\u0430 \u041f\u043b\u0430\u0447\u043a\u043e\u0432\u0430,<\/strong><\/em> \u0417\u0410\u0411\u0415\u0417\u041f\u0415\u0427\u0415\u041d\u041d\u042f \u041c\u041e\u0420\u0421\u042c\u041a\u041e\u0407 \u0411\u0415\u0417\u041f\u0415\u041a\u0418: \u041a\u041e\u041d\u0422\u0420\u041e\u041b\u042c \u0417 \u0411\u041e\u041a\u0423 \u0414\u0415\u0420\u0416\u0410\u0412\u0418 \u041f\u041e\u0420\u0422\u0423, \u041e\u0411\u041e\u0412&#8217;\u042f\u0417\u041a\u0418 \u0414\u0415\u0420\u0416\u0410\u0412\u0418 \u041f\u0420\u0410\u041f\u041e\u0420\u0410 \u0422\u0410 \u041f\u0420\u0410\u041a\u0422\u0418\u041a\u0410 \u0423\u041a\u0420\u0410\u0407\u041d\u0418] <strong>24-28<\/strong><\/a><\/p>\n<p style=\"text-align: center;\"><strong>THEORETICAL AND HISTORICAL PROBLEMS OF LAW AND POLITICS<\/strong><\/p>\n<p style=\"text-align: justify;\"><a style=\"color: #4a611f;\" href=\"https:\/\/eppd13.cz\/wp-content\/uploads\/2019\/2019-6-4\/07.pdf\" target=\"_blank\" rel=\"noopener noreferrer\"><em><strong>Yevhen Lytvynenko,<\/strong><\/em> IMPROVEMENT OF ORGANIZATIONAL LEGAL GROUNDS OF CODIFICATION OF ADMINISTRATIVE LEGISLATION [<em><strong>\u0404\u0432\u0433\u0435\u043d \u041b\u0438\u0442\u0432\u0438\u043d\u0435\u043d\u043a\u043e,<\/strong><\/em> \u0423\u0414\u041e\u0421\u041a\u041e\u041d\u0410\u041b\u0415\u041d\u041d\u042f \u041e\u0420\u0413\u0410\u041d\u0406\u0417\u0410\u0426\u0406\u0419\u041d\u041e-\u041f\u0420\u0410\u0412\u041e\u0412\u041e\u0413\u041e \u0417\u0410\u0411\u0415\u0417\u041f\u0415\u0427\u0415\u041d\u041d\u042f \u041a\u041e\u0414\u0418\u0424\u0406\u041a\u0410\u0426\u0406\u0407 \u0410\u0414\u041c\u0406\u041d\u0406\u0421\u0422\u0420\u0410\u0422\u0418\u0412\u041d\u041e\u0413\u041e \u0417\u0410\u041a\u041e\u041d\u041e\u0414\u0410\u0412\u0421\u0422\u0412\u0410] <strong>29-37<\/strong><\/a><\/p>\n<p style=\"text-align: justify;\"><a style=\"color: #4a611f;\" href=\"https:\/\/eppd13.cz\/wp-content\/uploads\/2019\/2019-6-4\/08.pdf\" target=\"_blank\" rel=\"noopener noreferrer\"><em><strong>Vira Haponenko,<\/strong><\/em> NEOINSTITUTIONALISM AS A METHOD TO STUDY DEMOCRATIZATION OF THE POLITICAL SYSTEM OF UKRAINE [<em><strong>\u0412\u0456\u0440\u0430 \u0413\u0430\u043f\u043e\u043d\u0435\u043d\u043a\u043e,<\/strong><\/em> \u041d\u0415\u041e\u0406\u041d\u0421\u0422\u0418\u0422\u0423\u0426\u0406\u041e\u041d\u0410\u041b\u0406\u0417\u041c \u042f\u041a \u041c\u0415\u0422\u041e\u0414 \u0414\u041e\u0421\u041b\u0406\u0414\u0416\u0415\u041d\u041d\u042f \u0414\u0415\u041c\u041e\u041a\u0420\u0410\u0422\u0418\u0417\u0410\u0426\u0406\u0407 \u041f\u041e\u041b\u0406\u0422\u0418\u0427\u041d\u041e\u0407 \u0421\u0418\u0421\u0422\u0415\u041c\u0418 \u0423\u041a\u0420\u0410\u0407\u041d\u0418] <strong>38-43<\/strong><\/a><\/p>\n<p style=\"text-align: justify;\"><a style=\"color: #4a611f;\" href=\"https:\/\/eppd13.cz\/wp-content\/uploads\/2019\/2019-6-4\/09.pdf\" target=\"_blank\" rel=\"noopener noreferrer\"><em><strong>Viktoria Timashova,<\/strong><\/em> INTERACTION AND MUTUAL INFLUENCE BETWEEN THE POLITICAL AND ETHNOHISTORICAL SPHERES: PROBLEMATIC ISSUES AND THEIR SOLUTION [<em><strong>\u0412\u0456\u043a\u0442\u043e\u0440\u0456\u044f \u0422\u0456\u043c\u0430\u0448\u043e\u0432\u0430,<\/strong> <\/em>\u0412\u0417\u0410\u0404\u041c\u041e\u0414\u0406\u042f \u0422\u0410 \u0412\u0417\u0410\u0404\u041c\u041e\u041c\u041e\u0412\u041f\u041b\u0418\u0412 \u041f\u041e\u041b\u0406\u0422\u0418\u0427\u041d\u041e\u0407 \u0419 \u0415\u0422\u041d\u041e\u0406\u0421\u0422\u041e\u0420\u0418\u0427\u041d\u041e\u0407 \u0421\u0424\u0415\u0420: \u041f\u0420\u041e\u0411\u041b\u0415\u041c\u041d\u0406 \u041f\u0418\u0422\u0410\u041d\u041d\u042f \u0422\u0410 \u0407\u0425 \u0412\u0418\u0420\u0406\u0428\u0415\u041d\u041d\u042f] <strong>44-49<\/strong><\/a><\/p>\n<p style=\"text-align: justify;\"><a style=\"color: #4a611f;\" href=\"https:\/\/eppd13.cz\/wp-content\/uploads\/2019\/2019-6-4\/10.pdf\" target=\"_blank\" rel=\"noopener noreferrer\"><em><strong>Irina Saienko,<\/strong> <\/em>MILITARY ELITE: HISTORICAL TRADITIONS OF INFLUENCE ON STATE-BUILDING PROCESSES [<em><strong>\u0406\u0440\u0438\u043d\u0430 \u0421\u0430\u0454\u043d\u043a\u043e,<\/strong><\/em> \u0412\u0406\u0419\u0421\u042c\u041a\u041e\u0412\u0410 \u0415\u041b\u0406\u0422\u0410: \u0406\u0421\u0422\u041e\u0420\u0418\u0427\u041d\u0406 \u0422\u0420\u0410\u0414\u0418\u0426\u0406\u0407 \u0412\u041f\u041b\u0418\u0412\u0423 \u041d\u0410 \u041f\u0420\u041e\u0426\u0415\u0421\u0418 \u0414\u0415\u0420\u0416\u0410\u0412\u041e\u0422\u0412\u041e\u0420\u0415\u041d\u041d\u042f] <strong>50-55<\/strong><\/a><\/p>\n<p style=\"text-align: justify;\"><a style=\"color: #4a611f;\" href=\"https:\/\/eppd13.cz\/wp-content\/uploads\/2019\/2019-6-4\/11.pdf\" target=\"_blank\" rel=\"noopener noreferrer\"><em><strong>Kateryna Ivanchenko,<\/strong> <\/em>POLITICAL NETWORK AS AN ENVIRONMENT FOR INTERACTION BETWEEN THE PUBLIC AND THE AUTHORITIES [<em><strong>\u041a\u0430\u0442\u0435\u0440\u0438\u043d\u0430 \u0406\u0432\u0430\u043d\u0447\u0435\u043d\u043a\u043e,<\/strong><\/em> \u041f\u041e\u041b\u0406\u0422\u0418\u0427\u041d\u0410 \u041c\u0415\u0420\u0415\u0416\u0410 \u042f\u041a \u0421\u0415\u0420\u0415\u0414\u041e\u0412\u0418\u0429\u0415 \u0412\u0417\u0410\u0404\u041c\u041e\u0414\u0406\u0407 \u041c\u0406\u0416 \u0413\u0420\u041e\u041c\u0410\u0414\u0421\u042c\u041a\u0406\u0421\u0422\u042e \u0422\u0410 \u041e\u0420\u0413\u0410\u041d\u0410\u041c\u0418 \u0412\u041b\u0410\u0414\u0418] <strong>56-60<\/strong><\/a><\/p>\n<p style=\"text-align: center;\"><strong>POLITICAL INSTITUTIONS AND SOCIO-POLITICAL PROCESSES<\/strong><\/p>\n<p style=\"text-align: justify;\"><a style=\"color: #4a611f;\" href=\"https:\/\/eppd13.cz\/wp-content\/uploads\/2019\/2019-6-4\/12.pdf\" target=\"_blank\" rel=\"noopener noreferrer\"><em><strong>Oleh Brovko,<\/strong><\/em> POLSKIE DO\u015aWIADCZENIE W MODERNIZACJI SAMORZ\u0104DU TERYTORIALNEGO NA UKRAINIE\u00a0 [<em><strong>Oleh Brovko,<\/strong><\/em> POLISH EXPERIENCE OF MODERNIZATION OF LOCAL SELF-GOVERNMENT IN UKRAINE]\u00a0 [\u041e\u043b\u0435\u0433 \u0411\u0440\u043e\u0432\u043a\u043e, \u041f\u041e\u041b\u042c\u0421\u042c\u041a\u0418\u0419 \u0414\u041e\u0421\u0412\u0406\u0414 \u0412 \u041c\u041e\u0414\u0415\u0420\u041d\u0406\u0417\u0410\u0426\u0406\u0407 \u041e\u0420\u0413\u0410\u041d\u0406\u0412 \u041c\u0406\u0421\u0426\u0415\u0412\u041e\u0413\u041e \u0421\u0410\u041c\u041e\u0412\u0420\u042f\u0414\u0423\u0412\u0410\u041d\u041d\u042f \u0412 \u0423\u041a\u0420\u0410\u0407\u041d\u0406] <strong>61-68<\/strong><\/a><\/p>\n<p style=\"text-align: justify;\"><a style=\"color: #4a611f;\" href=\"https:\/\/eppd13.cz\/wp-content\/uploads\/2019\/2019-6-4\/13.pdf\" target=\"_blank\" rel=\"noopener noreferrer\"><em><strong>Vira Yaroshenko,<\/strong><\/em> EFFICIENCY OF THE STUDENT SELF-GOVERNANCE IN PROMOTING THE INSTITUTE OF DEMOCRATIC CITIZENSHIP IN UKRAINE [<em><strong>\u0412\u0456\u0440\u0430 \u042f\u0440\u043e\u0448\u0435\u043d\u043a\u043e,<\/strong> <\/em>\u0415\u0424\u0415\u041a\u0422\u0418\u0412\u041d\u0406\u0421\u0422\u042c \u0421\u0422\u0423\u0414\u0415\u041d\u0422\u0421\u042c\u041a\u041e\u0413\u041e \u0421\u0410\u041c\u041e\u0412\u0420\u042f\u0414\u0423\u0412\u0410\u041d\u041d\u042f \u0412 \u0421\u0422\u0418\u041c\u0423\u041b\u042e\u0412\u0410\u041d\u041d\u0406 \u0406\u041d\u0421\u0422\u0418\u0422\u0423\u0422\u0423 \u0414\u0415\u041c\u041e\u041a\u0420\u0410\u0422\u0418\u0427\u041d\u041e\u0413\u041e \u0413\u0420\u041e\u041c\u0410\u0414\u042f\u041d\u0421\u0422\u0412\u0410 \u0412 \u0423\u041a\u0420\u0410\u0407\u041d\u0406] <strong>69-74<\/strong><\/a><\/p>\n<p style=\"text-align: justify;\"><a style=\"color: #4a611f;\" href=\"https:\/\/eppd13.cz\/wp-content\/uploads\/2019\/2019-6-4\/14.pdf\" target=\"_blank\" rel=\"noopener noreferrer\"><em><strong>Islam Mohammad Mahamoud Almugheed,<\/strong> <\/em>AGENTS OF CHANGE IN THE PROCESSES OF DEMOCRATIZATION AND POLITICAL MODERNIZATION [<em><strong>\u0406\u0441\u043b\u0430\u043c \u041c\u043e\u0445\u0430\u043c\u043c\u0430\u0434 \u041c\u0430\u0445\u043c\u0443\u0434 \u0410\u043b\u043c\u0443\u0433\u0445\u0456\u0434,<\/strong><\/em> \u0410\u0413\u0415\u041d\u0422\u0418 \u0417\u041c\u0406\u041d \u0423 \u041f\u0420\u041e\u0426\u0415\u0421\u0410\u0425 \u0414\u0415\u041c\u041e\u041a\u0420\u0410\u0422\u0418\u0417\u0410\u0426\u0406\u0407 \u0422\u0410 \u041f\u041e\u041b\u0406\u0422\u0418\u0427\u041d\u041e\u0407 \u041c\u041e\u0414\u0415\u0420\u041d\u0406\u0417\u0410\u0426\u0406\u0407] <strong>75-79<\/strong><\/a><\/p>\n<p style=\"text-align: center;\">DIGITAL AND MEDIA DIMENSIONS OF SOCIAL AND POLITICAL DISCOURSE<\/p>\n<p style=\"text-align: justify;\"><a style=\"color: #4a611f;\" href=\"https:\/\/eppd13.cz\/wp-content\/uploads\/2019\/2019-6-4\/15.pdf\" target=\"_blank\" rel=\"noopener noreferrer\"><em><strong>Svitlana Matvi\u0456enkiv, Yuliia Kobets,<\/strong><\/em> SOCIAL NETWORKS AND PUBLIC MEDIA ORGANIZATIONS IN 2019 PRESIDENTIAL ELECTION CAMPAIGN [<em><strong>\u0421\u0432\u0456\u0442\u043b\u0430\u043d\u0430 \u041c\u0430\u0442\u0432\u0456\u0454\u043d\u043a\u0456\u0432, \u042e\u043b\u0456\u044f \u041a\u043e\u0431\u0435\u0446\u044c,<\/strong><\/em> \u0421\u041e\u0426\u0406\u0410\u041b\u042c\u041d\u0406 \u041c\u0415\u0420\u0415\u0416\u0406 \u0422\u0410 \u041c\u0415\u0414\u0406\u0419\u041d\u0406 \u0413\u0420\u041e\u041c\u0410\u0414\u0421\u042c\u041a\u0406 \u041e\u0420\u0413\u0410\u041d\u0406\u0417\u0410\u0426\u0406\u0407 \u0423 \u041f\u0420\u0415\u0417\u0418\u0414\u0415\u041d\u0422\u0421\u042c\u041a\u0406\u0419 \u0412\u0418\u0411\u041e\u0420\u0427\u0406\u0419 \u041a\u0410\u041c\u041f\u0410\u041d\u0406\u0407 2019 \u0420\u041e\u041a\u0423] <strong>80-87<\/strong><\/a><\/p>\n<p style=\"text-align: justify;\"><a style=\"color: #4a611f;\" href=\"https:\/\/eppd13.cz\/wp-content\/uploads\/2019\/2019-6-4\/16.pdf\" target=\"_blank\" rel=\"noopener noreferrer\"><em><strong>Bambang Suparno,<\/strong><\/em> HOAX IN DEMOCRACY STATE AND ITS PREVENTION WAY IN INDONESIAN 2019 PRESIDENTIAL ELECTION [<em><strong>\u0411\u0430\u043c\u0431\u0430\u043d\u0433 \u0421\u0443\u043f\u0430\u0440\u043d\u043e,<\/strong><\/em> \u0411\u0420\u0415\u0425\u041d\u042f \u0412 \u0414\u0415\u041c\u041e\u041a\u0420\u0410\u0422\u0418\u0427\u041d\u0406\u0419 \u0414\u0415\u0420\u0416\u0410\u0412\u0406 \u0422\u0410 \u0407\u0407 \u041f\u041e\u041f\u0415\u0420\u0415\u0414\u0416\u0415\u041d\u041d\u042f \u041f\u0406\u0414\u0427\u0410\u0421 \u041f\u0420\u0415\u0417\u0418\u0414\u0415\u041d\u0422\u0421\u042c\u041a\u0418\u0425 \u0412\u0418\u0411\u041e\u0420\u0406\u0412 2019 \u0420\u041e\u041a\u0423 \u0412 \u0406\u041d\u0414\u041e\u041d\u0415\u0417\u0406\u0407] <strong>88-92<\/strong><\/a><\/p>\n<p style=\"text-align: justify;\"><a style=\"color: #4a611f;\" href=\"https:\/\/eppd13.cz\/wp-content\/uploads\/2019\/2019-6-4\/17.pdf\" target=\"_blank\" rel=\"noopener noreferrer\"><em><strong>Veronika Kysil,<\/strong> <\/em>LES POSSIBILIT\u00c9S DE VULGARISATION DES SCIENCES DANS LES M\u00c9DIAS UKRAINIENS SELON LA MEILLEURE EXP\u00c9RIENCE MONDIALE [<em><strong>Veronika Kysil,<\/strong><\/em> SCIENCE POPULARIZATION IN UKRAINIAN MEDIA FOLLOWING THE BEST WORLD EXPERIENCE]\u00a0 [<em><strong>\u0412\u0435\u0440\u043e\u043d\u0456\u043a\u0430 \u041a\u0438\u0441\u0456\u043b\u044c,<\/strong><\/em> \u041f\u041e\u041f\u0423\u041b\u042f\u0420\u0406\u0417\u0410\u0426\u0406\u042f \u041d\u0410\u0423\u041a\u0418 \u0412 \u0423\u041a\u0420\u0410\u0407\u041d\u0421\u042c\u041a\u0418\u0425 \u0417\u041c\u0406: \u041d\u0410\u0421\u041b\u0406\u0414\u0423\u042e\u0427\u0418 \u041d\u0410\u0419\u041a\u0420\u0410\u0429\u0418\u0419 \u0421\u0412\u0406\u0422\u041e\u0412\u0418\u0419 \u0414\u041e\u0421\u0412\u0406\u0414] <strong>93-97<\/strong><\/a><\/p>\n<p style=\"text-align: justify;\"><a style=\"color: #4a611f;\" href=\"https:\/\/eppd13.cz\/wp-content\/uploads\/2019\/2019-6-4\/18.pdf\" target=\"_blank\" rel=\"noopener noreferrer\"><em><strong>Andrii Chornous,<\/strong><\/em> LEGAL REGULATION OF INSTITUTIONAL COMPONENTS OF NATIONAL INFORMATION INFRASTRUCTURE OF UKRAINE [<em><strong>\u0410\u043d\u0434\u0440\u0456\u0439 \u0427\u043e\u0440\u043d\u043e\u0443\u0441,<\/strong><\/em> \u041f\u0420\u0410\u0412\u041e\u0412\u0415 \u0420\u0415\u0413\u0423\u041b\u042e\u0412\u0410\u041d\u041d\u042f \u0406\u041d\u0421\u0422\u0418\u0422\u0423\u0426\u0406\u0419\u041d\u0418\u0425 \u041a\u041e\u041c\u041f\u041e\u041d\u0415\u041d\u0422\u0406\u0412 \u041d\u0410\u0426\u0406\u041e\u041d\u0410\u041b\u042c\u041d\u041e\u0407 \u0406\u041d\u0424\u041e\u0420\u041c\u0410\u0426\u0406\u0419\u041d\u041e\u0407 \u0406\u041d\u0424\u0420\u0410\u0421\u0422\u0420\u0423\u041a\u0422\u0423\u0420\u0418 \u0423\u041a\u0420\u0410\u0407\u041d\u0418] <strong>98-103<\/strong><\/a><\/p>\n<p style=\"text-align: center;\"><strong>PROBLEMS OF NATIONAL PUBLIC AND PRIVATE LAW<\/strong><\/p>\n<p style=\"text-align: justify;\"><a style=\"color: #4a611f;\" href=\"https:\/\/eppd13.cz\/wp-content\/uploads\/2019\/2019-6-4\/19.pdf\" target=\"_blank\" rel=\"noopener noreferrer\"><em><strong>Anastasiia Levchenko,<\/strong> <\/em>ADMINISTRATIVE INFORMATION OFFENSES IN THE ADVERTISING FIELD RELATED TO THE NEGATIVE IMPACT ON CHILDREN: THE CONCEPT AND IMMANENT PARAMETERS OF COMPOSITION [<em><strong>\u0410\u043d\u0430\u0441\u0442\u0430\u0441\u0456\u044f \u041b\u0435\u0432\u0447\u0435\u043d\u043a\u043e,<\/strong><\/em> \u0410\u0414\u041c\u0406\u041d\u0406\u0421\u0422\u0420\u0410\u0422\u0418\u0412\u041d\u0406 \u0406\u041d\u0424\u041e\u0420\u041c\u0410\u0426\u0406\u0419\u041d\u0406 \u041f\u0420\u0410\u0412\u041e\u041f\u041e\u0420\u0423\u0428\u0415\u041d\u041d\u042f \u0412 \u0413\u0410\u041b\u0423\u0417\u0406 \u0420\u0415\u041a\u041b\u0410\u041c\u0418, \u041f\u041e\u0412\u2019\u042f\u0417\u0410\u041d\u0406 \u0417 \u041d\u0415\u0413\u0410\u0422\u0418\u0412\u041d\u0418\u041c \u0406\u041d\u0424\u041e\u0420\u041c\u0410\u0426\u0406\u0419\u041d\u0418\u041c \u0412\u041f\u041b\u0418\u0412\u041e\u041c \u041d\u0410 \u0414\u0406\u0422\u0415\u0419: \u041f\u041e\u041d\u042f\u0422\u0422\u042f \u0422\u0410 \u041e\u0421\u041e\u0411\u041b\u0418\u0412\u041e\u0421\u0422\u0406 \u0421\u041a\u041b\u0410\u0414\u0406\u0412] <strong>104-112<\/strong><\/a><\/p>\n<p style=\"text-align: justify;\"><a style=\"color: #4a611f;\" href=\"https:\/\/eppd13.cz\/wp-content\/uploads\/2019\/2019-6-4\/20.pdf\" target=\"_blank\" rel=\"noopener noreferrer\"><em><strong>Ihor Drahan,<\/strong><\/em> PROBLEMATIC ISSUES OF REFORMING THE MECHANISM OF THE IMPLEMENTATION OF CRIMINAL LIABILITY IN UKRAINE IN THE CONTEXT OF EUROPEAN INTEGRATION POLICY [<em><strong>\u0406\u0433\u043e\u0440 \u0414\u0440\u0430\u0433\u0430\u043d,<\/strong><\/em> \u041f\u0420\u041e\u0411\u041b\u0415\u041c\u041d\u0406 \u041f\u0418\u0422\u0410\u041d\u041d\u042f \u0420\u0415\u0424\u041e\u0420\u041c\u0423\u0412\u0410\u041d\u041d\u042f \u041c\u0415\u0425\u0410\u041d\u0406\u0417\u041c\u0423 \u0420\u0415\u0410\u041b\u0406\u0417\u0410\u0426\u0406\u0407 \u041a\u0420\u0418\u041c\u0406\u041d\u0410\u041b\u042c\u041d\u041e\u0407 \u0412\u0406\u0414\u041f\u041e\u0412\u0406\u0414\u0410\u041b\u042c\u041d\u041e\u0421\u0422\u0406 \u0412 \u0423\u041a\u0420\u0410\u0407\u041d\u0406 \u0412 \u041a\u041e\u041d\u0422\u0415\u041a\u0421\u0422\u0406 \u041f\u041e\u041b\u0406\u0422\u0418\u041a\u0418 \u0404\u0412\u0420\u041e\u041f\u0415\u0419\u0421\u042c\u041a\u041e\u0407 \u0406\u041d\u0422\u0415\u0413\u0420\u0410\u0426\u0406\u0407] <strong>113-120<\/strong><\/a><\/p>\n<p style=\"text-align: justify;\"><a style=\"color: #4a611f;\" href=\"https:\/\/eppd13.cz\/wp-content\/uploads\/2019\/2019-6-4\/21.pdf\" target=\"_blank\" rel=\"noopener noreferrer\"><em><strong>Ilona Mishchenko,<\/strong> <\/em>CONSULTANCY ON STATE CUSTOMS AFFAIR: PROBLEM ASPECTS OF LEGAL REGULATION [<em><strong>\u0406\u043b\u043e\u043d\u0430 \u041c\u0456\u0449\u0435\u043d\u043a\u043e,<\/strong><\/em> \u041a\u041e\u041d\u0421\u0423\u041b\u042c\u0422\u0423\u0412\u0410\u041d\u041d\u042f \u0417 \u041f\u0418\u0422\u0410\u041d\u042c \u0414\u0415\u0420\u0416\u0410\u0412\u041d\u041e\u0407 \u041c\u0418\u0422\u041d\u041e\u0407 \u0421\u041f\u0420\u0410\u0412\u0418: \u041f\u0420\u041e\u0411\u041b\u0415\u041c\u041d\u0406 \u0410\u0421\u041f\u0415\u041a\u0422\u0418 \u041f\u0420\u0410\u0412\u041e\u0412\u041e\u0413\u041e \u0420\u0415\u0413\u0423\u041b\u042e\u0412\u0410\u041d\u041d\u042f] <strong>121-127<\/strong><\/a><\/p>\n<p style=\"text-align: justify;\"><a style=\"color: #4a611f;\" href=\"https:\/\/eppd13.cz\/wp-content\/uploads\/2019\/2019-6-4\/22.pdf\" target=\"_blank\" rel=\"noopener noreferrer\"><em><strong>Anastasiia Tertychna,<\/strong><\/em> THE PROBLEM OF DETERMINATION OF SUBSTANTIAL DAMAGE CONTENT IN PART THREE ARTICLE 382 OF THE CRIMINAL CODE OF UKRAINE \u00abNON-ENFORCEMENT OF A COURT DECISION\u00bb [<em><strong>\u0410\u043d\u0430\u0441\u0442\u0430\u0441\u0456\u044f \u0422\u0435\u0440\u0442\u0438\u0447\u043d\u0430,<\/strong> <\/em>\u041f\u0420\u041e\u0411\u041b\u0415\u041c\u0410 \u0412\u0418\u0417\u041d\u0410\u0427\u0415\u041d\u041d\u042f \u0417\u041c\u0406\u0421\u0422\u0423 \u0406\u0421\u0422\u041e\u0422\u041d\u041e\u0407 \u0428\u041a\u041e\u0414\u0418 \u0412 \u0427\u0410\u0421\u0422\u0418\u041d\u0406 \u0422\u0420\u0415\u0422\u0406\u0419 \u0421\u0422\u0410\u0422\u0422\u0406 382 \u041a\u0420\u0418\u041c\u0406\u041d\u0410\u041b\u042c\u041d\u041e\u0413\u041e \u041a\u041e\u0414\u0415\u041a\u0421\u0423 \u0423\u041a\u0420\u0410\u0407\u041d\u0418 \u00ab\u041d\u0415\u0412\u0418\u041a\u041e\u041d\u0410\u041d\u041d\u042f \u0421\u0423\u0414\u041e\u0412\u041e\u0413\u041e \u0420\u0406\u0428\u0415\u041d\u041d\u042f\u00bb] <strong>128-138<\/strong><\/a><\/p>\n","protected":false},"excerpt":{"rendered":"<p>European Political and Law Discourse, 2019, Volume 6, Issue 4 Title Table of contents INTERNATIONAL LAW AND INTERNATIONAL RELATIONS Victoriia Demchyshyna, LEGAL ASPECTS FOR REGULAR MIGRATION IN THE EUROPEAN UNION [\u0412\u0456\u043a\u0442\u043e\u0440\u0456\u044f \u0414\u0435\u043c\u0447\u0438\u0448\u0438\u043d\u0430, \u041f\u0420\u0410\u0412\u041e\u0412\u0406 \u0417\u0410\u0421\u0410\u0414\u0418 \u041b\u0415\u0413\u0410\u041b\u042c\u041d\u041e\u0407 \u041c\u0406\u0413\u0420\u0410\u0426\u0406\u0407 \u0412 \u0404\u0412\u0420\u041e\u041f\u0415\u0419\u0421\u042c\u041a\u041e\u041c\u0423 \u0421\u041e\u042e\u0417\u0406] 6-9 Anna Korshun, THE ROLE OF NATIONAL AND INTERNATIONAL INSTITUTIONS IN&#8230; <a class=\"continue-reading-link\" href=\"https:\/\/eppd13.cz\/?page_id=1515\"> Continue reading <span class=\"meta-nav\">&rarr; <\/span><\/a><\/p>\n","protected":false},"author":1,"featured_media":0,"parent":105,"menu_order":34,"comment_status":"closed","ping_status":"closed","template":"","meta":{"footnotes":""},"class_list":["post-1515","page","type-page","status-publish","hentry"],"_links":{"self":[{"href":"https:\/\/eppd13.cz\/index.php?rest_route=\/wp\/v2\/pages\/1515","targetHints":{"allow":["GET"]}}],"collection":[{"href":"https:\/\/eppd13.cz\/index.php?rest_route=\/wp\/v2\/pages"}],"about":[{"href":"https:\/\/eppd13.cz\/index.php?rest_route=\/wp\/v2\/types\/page"}],"author":[{"embeddable":true,"href":"https:\/\/eppd13.cz\/index.php?rest_route=\/wp\/v2\/users\/1"}],"replies":[{"embeddable":true,"href":"https:\/\/eppd13.cz\/index.php?rest_route=%2Fwp%2Fv2%2Fcomments&post=1515"}],"version-history":[{"count":1,"href":"https:\/\/eppd13.cz\/index.php?rest_route=\/wp\/v2\/pages\/1515\/revisions"}],"predecessor-version":[{"id":1516,"href":"https:\/\/eppd13.cz\/index.php?rest_route=\/wp\/v2\/pages\/1515\/revisions\/1516"}],"up":[{"embeddable":true,"href":"https:\/\/eppd13.cz\/index.php?rest_route=\/wp\/v2\/pages\/105"}],"wp:attachment":[{"href":"https:\/\/eppd13.cz\/index.php?rest_route=%2Fwp%2Fv2%2Fmedia&parent=1515"}],"curies":[{"name":"wp","href":"https:\/\/api.w.org\/{rel}","templated":true}]}}